{"id":8872,"date":"2025-09-14T21:38:41","date_gmt":"2025-09-14T20:38:41","guid":{"rendered":"https:\/\/trakesh.com\/?post_type=product&#038;p=8872"},"modified":"2025-11-22T17:16:25","modified_gmt":"2025-11-22T16:16:25","slug":"ref-812712061644-410-330-600","status":"publish","type":"product","link":"https:\/\/trakesh.com\/ar\/notre-boutique\/man\/ref-812712061644-410-330-600\/","title":{"rendered":"REF : 4410330600"},"content":{"rendered":"<p><strong>Description : Capteur de vitesse ABS\/EBS d\u2019origine WABCO<\/strong><\/p>","protected":false},"excerpt":{"rendered":"<p data-start=\"269\" data-end=\"321\"><strong data-start=\"272\" data-end=\"279\">Nom<\/strong> : <strong data-start=\"282\" data-end=\"319\">Capteur de vitesse \/ Speed Sensor<\/strong><\/p>\n<p data-start=\"323\" data-end=\"347\">\ud83d\udd39 <strong data-start=\"326\" data-end=\"343\">Compatibilit\u00e9<\/strong> :<\/p>\n<ul data-start=\"348\" data-end=\"520\">\n<li data-start=\"348\" data-end=\"392\">\n<p data-start=\"350\" data-end=\"392\">Convient aux syst\u00e8mes <strong data-start=\"372\" data-end=\"389\">ABS\/EBS WABCO<\/strong>.<\/p>\n<\/li>\n<li data-start=\"393\" data-end=\"520\">\n<p data-start=\"395\" data-end=\"520\">Applications sur camions, bus et remorques des marques : <strong data-start=\"452\" data-end=\"517\">DAF, IVECO, MAN, MERCEDES-BENZ, RENAULT TRUCKS, SCANIA, VOLVO<\/strong>.<\/p>\n<\/li>\n<\/ul>\n<p data-start=\"522\" data-end=\"541\">\ud83d\udd39 <strong data-start=\"525\" data-end=\"537\">Fonction<\/strong> :<\/p>\n<ul data-start=\"542\" data-end=\"724\">\n<li data-start=\"542\" data-end=\"588\">\n<p data-start=\"544\" data-end=\"588\">D\u00e9tecte la vitesse de rotation de la roue.<\/p>\n<\/li>\n<li data-start=\"589\" data-end=\"656\">\n<p data-start=\"591\" data-end=\"656\">Transmet le signal \u00e9lectrique vers l\u2019unit\u00e9 de commande ABS\/EBS.<\/p>\n<\/li>\n<li data-start=\"657\" data-end=\"724\">\n<p data-start=\"659\" data-end=\"724\">Permet de r\u00e9guler le freinage et d\u2019\u00e9viter le blocage des roues.<\/p>\n<\/li>\n<\/ul>\n<p data-start=\"726\" data-end=\"749\">\ud83d\udd39 <strong data-start=\"729\" data-end=\"745\">Applications<\/strong> :<\/p>\n<ul data-start=\"750\" data-end=\"939\">\n<li data-start=\"750\" data-end=\"797\">\n<p data-start=\"752\" data-end=\"797\">Syst\u00e8mes <strong data-start=\"761\" data-end=\"768\">ABS<\/strong> (Anti-lock Braking System)<\/p>\n<\/li>\n<li data-start=\"798\" data-end=\"846\">\n<p data-start=\"800\" data-end=\"846\">Syst\u00e8mes <strong data-start=\"809\" data-end=\"816\">EBS<\/strong> (Electronic Braking System)<\/p>\n<\/li>\n<li data-start=\"847\" data-end=\"939\">\n<p data-start=\"849\" data-end=\"939\">Utilis\u00e9 sur v\u00e9hicules industriels : <strong data-start=\"885\" data-end=\"936\">poids lourds, autobus, autocars, semi-remorques<\/strong>.<\/p>\n<\/li>\n<\/ul>\n<p data-start=\"941\" data-end=\"964\">\ud83d\udd39 <strong data-start=\"944\" data-end=\"960\">Installation<\/strong> :<\/p>\n<ol data-start=\"965\" data-end=\"1296\">\n<li data-start=\"965\" data-end=\"1006\">\n<p data-start=\"968\" data-end=\"1006\">Retirer l\u2019ancien capteur de vitesse.<\/p>\n<\/li>\n<li data-start=\"1007\" data-end=\"1065\">\n<p data-start=\"1010\" data-end=\"1065\">Nettoyer l\u2019emplacement de montage au niveau du moyeu.<\/p>\n<\/li>\n<li data-start=\"1066\" data-end=\"1124\">\n<p data-start=\"1069\" data-end=\"1124\">Monter le capteur WABCO <strong data-start=\"1093\" data-end=\"1121\">812712061644 \/ 410330600<\/strong>.<\/p>\n<\/li>\n<li data-start=\"1125\" data-end=\"1164\">\n<p data-start=\"1128\" data-end=\"1164\">Brancher le connecteur \u00e9lectrique.<\/p>\n<\/li>\n<li data-start=\"1165\" data-end=\"1227\">\n<p data-start=\"1168\" data-end=\"1227\">V\u00e9rifier l\u2019espace entre capteur et bague cible (air gap).<\/p>\n<\/li>\n<li data-start=\"1228\" data-end=\"1296\">\n<p data-start=\"1231\" data-end=\"1296\">Tester le syst\u00e8me ABS\/EBS pour s\u2019assurer du bon fonctionnement.<\/p>\n<\/li>\n<\/ol>\n<hr data-start=\"1298\" data-end=\"1301\" \/>\n<p data-start=\"1303\" data-end=\"1323\">\u2699\ufe0f <strong data-start=\"1306\" data-end=\"1319\">Avantages<\/strong> :<\/p>\n<ul data-start=\"1324\" data-end=\"1500\">\n<li data-start=\"1324\" data-end=\"1361\">\n<p data-start=\"1326\" data-end=\"1361\">Am\u00e9liore la s\u00e9curit\u00e9 du freinage.<\/p>\n<\/li>\n<li data-start=\"1362\" data-end=\"1435\">\n<p data-start=\"1364\" data-end=\"1435\">Assure la compatibilit\u00e9 parfaite avec les calculateurs ABS\/EBS WABCO.<\/p>\n<\/li>\n<li data-start=\"1436\" data-end=\"1500\">\n<p data-start=\"1438\" data-end=\"1500\">Pi\u00e8ce d\u2019origine \u2192 longue dur\u00e9e de vie et performance fiable.<\/p>\n<\/li>\n<\/ul>\n<hr data-start=\"1502\" data-end=\"1505\" \/>\n<p data-start=\"1507\" data-end=\"1600\" data-is-last-node=\"\" data-is-only-node=\"\">","protected":false},"featured_media":9651,"comment_status":"open","ping_status":"closed","template":"","meta":[],"product_brand":[77],"product_cat":[76],"product_tag":[],"class_list":{"0":"post-8872","1":"product","2":"type-product","3":"status-publish","4":"has-post-thumbnail","6":"product_brand-wbc","7":"product_cat-man","9":"first","10":"instock","11":"shipping-taxable","12":"product-type-simple"},"yoast_head":"<!-- This site is optimized with the Yoast SEO plugin v25.5 - https:\/\/yoast.com\/wordpress\/plugins\/seo\/ -->\n<title>REF : 4410330600 - TRAKECH PARTS<\/title>\n<meta name=\"robots\" content=\"index, follow, max-snippet:-1, max-image-preview:large, max-video-preview:-1\" \/>\n<link rel=\"canonical\" href=\"https:\/\/trakesh.com\/ar\/notre-boutique\/man\/ref-812712061644-410-330-600\/\" \/>\n<meta property=\"og:locale\" content=\"ar_AR\" \/>\n<meta property=\"og:type\" content=\"article\" \/>\n<meta property=\"og:title\" content=\"REF : 4410330600 - TRAKECH PARTS\" \/>\n<meta property=\"og:description\" content=\"Nom : Capteur de vitesse \/ Speed Sensor \ud83d\udd39 Compatibilit\u00e9 :     Convient aux syst\u00e8mes ABS\/EBS WABCO.    Applications sur camions, bus et remorques des marques : DAF, IVECO, MAN, MERCEDES-BENZ, RENAULT TRUCKS, SCANIA, VOLVO.   \ud83d\udd39 Fonction :     D\u00e9tecte la vitesse de rotation de la roue.    Transmet le signal \u00e9lectrique vers l\u2019unit\u00e9 de commande ABS\/EBS.    Permet de r\u00e9guler le freinage et d\u2019\u00e9viter le blocage des roues.   \ud83d\udd39 Applications :     Syst\u00e8mes ABS (Anti-lock Braking System)    Syst\u00e8mes EBS (Electronic Braking System)    Utilis\u00e9 sur v\u00e9hicules industriels : poids lourds, autobus, autocars, semi-remorques.   \ud83d\udd39 Installation :     Retirer l\u2019ancien capteur de vitesse.    Nettoyer l\u2019emplacement de montage au niveau du moyeu.    Monter le capteur WABCO 812712061644 \/ 410330600.    Brancher le connecteur \u00e9lectrique.    V\u00e9rifier l\u2019espace entre capteur et bague cible (air gap).    Tester le syst\u00e8me ABS\/EBS pour s\u2019assurer du bon fonctionnement.     \u2699\ufe0f Avantages :     Am\u00e9liore la s\u00e9curit\u00e9 du freinage.    Assure la compatibilit\u00e9 parfaite avec les calculateurs ABS\/EBS WABCO.    Pi\u00e8ce d\u2019origine \u2192 longue dur\u00e9e de vie et performance fiable.\" \/>\n<meta property=\"og:url\" content=\"https:\/\/trakesh.com\/ar\/notre-boutique\/man\/ref-812712061644-410-330-600\/\" \/>\n<meta property=\"og:site_name\" content=\"TRAKECH PARTS\" \/>\n<meta property=\"article:publisher\" content=\"https:\/\/web.facebook.com\/trakechparts\/?locale=fr_FR\" \/>\n<meta property=\"article:modified_time\" content=\"2025-11-22T16:16:25+00:00\" \/>\n<meta property=\"og:image\" content=\"https:\/\/trakesh.com\/wp-content\/uploads\/2025\/09\/MA-2025-11-22T171415.533.png\" \/>\n\t<meta property=\"og:image:width\" content=\"800\" \/>\n\t<meta property=\"og:image:height\" content=\"800\" \/>\n\t<meta property=\"og:image:type\" content=\"image\/png\" \/>\n<meta name=\"twitter:card\" content=\"summary_large_image\" \/>\n<meta name=\"twitter:label1\" content=\"\u0648\u0642\u062a \u0627\u0644\u0642\u0631\u0627\u0621\u0629 \u0627\u0644\u0645\u064f\u0642\u062f\u0651\u0631\" \/>\n\t<meta name=\"twitter:data1\" content=\"\u062f\u0642\u064a\u0642\u0629 \u0648\u0627\u062d\u062f\u0629\" \/>\n<script type=\"application\/ld+json\" class=\"yoast-schema-graph\">{\"@context\":\"https:\/\/schema.org\",\"@graph\":[{\"@type\":\"WebPage\",\"@id\":\"https:\/\/trakesh.com\/notre-boutique\/man\/ref-812712061644-410-330-600\/\",\"url\":\"https:\/\/trakesh.com\/notre-boutique\/man\/ref-812712061644-410-330-600\/\",\"name\":\"REF : 4410330600 - TRAKECH PARTS\",\"isPartOf\":{\"@id\":\"https:\/\/trakesh.com\/#website\"},\"primaryImageOfPage\":{\"@id\":\"https:\/\/trakesh.com\/notre-boutique\/man\/ref-812712061644-410-330-600\/#primaryimage\"},\"image\":{\"@id\":\"https:\/\/trakesh.com\/notre-boutique\/man\/ref-812712061644-410-330-600\/#primaryimage\"},\"thumbnailUrl\":\"https:\/\/trakesh.com\/wp-content\/uploads\/2025\/09\/MA-2025-11-22T171415.533.png\",\"datePublished\":\"2025-09-14T20:38:41+00:00\",\"dateModified\":\"2025-11-22T16:16:25+00:00\",\"breadcrumb\":{\"@id\":\"https:\/\/trakesh.com\/notre-boutique\/man\/ref-812712061644-410-330-600\/#breadcrumb\"},\"inLanguage\":\"ar\",\"potentialAction\":[{\"@type\":\"ReadAction\",\"target\":[\"https:\/\/trakesh.com\/notre-boutique\/man\/ref-812712061644-410-330-600\/\"]}]},{\"@type\":\"ImageObject\",\"inLanguage\":\"ar\",\"@id\":\"https:\/\/trakesh.com\/notre-boutique\/man\/ref-812712061644-410-330-600\/#primaryimage\",\"url\":\"https:\/\/trakesh.com\/wp-content\/uploads\/2025\/09\/MA-2025-11-22T171415.533.png\",\"contentUrl\":\"https:\/\/trakesh.com\/wp-content\/uploads\/2025\/09\/MA-2025-11-22T171415.533.png\",\"width\":800,\"height\":800},{\"@type\":\"BreadcrumbList\",\"@id\":\"https:\/\/trakesh.com\/notre-boutique\/man\/ref-812712061644-410-330-600\/#breadcrumb\",\"itemListElement\":[{\"@type\":\"ListItem\",\"position\":1,\"name\":\"Home\",\"item\":\"https:\/\/trakesh.com\/\"},{\"@type\":\"ListItem\",\"position\":2,\"name\":\"Notre Boutique\",\"item\":\"https:\/\/trakesh.com\/notre-boutique\/\"},{\"@type\":\"ListItem\",\"position\":3,\"name\":\"REF : 4410330600\"}]},{\"@type\":\"WebSite\",\"@id\":\"https:\/\/trakesh.com\/#website\",\"url\":\"https:\/\/trakesh.com\/\",\"name\":\"TRAKECH PARTS\",\"description\":\"Pi\u00e8ces de rechange pour camions MAN, moteurs CATERPILLAR et PERKINS \u2013 Maroc\",\"publisher\":{\"@id\":\"https:\/\/trakesh.com\/#organization\"},\"potentialAction\":[{\"@type\":\"SearchAction\",\"target\":{\"@type\":\"EntryPoint\",\"urlTemplate\":\"https:\/\/trakesh.com\/?s={search_term_string}\"},\"query-input\":{\"@type\":\"PropertyValueSpecification\",\"valueRequired\":true,\"valueName\":\"search_term_string\"}}],\"inLanguage\":\"ar\"},{\"@type\":\"Organization\",\"@id\":\"https:\/\/trakesh.com\/#organization\",\"name\":\"TRAKECH PARTS\",\"url\":\"https:\/\/trakesh.com\/\",\"logo\":{\"@type\":\"ImageObject\",\"inLanguage\":\"ar\",\"@id\":\"https:\/\/trakesh.com\/#\/schema\/logo\/image\/\",\"url\":\"https:\/\/trakesh.com\/wp-content\/uploads\/2025\/05\/cropped-cropped-cropped-cropped-cropped-cropped-cropped-trakesh-removebg-preview-1.png\",\"contentUrl\":\"https:\/\/trakesh.com\/wp-content\/uploads\/2025\/05\/cropped-cropped-cropped-cropped-cropped-cropped-cropped-trakesh-removebg-preview-1.png\",\"width\":342,\"height\":96,\"caption\":\"TRAKECH PARTS\"},\"image\":{\"@id\":\"https:\/\/trakesh.com\/#\/schema\/logo\/image\/\"},\"sameAs\":[\"https:\/\/web.facebook.com\/trakechparts\/?locale=fr_FR\",\"https:\/\/www.instagram.com\/trakech_parts\/\"]}]}<\/script>\n<!-- \/ Yoast SEO plugin. -->","yoast_head_json":{"title":"REF : 4410330600 - TRAKECH PARTS","robots":{"index":"index","follow":"follow","max-snippet":"max-snippet:-1","max-image-preview":"max-image-preview:large","max-video-preview":"max-video-preview:-1"},"canonical":"https:\/\/trakesh.com\/ar\/notre-boutique\/man\/ref-812712061644-410-330-600\/","og_locale":"ar_AR","og_type":"article","og_title":"REF : 4410330600 - TRAKECH PARTS","og_description":"Nom : Capteur de vitesse \/ Speed Sensor \ud83d\udd39 Compatibilit\u00e9 :     Convient aux syst\u00e8mes ABS\/EBS WABCO.    Applications sur camions, bus et remorques des marques : DAF, IVECO, MAN, MERCEDES-BENZ, RENAULT TRUCKS, SCANIA, VOLVO.   \ud83d\udd39 Fonction :     D\u00e9tecte la vitesse de rotation de la roue.    Transmet le signal \u00e9lectrique vers l\u2019unit\u00e9 de commande ABS\/EBS.    Permet de r\u00e9guler le freinage et d\u2019\u00e9viter le blocage des roues.   \ud83d\udd39 Applications :     Syst\u00e8mes ABS (Anti-lock Braking System)    Syst\u00e8mes EBS (Electronic Braking System)    Utilis\u00e9 sur v\u00e9hicules industriels : poids lourds, autobus, autocars, semi-remorques.   \ud83d\udd39 Installation :     Retirer l\u2019ancien capteur de vitesse.    Nettoyer l\u2019emplacement de montage au niveau du moyeu.    Monter le capteur WABCO 812712061644 \/ 410330600.    Brancher le connecteur \u00e9lectrique.    V\u00e9rifier l\u2019espace entre capteur et bague cible (air gap).    Tester le syst\u00e8me ABS\/EBS pour s\u2019assurer du bon fonctionnement.     \u2699\ufe0f Avantages :     Am\u00e9liore la s\u00e9curit\u00e9 du freinage.    Assure la compatibilit\u00e9 parfaite avec les calculateurs ABS\/EBS WABCO.    Pi\u00e8ce d\u2019origine \u2192 longue dur\u00e9e de vie et performance fiable.","og_url":"https:\/\/trakesh.com\/ar\/notre-boutique\/man\/ref-812712061644-410-330-600\/","og_site_name":"TRAKECH PARTS","article_publisher":"https:\/\/web.facebook.com\/trakechparts\/?locale=fr_FR","article_modified_time":"2025-11-22T16:16:25+00:00","og_image":[{"width":800,"height":800,"url":"https:\/\/trakesh.com\/wp-content\/uploads\/2025\/09\/MA-2025-11-22T171415.533.png","type":"image\/png"}],"twitter_card":"summary_large_image","twitter_misc":{"\u0648\u0642\u062a \u0627\u0644\u0642\u0631\u0627\u0621\u0629 \u0627\u0644\u0645\u064f\u0642\u062f\u0651\u0631":"\u062f\u0642\u064a\u0642\u0629 \u0648\u0627\u062d\u062f\u0629"},"schema":{"@context":"https:\/\/schema.org","@graph":[{"@type":"WebPage","@id":"https:\/\/trakesh.com\/notre-boutique\/man\/ref-812712061644-410-330-600\/","url":"https:\/\/trakesh.com\/notre-boutique\/man\/ref-812712061644-410-330-600\/","name":"REF : 4410330600 - TRAKECH PARTS","isPartOf":{"@id":"https:\/\/trakesh.com\/#website"},"primaryImageOfPage":{"@id":"https:\/\/trakesh.com\/notre-boutique\/man\/ref-812712061644-410-330-600\/#primaryimage"},"image":{"@id":"https:\/\/trakesh.com\/notre-boutique\/man\/ref-812712061644-410-330-600\/#primaryimage"},"thumbnailUrl":"https:\/\/trakesh.com\/wp-content\/uploads\/2025\/09\/MA-2025-11-22T171415.533.png","datePublished":"2025-09-14T20:38:41+00:00","dateModified":"2025-11-22T16:16:25+00:00","breadcrumb":{"@id":"https:\/\/trakesh.com\/notre-boutique\/man\/ref-812712061644-410-330-600\/#breadcrumb"},"inLanguage":"ar","potentialAction":[{"@type":"ReadAction","target":["https:\/\/trakesh.com\/notre-boutique\/man\/ref-812712061644-410-330-600\/"]}]},{"@type":"ImageObject","inLanguage":"ar","@id":"https:\/\/trakesh.com\/notre-boutique\/man\/ref-812712061644-410-330-600\/#primaryimage","url":"https:\/\/trakesh.com\/wp-content\/uploads\/2025\/09\/MA-2025-11-22T171415.533.png","contentUrl":"https:\/\/trakesh.com\/wp-content\/uploads\/2025\/09\/MA-2025-11-22T171415.533.png","width":800,"height":800},{"@type":"BreadcrumbList","@id":"https:\/\/trakesh.com\/notre-boutique\/man\/ref-812712061644-410-330-600\/#breadcrumb","itemListElement":[{"@type":"ListItem","position":1,"name":"Home","item":"https:\/\/trakesh.com\/"},{"@type":"ListItem","position":2,"name":"Notre Boutique","item":"https:\/\/trakesh.com\/notre-boutique\/"},{"@type":"ListItem","position":3,"name":"REF : 4410330600"}]},{"@type":"WebSite","@id":"https:\/\/trakesh.com\/#website","url":"https:\/\/trakesh.com\/","name":"TRAKECH PARTS","description":"Pi\u00e8ces de rechange pour camions MAN, moteurs CATERPILLAR et PERKINS \u2013 Maroc","publisher":{"@id":"https:\/\/trakesh.com\/#organization"},"potentialAction":[{"@type":"SearchAction","target":{"@type":"EntryPoint","urlTemplate":"https:\/\/trakesh.com\/?s={search_term_string}"},"query-input":{"@type":"PropertyValueSpecification","valueRequired":true,"valueName":"search_term_string"}}],"inLanguage":"ar"},{"@type":"Organization","@id":"https:\/\/trakesh.com\/#organization","name":"TRAKECH PARTS","url":"https:\/\/trakesh.com\/","logo":{"@type":"ImageObject","inLanguage":"ar","@id":"https:\/\/trakesh.com\/#\/schema\/logo\/image\/","url":"https:\/\/trakesh.com\/wp-content\/uploads\/2025\/05\/cropped-cropped-cropped-cropped-cropped-cropped-cropped-trakesh-removebg-preview-1.png","contentUrl":"https:\/\/trakesh.com\/wp-content\/uploads\/2025\/05\/cropped-cropped-cropped-cropped-cropped-cropped-cropped-trakesh-removebg-preview-1.png","width":342,"height":96,"caption":"TRAKECH PARTS"},"image":{"@id":"https:\/\/trakesh.com\/#\/schema\/logo\/image\/"},"sameAs":["https:\/\/web.facebook.com\/trakechparts\/?locale=fr_FR","https:\/\/www.instagram.com\/trakech_parts\/"]}]}},"_links":{"self":[{"href":"https:\/\/trakesh.com\/ar\/wp-json\/wp\/v2\/product\/8872","targetHints":{"allow":["GET"]}}],"collection":[{"href":"https:\/\/trakesh.com\/ar\/wp-json\/wp\/v2\/product"}],"about":[{"href":"https:\/\/trakesh.com\/ar\/wp-json\/wp\/v2\/types\/product"}],"replies":[{"embeddable":true,"href":"https:\/\/trakesh.com\/ar\/wp-json\/wp\/v2\/comments?post=8872"}],"wp:featuredmedia":[{"embeddable":true,"href":"https:\/\/trakesh.com\/ar\/wp-json\/wp\/v2\/media\/9651"}],"wp:attachment":[{"href":"https:\/\/trakesh.com\/ar\/wp-json\/wp\/v2\/media?parent=8872"}],"wp:term":[{"taxonomy":"product_brand","embeddable":true,"href":"https:\/\/trakesh.com\/ar\/wp-json\/wp\/v2\/product_brand?post=8872"},{"taxonomy":"product_cat","embeddable":true,"href":"https:\/\/trakesh.com\/ar\/wp-json\/wp\/v2\/product_cat?post=8872"},{"taxonomy":"product_tag","embeddable":true,"href":"https:\/\/trakesh.com\/ar\/wp-json\/wp\/v2\/product_tag?post=8872"}],"curies":[{"name":"wp","href":"https:\/\/api.w.org\/{rel}","templated":true}]}}