{"id":8874,"date":"2025-09-14T21:48:01","date_gmt":"2025-09-14T20:48:01","guid":{"rendered":"https:\/\/trakesh.com\/?post_type=product&#038;p=8874"},"modified":"2025-11-22T18:06:56","modified_gmt":"2025-11-22T17:06:56","slug":"ref-9730110000","status":"publish","type":"product","link":"https:\/\/trakesh.com\/ar\/notre-boutique\/iveco\/ref-9730110000\/","title":{"rendered":"REF : 9730110000"},"content":{"rendered":"<p><strong>\ud83d\udd39 Description : Soupape relais pneumatique WABCO, utilis\u00e9e dans les syst\u00e8mes de freinage \u00e0 air comprim\u00e9.<\/strong><\/p>","protected":false},"excerpt":{"rendered":"<p data-start=\"278\" data-end=\"325\">\ud83d\udd39 <strong data-start=\"281\" data-end=\"288\">Nom<\/strong> : <strong data-start=\"291\" data-end=\"323\">Soupape relais \/ Relay Valve<\/strong><\/p>\n<p data-start=\"327\" data-end=\"351\">\ud83d\udd39 <strong data-start=\"330\" data-end=\"347\">Compatibilit\u00e9<\/strong> :<\/p>\n<ul data-start=\"352\" data-end=\"517\">\n<li data-start=\"352\" data-end=\"453\">\n<p data-start=\"354\" data-end=\"453\">V\u00e9hicules industriels lourds : <strong data-start=\"385\" data-end=\"450\">DAF, IVECO, MAN, MERCEDES-BENZ, RENAULT TRUCKS, SCANIA, VOLVO<\/strong>.<\/p>\n<\/li>\n<li data-start=\"454\" data-end=\"517\">\n<p data-start=\"456\" data-end=\"517\">Convient aux syst\u00e8mes de freinage \u00e0 air standardis\u00e9s WABCO.<\/p>\n<\/li>\n<\/ul>\n<p data-start=\"519\" data-end=\"538\">\ud83d\udd39 <strong data-start=\"522\" data-end=\"534\">Fonction<\/strong> :<\/p>\n<ul data-start=\"539\" data-end=\"783\">\n<li data-start=\"539\" data-end=\"618\">\n<p data-start=\"541\" data-end=\"618\">Transmet et amplifie le signal pneumatique provenant de la p\u00e9dale de frein.<\/p>\n<\/li>\n<li data-start=\"619\" data-end=\"714\">\n<p data-start=\"621\" data-end=\"714\">Assure une distribution rapide et \u00e9quilibr\u00e9e de l\u2019air comprim\u00e9 vers les cylindres de frein.<\/p>\n<\/li>\n<li data-start=\"715\" data-end=\"783\">\n<p data-start=\"717\" data-end=\"783\">R\u00e9duit le temps de r\u00e9ponse et am\u00e9liore l\u2019efficacit\u00e9 du freinage.<\/p>\n<\/li>\n<\/ul>\n<p data-start=\"785\" data-end=\"808\">\ud83d\udd39 <strong data-start=\"788\" data-end=\"804\">Applications<\/strong> :<\/p>\n<ul data-start=\"809\" data-end=\"932\">\n<li data-start=\"809\" data-end=\"854\">\n<p data-start=\"811\" data-end=\"854\">Syst\u00e8mes de freinage pneumatique ABS\/EBS.<\/p>\n<\/li>\n<li data-start=\"855\" data-end=\"932\">\n<p data-start=\"857\" data-end=\"932\">Utilis\u00e9 sur <strong data-start=\"869\" data-end=\"929\">poids lourds, bus, autocars, remorques et semi-remorques<\/strong>.<\/p>\n<\/li>\n<\/ul>\n<p data-start=\"934\" data-end=\"957\">\ud83d\udd39 <strong data-start=\"937\" data-end=\"953\">Installation<\/strong> :<\/p>\n<ol data-start=\"958\" data-end=\"1240\">\n<li data-start=\"958\" data-end=\"1053\">\n<p data-start=\"961\" data-end=\"1053\">Monter la soupape relais sur le ch\u00e2ssis du v\u00e9hicule conform\u00e9ment aux sp\u00e9cifications WABCO.<\/p>\n<\/li>\n<li data-start=\"1054\" data-end=\"1122\">\n<p data-start=\"1057\" data-end=\"1122\">Raccorder les conduites d\u2019air (alimentation, commande, sortie).<\/p>\n<\/li>\n<li data-start=\"1123\" data-end=\"1163\">\n<p data-start=\"1126\" data-end=\"1163\">V\u00e9rifier l\u2019\u00e9tanch\u00e9it\u00e9 des raccords.<\/p>\n<\/li>\n<li data-start=\"1164\" data-end=\"1240\">\n<p data-start=\"1167\" data-end=\"1240\">Tester le syst\u00e8me de freinage pour s\u2019assurer du fonctionnement correct.<\/p>\n<\/li>\n<\/ol>\n<hr data-start=\"1242\" data-end=\"1245\" \/>\n<p data-start=\"1247\" data-end=\"1267\">\u2699\ufe0f <strong data-start=\"1250\" data-end=\"1263\">Avantages<\/strong> :<\/p>\n<ul data-start=\"1268\" data-end=\"1426\">\n<li data-start=\"1268\" data-end=\"1316\">\n<p data-start=\"1270\" data-end=\"1316\">Temps de r\u00e9ponse rapide \u2192 freinage plus s\u00fbr.<\/p>\n<\/li>\n<li data-start=\"1317\" data-end=\"1364\">\n<p data-start=\"1319\" data-end=\"1364\">Distribution uniforme de la pression d\u2019air.<\/p>\n<\/li>\n<li data-start=\"1365\" data-end=\"1426\">\n<p data-start=\"1367\" data-end=\"1426\">Pi\u00e8ce d\u2019origine WABCO \u2192 fiabilit\u00e9 et longue dur\u00e9e de vie.<\/p>\n<\/li>\n<\/ul>","protected":false},"featured_media":9661,"comment_status":"open","ping_status":"closed","template":"","meta":[],"product_brand":[77],"product_cat":[73,61,76,75,74,72,70],"product_tag":[],"class_list":{"0":"post-8874","1":"product","2":"type-product","3":"status-publish","4":"has-post-thumbnail","6":"product_brand-wbc","7":"product_cat-daf","8":"product_cat-iveco","9":"product_cat-man","10":"product_cat-mrc","11":"product_cat-rvi","12":"product_cat-scania","13":"product_cat-vlv","15":"first","16":"instock","17":"shipping-taxable","18":"product-type-simple"},"yoast_head":"<!-- This site is optimized with the Yoast SEO plugin v25.5 - https:\/\/yoast.com\/wordpress\/plugins\/seo\/ -->\n<title>REF : 9730110000 - TRAKECH PARTS<\/title>\n<meta name=\"robots\" content=\"index, follow, max-snippet:-1, max-image-preview:large, max-video-preview:-1\" \/>\n<link rel=\"canonical\" href=\"https:\/\/trakesh.com\/ar\/notre-boutique\/iveco\/ref-9730110000\/\" \/>\n<meta property=\"og:locale\" content=\"ar_AR\" \/>\n<meta property=\"og:type\" content=\"article\" \/>\n<meta property=\"og:title\" content=\"REF : 9730110000 - TRAKECH PARTS\" \/>\n<meta property=\"og:description\" content=\"\ud83d\udd39 Nom : Soupape relais \/ Relay Valve \ud83d\udd39 Compatibilit\u00e9 :     V\u00e9hicules industriels lourds : DAF, IVECO, MAN, MERCEDES-BENZ, RENAULT TRUCKS, SCANIA, VOLVO.    Convient aux syst\u00e8mes de freinage \u00e0 air standardis\u00e9s WABCO.   \ud83d\udd39 Fonction :     Transmet et amplifie le signal pneumatique provenant de la p\u00e9dale de frein.    Assure une distribution rapide et \u00e9quilibr\u00e9e de l\u2019air comprim\u00e9 vers les cylindres de frein.    R\u00e9duit le temps de r\u00e9ponse et am\u00e9liore l\u2019efficacit\u00e9 du freinage.   \ud83d\udd39 Applications :     Syst\u00e8mes de freinage pneumatique ABS\/EBS.    Utilis\u00e9 sur poids lourds, bus, autocars, remorques et semi-remorques.   \ud83d\udd39 Installation :     Monter la soupape relais sur le ch\u00e2ssis du v\u00e9hicule conform\u00e9ment aux sp\u00e9cifications WABCO.    Raccorder les conduites d\u2019air (alimentation, commande, sortie).    V\u00e9rifier l\u2019\u00e9tanch\u00e9it\u00e9 des raccords.    Tester le syst\u00e8me de freinage pour s\u2019assurer du fonctionnement correct.     \u2699\ufe0f Avantages :     Temps de r\u00e9ponse rapide \u2192 freinage plus s\u00fbr.    Distribution uniforme de la pression d\u2019air.    Pi\u00e8ce d\u2019origine WABCO \u2192 fiabilit\u00e9 et longue dur\u00e9e de vie.\" \/>\n<meta property=\"og:url\" content=\"https:\/\/trakesh.com\/ar\/notre-boutique\/iveco\/ref-9730110000\/\" \/>\n<meta property=\"og:site_name\" content=\"TRAKECH PARTS\" \/>\n<meta property=\"article:publisher\" content=\"https:\/\/web.facebook.com\/trakechparts\/?locale=fr_FR\" \/>\n<meta property=\"article:modified_time\" content=\"2025-11-22T17:06:56+00:00\" \/>\n<meta property=\"og:image\" content=\"https:\/\/trakesh.com\/wp-content\/uploads\/2025\/09\/MA-2025-11-22T180340.645.png\" \/>\n\t<meta property=\"og:image:width\" content=\"800\" \/>\n\t<meta property=\"og:image:height\" content=\"800\" \/>\n\t<meta property=\"og:image:type\" content=\"image\/png\" \/>\n<meta name=\"twitter:card\" content=\"summary_large_image\" \/>\n<meta name=\"twitter:label1\" content=\"\u0648\u0642\u062a \u0627\u0644\u0642\u0631\u0627\u0621\u0629 \u0627\u0644\u0645\u064f\u0642\u062f\u0651\u0631\" \/>\n\t<meta name=\"twitter:data1\" content=\"\u062f\u0642\u064a\u0642\u0629 \u0648\u0627\u062d\u062f\u0629\" \/>\n<script type=\"application\/ld+json\" class=\"yoast-schema-graph\">{\"@context\":\"https:\/\/schema.org\",\"@graph\":[{\"@type\":\"WebPage\",\"@id\":\"https:\/\/trakesh.com\/notre-boutique\/iveco\/ref-9730110000\/\",\"url\":\"https:\/\/trakesh.com\/notre-boutique\/iveco\/ref-9730110000\/\",\"name\":\"REF : 9730110000 - TRAKECH PARTS\",\"isPartOf\":{\"@id\":\"https:\/\/trakesh.com\/#website\"},\"primaryImageOfPage\":{\"@id\":\"https:\/\/trakesh.com\/notre-boutique\/iveco\/ref-9730110000\/#primaryimage\"},\"image\":{\"@id\":\"https:\/\/trakesh.com\/notre-boutique\/iveco\/ref-9730110000\/#primaryimage\"},\"thumbnailUrl\":\"https:\/\/trakesh.com\/wp-content\/uploads\/2025\/09\/MA-2025-11-22T180340.645.png\",\"datePublished\":\"2025-09-14T20:48:01+00:00\",\"dateModified\":\"2025-11-22T17:06:56+00:00\",\"breadcrumb\":{\"@id\":\"https:\/\/trakesh.com\/notre-boutique\/iveco\/ref-9730110000\/#breadcrumb\"},\"inLanguage\":\"ar\",\"potentialAction\":[{\"@type\":\"ReadAction\",\"target\":[\"https:\/\/trakesh.com\/notre-boutique\/iveco\/ref-9730110000\/\"]}]},{\"@type\":\"ImageObject\",\"inLanguage\":\"ar\",\"@id\":\"https:\/\/trakesh.com\/notre-boutique\/iveco\/ref-9730110000\/#primaryimage\",\"url\":\"https:\/\/trakesh.com\/wp-content\/uploads\/2025\/09\/MA-2025-11-22T180340.645.png\",\"contentUrl\":\"https:\/\/trakesh.com\/wp-content\/uploads\/2025\/09\/MA-2025-11-22T180340.645.png\",\"width\":800,\"height\":800},{\"@type\":\"BreadcrumbList\",\"@id\":\"https:\/\/trakesh.com\/notre-boutique\/iveco\/ref-9730110000\/#breadcrumb\",\"itemListElement\":[{\"@type\":\"ListItem\",\"position\":1,\"name\":\"Home\",\"item\":\"https:\/\/trakesh.com\/\"},{\"@type\":\"ListItem\",\"position\":2,\"name\":\"Notre Boutique\",\"item\":\"https:\/\/trakesh.com\/notre-boutique\/\"},{\"@type\":\"ListItem\",\"position\":3,\"name\":\"REF : 9730110000\"}]},{\"@type\":\"WebSite\",\"@id\":\"https:\/\/trakesh.com\/#website\",\"url\":\"https:\/\/trakesh.com\/\",\"name\":\"TRAKECH PARTS\",\"description\":\"Pi\u00e8ces de rechange pour camions MAN, moteurs CATERPILLAR et PERKINS \u2013 Maroc\",\"publisher\":{\"@id\":\"https:\/\/trakesh.com\/#organization\"},\"potentialAction\":[{\"@type\":\"SearchAction\",\"target\":{\"@type\":\"EntryPoint\",\"urlTemplate\":\"https:\/\/trakesh.com\/?s={search_term_string}\"},\"query-input\":{\"@type\":\"PropertyValueSpecification\",\"valueRequired\":true,\"valueName\":\"search_term_string\"}}],\"inLanguage\":\"ar\"},{\"@type\":\"Organization\",\"@id\":\"https:\/\/trakesh.com\/#organization\",\"name\":\"TRAKECH PARTS\",\"url\":\"https:\/\/trakesh.com\/\",\"logo\":{\"@type\":\"ImageObject\",\"inLanguage\":\"ar\",\"@id\":\"https:\/\/trakesh.com\/#\/schema\/logo\/image\/\",\"url\":\"https:\/\/trakesh.com\/wp-content\/uploads\/2025\/05\/cropped-cropped-cropped-cropped-cropped-cropped-cropped-trakesh-removebg-preview-1.png\",\"contentUrl\":\"https:\/\/trakesh.com\/wp-content\/uploads\/2025\/05\/cropped-cropped-cropped-cropped-cropped-cropped-cropped-trakesh-removebg-preview-1.png\",\"width\":342,\"height\":96,\"caption\":\"TRAKECH PARTS\"},\"image\":{\"@id\":\"https:\/\/trakesh.com\/#\/schema\/logo\/image\/\"},\"sameAs\":[\"https:\/\/web.facebook.com\/trakechparts\/?locale=fr_FR\",\"https:\/\/www.instagram.com\/trakech_parts\/\"]}]}<\/script>\n<!-- \/ Yoast SEO plugin. -->","yoast_head_json":{"title":"REF : 9730110000 - TRAKECH PARTS","robots":{"index":"index","follow":"follow","max-snippet":"max-snippet:-1","max-image-preview":"max-image-preview:large","max-video-preview":"max-video-preview:-1"},"canonical":"https:\/\/trakesh.com\/ar\/notre-boutique\/iveco\/ref-9730110000\/","og_locale":"ar_AR","og_type":"article","og_title":"REF : 9730110000 - TRAKECH PARTS","og_description":"\ud83d\udd39 Nom : Soupape relais \/ Relay Valve \ud83d\udd39 Compatibilit\u00e9 :     V\u00e9hicules industriels lourds : DAF, IVECO, MAN, MERCEDES-BENZ, RENAULT TRUCKS, SCANIA, VOLVO.    Convient aux syst\u00e8mes de freinage \u00e0 air standardis\u00e9s WABCO.   \ud83d\udd39 Fonction :     Transmet et amplifie le signal pneumatique provenant de la p\u00e9dale de frein.    Assure une distribution rapide et \u00e9quilibr\u00e9e de l\u2019air comprim\u00e9 vers les cylindres de frein.    R\u00e9duit le temps de r\u00e9ponse et am\u00e9liore l\u2019efficacit\u00e9 du freinage.   \ud83d\udd39 Applications :     Syst\u00e8mes de freinage pneumatique ABS\/EBS.    Utilis\u00e9 sur poids lourds, bus, autocars, remorques et semi-remorques.   \ud83d\udd39 Installation :     Monter la soupape relais sur le ch\u00e2ssis du v\u00e9hicule conform\u00e9ment aux sp\u00e9cifications WABCO.    Raccorder les conduites d\u2019air (alimentation, commande, sortie).    V\u00e9rifier l\u2019\u00e9tanch\u00e9it\u00e9 des raccords.    Tester le syst\u00e8me de freinage pour s\u2019assurer du fonctionnement correct.     \u2699\ufe0f Avantages :     Temps de r\u00e9ponse rapide \u2192 freinage plus s\u00fbr.    Distribution uniforme de la pression d\u2019air.    Pi\u00e8ce d\u2019origine WABCO \u2192 fiabilit\u00e9 et longue dur\u00e9e de vie.","og_url":"https:\/\/trakesh.com\/ar\/notre-boutique\/iveco\/ref-9730110000\/","og_site_name":"TRAKECH PARTS","article_publisher":"https:\/\/web.facebook.com\/trakechparts\/?locale=fr_FR","article_modified_time":"2025-11-22T17:06:56+00:00","og_image":[{"width":800,"height":800,"url":"https:\/\/trakesh.com\/wp-content\/uploads\/2025\/09\/MA-2025-11-22T180340.645.png","type":"image\/png"}],"twitter_card":"summary_large_image","twitter_misc":{"\u0648\u0642\u062a \u0627\u0644\u0642\u0631\u0627\u0621\u0629 \u0627\u0644\u0645\u064f\u0642\u062f\u0651\u0631":"\u062f\u0642\u064a\u0642\u0629 \u0648\u0627\u062d\u062f\u0629"},"schema":{"@context":"https:\/\/schema.org","@graph":[{"@type":"WebPage","@id":"https:\/\/trakesh.com\/notre-boutique\/iveco\/ref-9730110000\/","url":"https:\/\/trakesh.com\/notre-boutique\/iveco\/ref-9730110000\/","name":"REF : 9730110000 - TRAKECH PARTS","isPartOf":{"@id":"https:\/\/trakesh.com\/#website"},"primaryImageOfPage":{"@id":"https:\/\/trakesh.com\/notre-boutique\/iveco\/ref-9730110000\/#primaryimage"},"image":{"@id":"https:\/\/trakesh.com\/notre-boutique\/iveco\/ref-9730110000\/#primaryimage"},"thumbnailUrl":"https:\/\/trakesh.com\/wp-content\/uploads\/2025\/09\/MA-2025-11-22T180340.645.png","datePublished":"2025-09-14T20:48:01+00:00","dateModified":"2025-11-22T17:06:56+00:00","breadcrumb":{"@id":"https:\/\/trakesh.com\/notre-boutique\/iveco\/ref-9730110000\/#breadcrumb"},"inLanguage":"ar","potentialAction":[{"@type":"ReadAction","target":["https:\/\/trakesh.com\/notre-boutique\/iveco\/ref-9730110000\/"]}]},{"@type":"ImageObject","inLanguage":"ar","@id":"https:\/\/trakesh.com\/notre-boutique\/iveco\/ref-9730110000\/#primaryimage","url":"https:\/\/trakesh.com\/wp-content\/uploads\/2025\/09\/MA-2025-11-22T180340.645.png","contentUrl":"https:\/\/trakesh.com\/wp-content\/uploads\/2025\/09\/MA-2025-11-22T180340.645.png","width":800,"height":800},{"@type":"BreadcrumbList","@id":"https:\/\/trakesh.com\/notre-boutique\/iveco\/ref-9730110000\/#breadcrumb","itemListElement":[{"@type":"ListItem","position":1,"name":"Home","item":"https:\/\/trakesh.com\/"},{"@type":"ListItem","position":2,"name":"Notre Boutique","item":"https:\/\/trakesh.com\/notre-boutique\/"},{"@type":"ListItem","position":3,"name":"REF : 9730110000"}]},{"@type":"WebSite","@id":"https:\/\/trakesh.com\/#website","url":"https:\/\/trakesh.com\/","name":"TRAKECH PARTS","description":"Pi\u00e8ces de rechange pour camions MAN, moteurs CATERPILLAR et PERKINS \u2013 Maroc","publisher":{"@id":"https:\/\/trakesh.com\/#organization"},"potentialAction":[{"@type":"SearchAction","target":{"@type":"EntryPoint","urlTemplate":"https:\/\/trakesh.com\/?s={search_term_string}"},"query-input":{"@type":"PropertyValueSpecification","valueRequired":true,"valueName":"search_term_string"}}],"inLanguage":"ar"},{"@type":"Organization","@id":"https:\/\/trakesh.com\/#organization","name":"TRAKECH PARTS","url":"https:\/\/trakesh.com\/","logo":{"@type":"ImageObject","inLanguage":"ar","@id":"https:\/\/trakesh.com\/#\/schema\/logo\/image\/","url":"https:\/\/trakesh.com\/wp-content\/uploads\/2025\/05\/cropped-cropped-cropped-cropped-cropped-cropped-cropped-trakesh-removebg-preview-1.png","contentUrl":"https:\/\/trakesh.com\/wp-content\/uploads\/2025\/05\/cropped-cropped-cropped-cropped-cropped-cropped-cropped-trakesh-removebg-preview-1.png","width":342,"height":96,"caption":"TRAKECH PARTS"},"image":{"@id":"https:\/\/trakesh.com\/#\/schema\/logo\/image\/"},"sameAs":["https:\/\/web.facebook.com\/trakechparts\/?locale=fr_FR","https:\/\/www.instagram.com\/trakech_parts\/"]}]}},"_links":{"self":[{"href":"https:\/\/trakesh.com\/ar\/wp-json\/wp\/v2\/product\/8874","targetHints":{"allow":["GET"]}}],"collection":[{"href":"https:\/\/trakesh.com\/ar\/wp-json\/wp\/v2\/product"}],"about":[{"href":"https:\/\/trakesh.com\/ar\/wp-json\/wp\/v2\/types\/product"}],"replies":[{"embeddable":true,"href":"https:\/\/trakesh.com\/ar\/wp-json\/wp\/v2\/comments?post=8874"}],"wp:featuredmedia":[{"embeddable":true,"href":"https:\/\/trakesh.com\/ar\/wp-json\/wp\/v2\/media\/9661"}],"wp:attachment":[{"href":"https:\/\/trakesh.com\/ar\/wp-json\/wp\/v2\/media?parent=8874"}],"wp:term":[{"taxonomy":"product_brand","embeddable":true,"href":"https:\/\/trakesh.com\/ar\/wp-json\/wp\/v2\/product_brand?post=8874"},{"taxonomy":"product_cat","embeddable":true,"href":"https:\/\/trakesh.com\/ar\/wp-json\/wp\/v2\/product_cat?post=8874"},{"taxonomy":"product_tag","embeddable":true,"href":"https:\/\/trakesh.com\/ar\/wp-json\/wp\/v2\/product_tag?post=8874"}],"curies":[{"name":"wp","href":"https:\/\/api.w.org\/{rel}","templated":true}]}}