{"id":8877,"date":"2025-09-14T21:52:50","date_gmt":"2025-09-14T20:52:50","guid":{"rendered":"https:\/\/trakesh.com\/?post_type=product&#038;p=8877"},"modified":"2025-11-22T17:58:04","modified_gmt":"2025-11-22T16:58:04","slug":"ref-9730110010","status":"publish","type":"product","link":"https:\/\/trakesh.com\/ar\/notre-boutique\/rvi\/ref-9730110010\/","title":{"rendered":"REF : 9730110010"},"content":{"rendered":"<p><strong>\ud83d\udd39 Description : Soupape relais pneumatique WABCO, d\u00e9riv\u00e9e de la s\u00e9rie 973011, sp\u00e9cialement con\u00e7ue pour optimiser la commande et la distribution de l\u2019air comprim\u00e9 dans les syst\u00e8mes de freinage.<\/strong><\/p>","protected":false},"excerpt":{"rendered":"<p data-start=\"271\" data-end=\"318\"><strong data-start=\"274\" data-end=\"281\">Nom<\/strong> : <strong data-start=\"284\" data-end=\"316\">Soupape relais \/ Relay Valve<\/strong><\/p>\n<p data-start=\"320\" data-end=\"344\">\ud83d\udd39 <strong data-start=\"323\" data-end=\"340\">Compatibilit\u00e9<\/strong> :<\/p>\n<ul data-start=\"345\" data-end=\"503\">\n<li data-start=\"345\" data-end=\"439\">\n<p data-start=\"347\" data-end=\"439\">V\u00e9hicules industriels : <strong data-start=\"371\" data-end=\"436\">DAF, IVECO, MAN, MERCEDES-BENZ, RENAULT TRUCKS, SCANIA, VOLVO<\/strong>.<\/p>\n<\/li>\n<li data-start=\"440\" data-end=\"503\">\n<p data-start=\"442\" data-end=\"503\">Utilis\u00e9e dans les syst\u00e8mes de freinage pneumatique ABS\/EBS.<\/p>\n<\/li>\n<\/ul>\n<p data-start=\"505\" data-end=\"524\">\ud83d\udd39 <strong data-start=\"508\" data-end=\"520\">Fonction<\/strong> :<\/p>\n<ul data-start=\"525\" data-end=\"723\">\n<li data-start=\"525\" data-end=\"576\">\n<p data-start=\"527\" data-end=\"576\">Re\u00e7oit le signal de commande (p\u00e9dale de frein).<\/p>\n<\/li>\n<li data-start=\"577\" data-end=\"648\">\n<p data-start=\"579\" data-end=\"648\">Amplifie et transmet la pression d\u2019air vers les cylindres de frein.<\/p>\n<\/li>\n<li data-start=\"649\" data-end=\"723\">\n<p data-start=\"651\" data-end=\"723\">R\u00e9duit le temps de r\u00e9ponse et am\u00e9liore la synchronisation du freinage.<\/p>\n<\/li>\n<\/ul>\n<p data-start=\"725\" data-end=\"748\">\ud83d\udd39 <strong data-start=\"728\" data-end=\"744\">Applications<\/strong> :<\/p>\n<ul data-start=\"749\" data-end=\"915\">\n<li data-start=\"749\" data-end=\"844\">\n<p data-start=\"751\" data-end=\"844\">Camions, bus, autocars, remorques et semi-remorques \u00e9quip\u00e9s de syst\u00e8mes pneumatiques WABCO.<\/p>\n<\/li>\n<li data-start=\"845\" data-end=\"915\">\n<p data-start=\"847\" data-end=\"915\">Syst\u00e8mes de freinage n\u00e9cessitant une r\u00e9ponse rapide et \u00e9quilibr\u00e9e.<\/p>\n<\/li>\n<\/ul>\n<p data-start=\"917\" data-end=\"940\">\ud83d\udd39 <strong data-start=\"920\" data-end=\"936\">Installation<\/strong> :<\/p>\n<ol data-start=\"941\" data-end=\"1191\">\n<li data-start=\"941\" data-end=\"1023\">\n<p data-start=\"944\" data-end=\"1023\">Fixer la soupape relais au ch\u00e2ssis conform\u00e9ment aux indications constructeur.<\/p>\n<\/li>\n<li data-start=\"1024\" data-end=\"1093\">\n<p data-start=\"1027\" data-end=\"1093\">Connecter les conduites d\u2019air (alimentation, commande, sorties).<\/p>\n<\/li>\n<li data-start=\"1094\" data-end=\"1128\">\n<p data-start=\"1097\" data-end=\"1128\">V\u00e9rifier l\u2019absence de fuites.<\/p>\n<\/li>\n<li data-start=\"1129\" data-end=\"1191\">\n<p data-start=\"1132\" data-end=\"1191\">Tester le freinage afin de valider le bon fonctionnement.<\/p>\n<\/li>\n<\/ol>\n<hr data-start=\"1193\" data-end=\"1196\" \/>\n<p data-start=\"1198\" data-end=\"1218\">\u2699\ufe0f <strong data-start=\"1201\" data-end=\"1214\">Avantages<\/strong> :<\/p>\n<ul data-start=\"1219\" data-end=\"1389\">\n<li data-start=\"1219\" data-end=\"1271\">\n<p data-start=\"1221\" data-end=\"1271\">Fiabilit\u00e9 et robustesse (pi\u00e8ce d\u2019origine WABCO).<\/p>\n<\/li>\n<li data-start=\"1272\" data-end=\"1322\">\n<p data-start=\"1274\" data-end=\"1322\">S\u00e9curit\u00e9 renforc\u00e9e gr\u00e2ce \u00e0 une r\u00e9ponse rapide.<\/p>\n<\/li>\n<li data-start=\"1323\" data-end=\"1389\">\n<p data-start=\"1325\" data-end=\"1389\">Compatibilit\u00e9 avec un large \u00e9ventail de v\u00e9hicules industriels.<\/p>\n<\/li>\n<\/ul>","protected":false},"featured_media":9657,"comment_status":"open","ping_status":"closed","template":"","meta":[],"product_brand":[77],"product_cat":[74],"product_tag":[],"class_list":{"0":"post-8877","1":"product","2":"type-product","3":"status-publish","4":"has-post-thumbnail","6":"product_brand-wbc","7":"product_cat-rvi","9":"first","10":"instock","11":"shipping-taxable","12":"product-type-simple"},"yoast_head":"<!-- This site is optimized with the Yoast SEO plugin v25.5 - https:\/\/yoast.com\/wordpress\/plugins\/seo\/ -->\n<title>REF : 9730110010 - TRAKECH PARTS<\/title>\n<meta name=\"robots\" content=\"index, follow, max-snippet:-1, max-image-preview:large, max-video-preview:-1\" \/>\n<link rel=\"canonical\" href=\"https:\/\/trakesh.com\/ar\/notre-boutique\/rvi\/ref-9730110010\/\" \/>\n<meta property=\"og:locale\" content=\"ar_AR\" \/>\n<meta property=\"og:type\" content=\"article\" \/>\n<meta property=\"og:title\" content=\"REF : 9730110010 - TRAKECH PARTS\" \/>\n<meta property=\"og:description\" content=\"Nom : Soupape relais \/ Relay Valve \ud83d\udd39 Compatibilit\u00e9 :     V\u00e9hicules industriels : DAF, IVECO, MAN, MERCEDES-BENZ, RENAULT TRUCKS, SCANIA, VOLVO.    Utilis\u00e9e dans les syst\u00e8mes de freinage pneumatique ABS\/EBS.   \ud83d\udd39 Fonction :     Re\u00e7oit le signal de commande (p\u00e9dale de frein).    Amplifie et transmet la pression d\u2019air vers les cylindres de frein.    R\u00e9duit le temps de r\u00e9ponse et am\u00e9liore la synchronisation du freinage.   \ud83d\udd39 Applications :     Camions, bus, autocars, remorques et semi-remorques \u00e9quip\u00e9s de syst\u00e8mes pneumatiques WABCO.    Syst\u00e8mes de freinage n\u00e9cessitant une r\u00e9ponse rapide et \u00e9quilibr\u00e9e.   \ud83d\udd39 Installation :     Fixer la soupape relais au ch\u00e2ssis conform\u00e9ment aux indications constructeur.    Connecter les conduites d\u2019air (alimentation, commande, sorties).    V\u00e9rifier l\u2019absence de fuites.    Tester le freinage afin de valider le bon fonctionnement.     \u2699\ufe0f Avantages :     Fiabilit\u00e9 et robustesse (pi\u00e8ce d\u2019origine WABCO).    S\u00e9curit\u00e9 renforc\u00e9e gr\u00e2ce \u00e0 une r\u00e9ponse rapide.    Compatibilit\u00e9 avec un large \u00e9ventail de v\u00e9hicules industriels.\" \/>\n<meta property=\"og:url\" content=\"https:\/\/trakesh.com\/ar\/notre-boutique\/rvi\/ref-9730110010\/\" \/>\n<meta property=\"og:site_name\" content=\"TRAKECH PARTS\" \/>\n<meta property=\"article:publisher\" content=\"https:\/\/web.facebook.com\/trakechparts\/?locale=fr_FR\" \/>\n<meta property=\"article:modified_time\" content=\"2025-11-22T16:58:04+00:00\" \/>\n<meta property=\"og:image\" content=\"https:\/\/trakesh.com\/wp-content\/uploads\/2025\/09\/MA-2025-11-22T175418.882.png\" \/>\n\t<meta property=\"og:image:width\" content=\"800\" \/>\n\t<meta property=\"og:image:height\" content=\"800\" \/>\n\t<meta property=\"og:image:type\" content=\"image\/png\" \/>\n<meta name=\"twitter:card\" content=\"summary_large_image\" \/>\n<meta name=\"twitter:label1\" content=\"\u0648\u0642\u062a \u0627\u0644\u0642\u0631\u0627\u0621\u0629 \u0627\u0644\u0645\u064f\u0642\u062f\u0651\u0631\" \/>\n\t<meta name=\"twitter:data1\" content=\"\u062f\u0642\u064a\u0642\u0629 \u0648\u0627\u062d\u062f\u0629\" \/>\n<script type=\"application\/ld+json\" class=\"yoast-schema-graph\">{\"@context\":\"https:\/\/schema.org\",\"@graph\":[{\"@type\":\"WebPage\",\"@id\":\"https:\/\/trakesh.com\/notre-boutique\/rvi\/ref-9730110010\/\",\"url\":\"https:\/\/trakesh.com\/notre-boutique\/rvi\/ref-9730110010\/\",\"name\":\"REF : 9730110010 - TRAKECH PARTS\",\"isPartOf\":{\"@id\":\"https:\/\/trakesh.com\/#website\"},\"primaryImageOfPage\":{\"@id\":\"https:\/\/trakesh.com\/notre-boutique\/rvi\/ref-9730110010\/#primaryimage\"},\"image\":{\"@id\":\"https:\/\/trakesh.com\/notre-boutique\/rvi\/ref-9730110010\/#primaryimage\"},\"thumbnailUrl\":\"https:\/\/trakesh.com\/wp-content\/uploads\/2025\/09\/MA-2025-11-22T175418.882.png\",\"datePublished\":\"2025-09-14T20:52:50+00:00\",\"dateModified\":\"2025-11-22T16:58:04+00:00\",\"breadcrumb\":{\"@id\":\"https:\/\/trakesh.com\/notre-boutique\/rvi\/ref-9730110010\/#breadcrumb\"},\"inLanguage\":\"ar\",\"potentialAction\":[{\"@type\":\"ReadAction\",\"target\":[\"https:\/\/trakesh.com\/notre-boutique\/rvi\/ref-9730110010\/\"]}]},{\"@type\":\"ImageObject\",\"inLanguage\":\"ar\",\"@id\":\"https:\/\/trakesh.com\/notre-boutique\/rvi\/ref-9730110010\/#primaryimage\",\"url\":\"https:\/\/trakesh.com\/wp-content\/uploads\/2025\/09\/MA-2025-11-22T175418.882.png\",\"contentUrl\":\"https:\/\/trakesh.com\/wp-content\/uploads\/2025\/09\/MA-2025-11-22T175418.882.png\",\"width\":800,\"height\":800},{\"@type\":\"BreadcrumbList\",\"@id\":\"https:\/\/trakesh.com\/notre-boutique\/rvi\/ref-9730110010\/#breadcrumb\",\"itemListElement\":[{\"@type\":\"ListItem\",\"position\":1,\"name\":\"Home\",\"item\":\"https:\/\/trakesh.com\/\"},{\"@type\":\"ListItem\",\"position\":2,\"name\":\"Notre Boutique\",\"item\":\"https:\/\/trakesh.com\/notre-boutique\/\"},{\"@type\":\"ListItem\",\"position\":3,\"name\":\"REF : 9730110010\"}]},{\"@type\":\"WebSite\",\"@id\":\"https:\/\/trakesh.com\/#website\",\"url\":\"https:\/\/trakesh.com\/\",\"name\":\"TRAKECH PARTS\",\"description\":\"Pi\u00e8ces de rechange pour camions MAN, moteurs CATERPILLAR et PERKINS \u2013 Maroc\",\"publisher\":{\"@id\":\"https:\/\/trakesh.com\/#organization\"},\"potentialAction\":[{\"@type\":\"SearchAction\",\"target\":{\"@type\":\"EntryPoint\",\"urlTemplate\":\"https:\/\/trakesh.com\/?s={search_term_string}\"},\"query-input\":{\"@type\":\"PropertyValueSpecification\",\"valueRequired\":true,\"valueName\":\"search_term_string\"}}],\"inLanguage\":\"ar\"},{\"@type\":\"Organization\",\"@id\":\"https:\/\/trakesh.com\/#organization\",\"name\":\"TRAKECH PARTS\",\"url\":\"https:\/\/trakesh.com\/\",\"logo\":{\"@type\":\"ImageObject\",\"inLanguage\":\"ar\",\"@id\":\"https:\/\/trakesh.com\/#\/schema\/logo\/image\/\",\"url\":\"https:\/\/trakesh.com\/wp-content\/uploads\/2025\/05\/cropped-cropped-cropped-cropped-cropped-cropped-cropped-trakesh-removebg-preview-1.png\",\"contentUrl\":\"https:\/\/trakesh.com\/wp-content\/uploads\/2025\/05\/cropped-cropped-cropped-cropped-cropped-cropped-cropped-trakesh-removebg-preview-1.png\",\"width\":342,\"height\":96,\"caption\":\"TRAKECH PARTS\"},\"image\":{\"@id\":\"https:\/\/trakesh.com\/#\/schema\/logo\/image\/\"},\"sameAs\":[\"https:\/\/web.facebook.com\/trakechparts\/?locale=fr_FR\",\"https:\/\/www.instagram.com\/trakech_parts\/\"]}]}<\/script>\n<!-- \/ Yoast SEO plugin. -->","yoast_head_json":{"title":"REF : 9730110010 - TRAKECH PARTS","robots":{"index":"index","follow":"follow","max-snippet":"max-snippet:-1","max-image-preview":"max-image-preview:large","max-video-preview":"max-video-preview:-1"},"canonical":"https:\/\/trakesh.com\/ar\/notre-boutique\/rvi\/ref-9730110010\/","og_locale":"ar_AR","og_type":"article","og_title":"REF : 9730110010 - TRAKECH PARTS","og_description":"Nom : Soupape relais \/ Relay Valve \ud83d\udd39 Compatibilit\u00e9 :     V\u00e9hicules industriels : DAF, IVECO, MAN, MERCEDES-BENZ, RENAULT TRUCKS, SCANIA, VOLVO.    Utilis\u00e9e dans les syst\u00e8mes de freinage pneumatique ABS\/EBS.   \ud83d\udd39 Fonction :     Re\u00e7oit le signal de commande (p\u00e9dale de frein).    Amplifie et transmet la pression d\u2019air vers les cylindres de frein.    R\u00e9duit le temps de r\u00e9ponse et am\u00e9liore la synchronisation du freinage.   \ud83d\udd39 Applications :     Camions, bus, autocars, remorques et semi-remorques \u00e9quip\u00e9s de syst\u00e8mes pneumatiques WABCO.    Syst\u00e8mes de freinage n\u00e9cessitant une r\u00e9ponse rapide et \u00e9quilibr\u00e9e.   \ud83d\udd39 Installation :     Fixer la soupape relais au ch\u00e2ssis conform\u00e9ment aux indications constructeur.    Connecter les conduites d\u2019air (alimentation, commande, sorties).    V\u00e9rifier l\u2019absence de fuites.    Tester le freinage afin de valider le bon fonctionnement.     \u2699\ufe0f Avantages :     Fiabilit\u00e9 et robustesse (pi\u00e8ce d\u2019origine WABCO).    S\u00e9curit\u00e9 renforc\u00e9e gr\u00e2ce \u00e0 une r\u00e9ponse rapide.    Compatibilit\u00e9 avec un large \u00e9ventail de v\u00e9hicules industriels.","og_url":"https:\/\/trakesh.com\/ar\/notre-boutique\/rvi\/ref-9730110010\/","og_site_name":"TRAKECH PARTS","article_publisher":"https:\/\/web.facebook.com\/trakechparts\/?locale=fr_FR","article_modified_time":"2025-11-22T16:58:04+00:00","og_image":[{"width":800,"height":800,"url":"https:\/\/trakesh.com\/wp-content\/uploads\/2025\/09\/MA-2025-11-22T175418.882.png","type":"image\/png"}],"twitter_card":"summary_large_image","twitter_misc":{"\u0648\u0642\u062a \u0627\u0644\u0642\u0631\u0627\u0621\u0629 \u0627\u0644\u0645\u064f\u0642\u062f\u0651\u0631":"\u062f\u0642\u064a\u0642\u0629 \u0648\u0627\u062d\u062f\u0629"},"schema":{"@context":"https:\/\/schema.org","@graph":[{"@type":"WebPage","@id":"https:\/\/trakesh.com\/notre-boutique\/rvi\/ref-9730110010\/","url":"https:\/\/trakesh.com\/notre-boutique\/rvi\/ref-9730110010\/","name":"REF : 9730110010 - TRAKECH PARTS","isPartOf":{"@id":"https:\/\/trakesh.com\/#website"},"primaryImageOfPage":{"@id":"https:\/\/trakesh.com\/notre-boutique\/rvi\/ref-9730110010\/#primaryimage"},"image":{"@id":"https:\/\/trakesh.com\/notre-boutique\/rvi\/ref-9730110010\/#primaryimage"},"thumbnailUrl":"https:\/\/trakesh.com\/wp-content\/uploads\/2025\/09\/MA-2025-11-22T175418.882.png","datePublished":"2025-09-14T20:52:50+00:00","dateModified":"2025-11-22T16:58:04+00:00","breadcrumb":{"@id":"https:\/\/trakesh.com\/notre-boutique\/rvi\/ref-9730110010\/#breadcrumb"},"inLanguage":"ar","potentialAction":[{"@type":"ReadAction","target":["https:\/\/trakesh.com\/notre-boutique\/rvi\/ref-9730110010\/"]}]},{"@type":"ImageObject","inLanguage":"ar","@id":"https:\/\/trakesh.com\/notre-boutique\/rvi\/ref-9730110010\/#primaryimage","url":"https:\/\/trakesh.com\/wp-content\/uploads\/2025\/09\/MA-2025-11-22T175418.882.png","contentUrl":"https:\/\/trakesh.com\/wp-content\/uploads\/2025\/09\/MA-2025-11-22T175418.882.png","width":800,"height":800},{"@type":"BreadcrumbList","@id":"https:\/\/trakesh.com\/notre-boutique\/rvi\/ref-9730110010\/#breadcrumb","itemListElement":[{"@type":"ListItem","position":1,"name":"Home","item":"https:\/\/trakesh.com\/"},{"@type":"ListItem","position":2,"name":"Notre Boutique","item":"https:\/\/trakesh.com\/notre-boutique\/"},{"@type":"ListItem","position":3,"name":"REF : 9730110010"}]},{"@type":"WebSite","@id":"https:\/\/trakesh.com\/#website","url":"https:\/\/trakesh.com\/","name":"TRAKECH PARTS","description":"Pi\u00e8ces de rechange pour camions MAN, moteurs CATERPILLAR et PERKINS \u2013 Maroc","publisher":{"@id":"https:\/\/trakesh.com\/#organization"},"potentialAction":[{"@type":"SearchAction","target":{"@type":"EntryPoint","urlTemplate":"https:\/\/trakesh.com\/?s={search_term_string}"},"query-input":{"@type":"PropertyValueSpecification","valueRequired":true,"valueName":"search_term_string"}}],"inLanguage":"ar"},{"@type":"Organization","@id":"https:\/\/trakesh.com\/#organization","name":"TRAKECH PARTS","url":"https:\/\/trakesh.com\/","logo":{"@type":"ImageObject","inLanguage":"ar","@id":"https:\/\/trakesh.com\/#\/schema\/logo\/image\/","url":"https:\/\/trakesh.com\/wp-content\/uploads\/2025\/05\/cropped-cropped-cropped-cropped-cropped-cropped-cropped-trakesh-removebg-preview-1.png","contentUrl":"https:\/\/trakesh.com\/wp-content\/uploads\/2025\/05\/cropped-cropped-cropped-cropped-cropped-cropped-cropped-trakesh-removebg-preview-1.png","width":342,"height":96,"caption":"TRAKECH PARTS"},"image":{"@id":"https:\/\/trakesh.com\/#\/schema\/logo\/image\/"},"sameAs":["https:\/\/web.facebook.com\/trakechparts\/?locale=fr_FR","https:\/\/www.instagram.com\/trakech_parts\/"]}]}},"_links":{"self":[{"href":"https:\/\/trakesh.com\/ar\/wp-json\/wp\/v2\/product\/8877","targetHints":{"allow":["GET"]}}],"collection":[{"href":"https:\/\/trakesh.com\/ar\/wp-json\/wp\/v2\/product"}],"about":[{"href":"https:\/\/trakesh.com\/ar\/wp-json\/wp\/v2\/types\/product"}],"replies":[{"embeddable":true,"href":"https:\/\/trakesh.com\/ar\/wp-json\/wp\/v2\/comments?post=8877"}],"wp:featuredmedia":[{"embeddable":true,"href":"https:\/\/trakesh.com\/ar\/wp-json\/wp\/v2\/media\/9657"}],"wp:attachment":[{"href":"https:\/\/trakesh.com\/ar\/wp-json\/wp\/v2\/media?parent=8877"}],"wp:term":[{"taxonomy":"product_brand","embeddable":true,"href":"https:\/\/trakesh.com\/ar\/wp-json\/wp\/v2\/product_brand?post=8877"},{"taxonomy":"product_cat","embeddable":true,"href":"https:\/\/trakesh.com\/ar\/wp-json\/wp\/v2\/product_cat?post=8877"},{"taxonomy":"product_tag","embeddable":true,"href":"https:\/\/trakesh.com\/ar\/wp-json\/wp\/v2\/product_tag?post=8877"}],"curies":[{"name":"wp","href":"https:\/\/api.w.org\/{rel}","templated":true}]}}