{"id":8879,"date":"2025-09-14T22:00:04","date_gmt":"2025-09-14T21:00:04","guid":{"rendered":"https:\/\/trakesh.com\/?post_type=product&#038;p=8879"},"modified":"2025-11-01T21:08:08","modified_gmt":"2025-11-01T20:08:08","slug":"ref-ae-4440","status":"publish","type":"product","link":"https:\/\/trakesh.com\/ar\/notre-boutique\/iveco\/ref-ae-4440\/","title":{"rendered":"REF : AE4440"},"content":{"rendered":"<p data-start=\"95\" data-end=\"314\"><strong>\ud83d\udd39 Description : Soupape de protection KNORR-BREMSE, con\u00e7ue pour prot\u00e9ger les circuits pneumatiques et garantir une distribution s\u00e9curis\u00e9e de l\u2019air comprim\u00e9 dans les syst\u00e8mes de freinage des v\u00e9hicules industriels.<\/strong><\/p>\n<p data-start=\"316\" data-end=\"371\">","protected":false},"excerpt":{"rendered":"<p data-start=\"316\" data-end=\"371\"><strong data-start=\"319\" data-end=\"326\">Nom<\/strong> : <strong>Soupape de protection \/ Protection Valve<\/strong><\/p>\n<p data-start=\"373\" data-end=\"580\">\ud83d\udd39 <strong data-start=\"376\" data-end=\"393\">Compatibilit\u00e9<\/strong> :<br data-start=\"395\" data-end=\"398\" \/>V\u00e9hicules industriels : DAF, IVECO, MAN, MERCEDES-BENZ, RENAULT TRUCKS, SCANIA, VOLVO.<br data-start=\"484\" data-end=\"487\" \/>Utilis\u00e9e dans les syst\u00e8mes de freinage pneumatique KNORR-BREMSE et compatible avec ABS\/EBS.<\/p>\n<p data-start=\"582\" data-end=\"863\">\ud83d\udd39 <strong data-start=\"585\" data-end=\"597\">Fonction<\/strong> :<br data-start=\"599\" data-end=\"602\" \/>S\u00e9pare et prot\u00e8ge les circuits pneumatiques afin d\u2019\u00e9viter toute perte de pression dans un circuit d\u00e9fectueux.<br data-start=\"711\" data-end=\"714\" \/>Maintient une pression stable et assure un fonctionnement s\u00fbr du freinage.<br data-start=\"788\" data-end=\"791\" \/>Permet de pr\u00e9server l\u2019int\u00e9grit\u00e9 des composants du syst\u00e8me pneumatique.<\/p>\n<p data-start=\"865\" data-end=\"976\">\ud83d\udd39 <strong data-start=\"868\" data-end=\"884\">Applications<\/strong> :<br data-start=\"886\" data-end=\"889\" \/>Camions, bus, autocars, remorques et semi-remorques \u00e9quip\u00e9s de syst\u00e8mes KNORR-BREMSE.<\/p>\n<p data-start=\"978\" data-end=\"1257\">\ud83d\udd39 <strong data-start=\"981\" data-end=\"997\">Installation<\/strong> :<br data-start=\"999\" data-end=\"1002\" \/>Fixer la soupape de protection sur le ch\u00e2ssis selon les recommandations constructeur.<br data-start=\"1087\" data-end=\"1090\" \/>Connecter correctement les conduites d\u2019air (entr\u00e9e, sortie, commande).<br data-start=\"1160\" data-end=\"1163\" \/>V\u00e9rifier l\u2019\u00e9tanch\u00e9it\u00e9 et tester le syst\u00e8me pneumatique pour confirmer le bon fonctionnement.<\/p>\n<p data-start=\"1259\" data-end=\"1470\">\u2699\ufe0f <strong data-start=\"1262\" data-end=\"1275\">Avantages<\/strong> :<br data-start=\"1277\" data-end=\"1280\" \/>Fiabilit\u00e9 et robustesse KNORR-BREMSE (pi\u00e8ce d\u2019origine).<br data-start=\"1335\" data-end=\"1338\" \/>S\u00e9curit\u00e9 renforc\u00e9e gr\u00e2ce \u00e0 la protection des circuits pneumatiques.<br data-start=\"1405\" data-end=\"1408\" \/>Compatibilit\u00e9 avec une large gamme de v\u00e9hicules industriels.<\/p>","protected":false},"featured_media":9437,"comment_status":"open","ping_status":"closed","template":"","meta":[],"product_brand":[79],"product_cat":[73,61,76,75,74,72,70],"product_tag":[],"class_list":{"0":"post-8879","1":"product","2":"type-product","3":"status-publish","4":"has-post-thumbnail","6":"product_brand-kr","7":"product_cat-daf","8":"product_cat-iveco","9":"product_cat-man","10":"product_cat-mrc","11":"product_cat-rvi","12":"product_cat-scania","13":"product_cat-vlv","15":"first","16":"instock","17":"shipping-taxable","18":"product-type-simple"},"yoast_head":"<!-- This site is optimized with the Yoast SEO plugin v25.5 - https:\/\/yoast.com\/wordpress\/plugins\/seo\/ -->\n<title>REF : AE4440 - TRAKECH PARTS<\/title>\n<meta name=\"robots\" content=\"index, follow, max-snippet:-1, max-image-preview:large, max-video-preview:-1\" \/>\n<link rel=\"canonical\" href=\"https:\/\/trakesh.com\/ar\/notre-boutique\/iveco\/ref-ae-4440\/\" \/>\n<meta property=\"og:locale\" content=\"ar_AR\" \/>\n<meta property=\"og:type\" content=\"article\" \/>\n<meta property=\"og:title\" content=\"REF : AE4440 - TRAKECH PARTS\" \/>\n<meta property=\"og:description\" content=\"Nom : Soupape de protection \/ Protection Valve \ud83d\udd39 Compatibilit\u00e9 :V\u00e9hicules industriels : DAF, IVECO, MAN, MERCEDES-BENZ, RENAULT TRUCKS, SCANIA, VOLVO.Utilis\u00e9e dans les syst\u00e8mes de freinage pneumatique KNORR-BREMSE et compatible avec ABS\/EBS. \ud83d\udd39 Fonction :S\u00e9pare et prot\u00e8ge les circuits pneumatiques afin d\u2019\u00e9viter toute perte de pression dans un circuit d\u00e9fectueux.Maintient une pression stable et assure un fonctionnement s\u00fbr du freinage.Permet de pr\u00e9server l\u2019int\u00e9grit\u00e9 des composants du syst\u00e8me pneumatique. \ud83d\udd39 Applications :Camions, bus, autocars, remorques et semi-remorques \u00e9quip\u00e9s de syst\u00e8mes KNORR-BREMSE. \ud83d\udd39 Installation :Fixer la soupape de protection sur le ch\u00e2ssis selon les recommandations constructeur.Connecter correctement les conduites d\u2019air (entr\u00e9e, sortie, commande).V\u00e9rifier l\u2019\u00e9tanch\u00e9it\u00e9 et tester le syst\u00e8me pneumatique pour confirmer le bon fonctionnement. \u2699\ufe0f Avantages :Fiabilit\u00e9 et robustesse KNORR-BREMSE (pi\u00e8ce d\u2019origine).S\u00e9curit\u00e9 renforc\u00e9e gr\u00e2ce \u00e0 la protection des circuits pneumatiques.Compatibilit\u00e9 avec une large gamme de v\u00e9hicules industriels.\" \/>\n<meta property=\"og:url\" content=\"https:\/\/trakesh.com\/ar\/notre-boutique\/iveco\/ref-ae-4440\/\" \/>\n<meta property=\"og:site_name\" content=\"TRAKECH PARTS\" \/>\n<meta property=\"article:publisher\" content=\"https:\/\/web.facebook.com\/trakechparts\/?locale=fr_FR\" \/>\n<meta property=\"article:modified_time\" content=\"2025-11-01T20:08:08+00:00\" \/>\n<meta property=\"og:image\" content=\"https:\/\/trakesh.com\/wp-content\/uploads\/2025\/09\/MA-2025-11-01T210052.675.png\" \/>\n\t<meta property=\"og:image:width\" content=\"800\" \/>\n\t<meta property=\"og:image:height\" content=\"800\" \/>\n\t<meta property=\"og:image:type\" content=\"image\/png\" \/>\n<meta name=\"twitter:card\" content=\"summary_large_image\" \/>\n<meta name=\"twitter:label1\" content=\"\u0648\u0642\u062a \u0627\u0644\u0642\u0631\u0627\u0621\u0629 \u0627\u0644\u0645\u064f\u0642\u062f\u0651\u0631\" \/>\n\t<meta name=\"twitter:data1\" content=\"\u062f\u0642\u064a\u0642\u0629 \u0648\u0627\u062d\u062f\u0629\" \/>\n<script type=\"application\/ld+json\" class=\"yoast-schema-graph\">{\"@context\":\"https:\/\/schema.org\",\"@graph\":[{\"@type\":\"WebPage\",\"@id\":\"https:\/\/trakesh.com\/notre-boutique\/iveco\/ref-ae-4440\/\",\"url\":\"https:\/\/trakesh.com\/notre-boutique\/iveco\/ref-ae-4440\/\",\"name\":\"REF : AE4440 - TRAKECH PARTS\",\"isPartOf\":{\"@id\":\"https:\/\/trakesh.com\/#website\"},\"primaryImageOfPage\":{\"@id\":\"https:\/\/trakesh.com\/notre-boutique\/iveco\/ref-ae-4440\/#primaryimage\"},\"image\":{\"@id\":\"https:\/\/trakesh.com\/notre-boutique\/iveco\/ref-ae-4440\/#primaryimage\"},\"thumbnailUrl\":\"https:\/\/trakesh.com\/wp-content\/uploads\/2025\/09\/MA-2025-11-01T210052.675.png\",\"datePublished\":\"2025-09-14T21:00:04+00:00\",\"dateModified\":\"2025-11-01T20:08:08+00:00\",\"breadcrumb\":{\"@id\":\"https:\/\/trakesh.com\/notre-boutique\/iveco\/ref-ae-4440\/#breadcrumb\"},\"inLanguage\":\"ar\",\"potentialAction\":[{\"@type\":\"ReadAction\",\"target\":[\"https:\/\/trakesh.com\/notre-boutique\/iveco\/ref-ae-4440\/\"]}]},{\"@type\":\"ImageObject\",\"inLanguage\":\"ar\",\"@id\":\"https:\/\/trakesh.com\/notre-boutique\/iveco\/ref-ae-4440\/#primaryimage\",\"url\":\"https:\/\/trakesh.com\/wp-content\/uploads\/2025\/09\/MA-2025-11-01T210052.675.png\",\"contentUrl\":\"https:\/\/trakesh.com\/wp-content\/uploads\/2025\/09\/MA-2025-11-01T210052.675.png\",\"width\":800,\"height\":800},{\"@type\":\"BreadcrumbList\",\"@id\":\"https:\/\/trakesh.com\/notre-boutique\/iveco\/ref-ae-4440\/#breadcrumb\",\"itemListElement\":[{\"@type\":\"ListItem\",\"position\":1,\"name\":\"Home\",\"item\":\"https:\/\/trakesh.com\/\"},{\"@type\":\"ListItem\",\"position\":2,\"name\":\"Notre Boutique\",\"item\":\"https:\/\/trakesh.com\/notre-boutique\/\"},{\"@type\":\"ListItem\",\"position\":3,\"name\":\"REF : AE4440\"}]},{\"@type\":\"WebSite\",\"@id\":\"https:\/\/trakesh.com\/#website\",\"url\":\"https:\/\/trakesh.com\/\",\"name\":\"TRAKECH PARTS\",\"description\":\"Pi\u00e8ces de rechange pour camions MAN, moteurs CATERPILLAR et PERKINS \u2013 Maroc\",\"publisher\":{\"@id\":\"https:\/\/trakesh.com\/#organization\"},\"potentialAction\":[{\"@type\":\"SearchAction\",\"target\":{\"@type\":\"EntryPoint\",\"urlTemplate\":\"https:\/\/trakesh.com\/?s={search_term_string}\"},\"query-input\":{\"@type\":\"PropertyValueSpecification\",\"valueRequired\":true,\"valueName\":\"search_term_string\"}}],\"inLanguage\":\"ar\"},{\"@type\":\"Organization\",\"@id\":\"https:\/\/trakesh.com\/#organization\",\"name\":\"TRAKECH PARTS\",\"url\":\"https:\/\/trakesh.com\/\",\"logo\":{\"@type\":\"ImageObject\",\"inLanguage\":\"ar\",\"@id\":\"https:\/\/trakesh.com\/#\/schema\/logo\/image\/\",\"url\":\"https:\/\/trakesh.com\/wp-content\/uploads\/2025\/05\/cropped-cropped-cropped-cropped-cropped-cropped-cropped-trakesh-removebg-preview-1.png\",\"contentUrl\":\"https:\/\/trakesh.com\/wp-content\/uploads\/2025\/05\/cropped-cropped-cropped-cropped-cropped-cropped-cropped-trakesh-removebg-preview-1.png\",\"width\":342,\"height\":96,\"caption\":\"TRAKECH PARTS\"},\"image\":{\"@id\":\"https:\/\/trakesh.com\/#\/schema\/logo\/image\/\"},\"sameAs\":[\"https:\/\/web.facebook.com\/trakechparts\/?locale=fr_FR\",\"https:\/\/www.instagram.com\/trakech_parts\/\"]}]}<\/script>\n<!-- \/ Yoast SEO plugin. -->","yoast_head_json":{"title":"REF : AE4440 - TRAKECH PARTS","robots":{"index":"index","follow":"follow","max-snippet":"max-snippet:-1","max-image-preview":"max-image-preview:large","max-video-preview":"max-video-preview:-1"},"canonical":"https:\/\/trakesh.com\/ar\/notre-boutique\/iveco\/ref-ae-4440\/","og_locale":"ar_AR","og_type":"article","og_title":"REF : AE4440 - TRAKECH PARTS","og_description":"Nom : Soupape de protection \/ Protection Valve \ud83d\udd39 Compatibilit\u00e9 :V\u00e9hicules industriels : DAF, IVECO, MAN, MERCEDES-BENZ, RENAULT TRUCKS, SCANIA, VOLVO.Utilis\u00e9e dans les syst\u00e8mes de freinage pneumatique KNORR-BREMSE et compatible avec ABS\/EBS. \ud83d\udd39 Fonction :S\u00e9pare et prot\u00e8ge les circuits pneumatiques afin d\u2019\u00e9viter toute perte de pression dans un circuit d\u00e9fectueux.Maintient une pression stable et assure un fonctionnement s\u00fbr du freinage.Permet de pr\u00e9server l\u2019int\u00e9grit\u00e9 des composants du syst\u00e8me pneumatique. \ud83d\udd39 Applications :Camions, bus, autocars, remorques et semi-remorques \u00e9quip\u00e9s de syst\u00e8mes KNORR-BREMSE. \ud83d\udd39 Installation :Fixer la soupape de protection sur le ch\u00e2ssis selon les recommandations constructeur.Connecter correctement les conduites d\u2019air (entr\u00e9e, sortie, commande).V\u00e9rifier l\u2019\u00e9tanch\u00e9it\u00e9 et tester le syst\u00e8me pneumatique pour confirmer le bon fonctionnement. \u2699\ufe0f Avantages :Fiabilit\u00e9 et robustesse KNORR-BREMSE (pi\u00e8ce d\u2019origine).S\u00e9curit\u00e9 renforc\u00e9e gr\u00e2ce \u00e0 la protection des circuits pneumatiques.Compatibilit\u00e9 avec une large gamme de v\u00e9hicules industriels.","og_url":"https:\/\/trakesh.com\/ar\/notre-boutique\/iveco\/ref-ae-4440\/","og_site_name":"TRAKECH PARTS","article_publisher":"https:\/\/web.facebook.com\/trakechparts\/?locale=fr_FR","article_modified_time":"2025-11-01T20:08:08+00:00","og_image":[{"width":800,"height":800,"url":"https:\/\/trakesh.com\/wp-content\/uploads\/2025\/09\/MA-2025-11-01T210052.675.png","type":"image\/png"}],"twitter_card":"summary_large_image","twitter_misc":{"\u0648\u0642\u062a \u0627\u0644\u0642\u0631\u0627\u0621\u0629 \u0627\u0644\u0645\u064f\u0642\u062f\u0651\u0631":"\u062f\u0642\u064a\u0642\u0629 \u0648\u0627\u062d\u062f\u0629"},"schema":{"@context":"https:\/\/schema.org","@graph":[{"@type":"WebPage","@id":"https:\/\/trakesh.com\/notre-boutique\/iveco\/ref-ae-4440\/","url":"https:\/\/trakesh.com\/notre-boutique\/iveco\/ref-ae-4440\/","name":"REF : AE4440 - TRAKECH PARTS","isPartOf":{"@id":"https:\/\/trakesh.com\/#website"},"primaryImageOfPage":{"@id":"https:\/\/trakesh.com\/notre-boutique\/iveco\/ref-ae-4440\/#primaryimage"},"image":{"@id":"https:\/\/trakesh.com\/notre-boutique\/iveco\/ref-ae-4440\/#primaryimage"},"thumbnailUrl":"https:\/\/trakesh.com\/wp-content\/uploads\/2025\/09\/MA-2025-11-01T210052.675.png","datePublished":"2025-09-14T21:00:04+00:00","dateModified":"2025-11-01T20:08:08+00:00","breadcrumb":{"@id":"https:\/\/trakesh.com\/notre-boutique\/iveco\/ref-ae-4440\/#breadcrumb"},"inLanguage":"ar","potentialAction":[{"@type":"ReadAction","target":["https:\/\/trakesh.com\/notre-boutique\/iveco\/ref-ae-4440\/"]}]},{"@type":"ImageObject","inLanguage":"ar","@id":"https:\/\/trakesh.com\/notre-boutique\/iveco\/ref-ae-4440\/#primaryimage","url":"https:\/\/trakesh.com\/wp-content\/uploads\/2025\/09\/MA-2025-11-01T210052.675.png","contentUrl":"https:\/\/trakesh.com\/wp-content\/uploads\/2025\/09\/MA-2025-11-01T210052.675.png","width":800,"height":800},{"@type":"BreadcrumbList","@id":"https:\/\/trakesh.com\/notre-boutique\/iveco\/ref-ae-4440\/#breadcrumb","itemListElement":[{"@type":"ListItem","position":1,"name":"Home","item":"https:\/\/trakesh.com\/"},{"@type":"ListItem","position":2,"name":"Notre Boutique","item":"https:\/\/trakesh.com\/notre-boutique\/"},{"@type":"ListItem","position":3,"name":"REF : AE4440"}]},{"@type":"WebSite","@id":"https:\/\/trakesh.com\/#website","url":"https:\/\/trakesh.com\/","name":"TRAKECH PARTS","description":"Pi\u00e8ces de rechange pour camions MAN, moteurs CATERPILLAR et PERKINS \u2013 Maroc","publisher":{"@id":"https:\/\/trakesh.com\/#organization"},"potentialAction":[{"@type":"SearchAction","target":{"@type":"EntryPoint","urlTemplate":"https:\/\/trakesh.com\/?s={search_term_string}"},"query-input":{"@type":"PropertyValueSpecification","valueRequired":true,"valueName":"search_term_string"}}],"inLanguage":"ar"},{"@type":"Organization","@id":"https:\/\/trakesh.com\/#organization","name":"TRAKECH PARTS","url":"https:\/\/trakesh.com\/","logo":{"@type":"ImageObject","inLanguage":"ar","@id":"https:\/\/trakesh.com\/#\/schema\/logo\/image\/","url":"https:\/\/trakesh.com\/wp-content\/uploads\/2025\/05\/cropped-cropped-cropped-cropped-cropped-cropped-cropped-trakesh-removebg-preview-1.png","contentUrl":"https:\/\/trakesh.com\/wp-content\/uploads\/2025\/05\/cropped-cropped-cropped-cropped-cropped-cropped-cropped-trakesh-removebg-preview-1.png","width":342,"height":96,"caption":"TRAKECH PARTS"},"image":{"@id":"https:\/\/trakesh.com\/#\/schema\/logo\/image\/"},"sameAs":["https:\/\/web.facebook.com\/trakechparts\/?locale=fr_FR","https:\/\/www.instagram.com\/trakech_parts\/"]}]}},"_links":{"self":[{"href":"https:\/\/trakesh.com\/ar\/wp-json\/wp\/v2\/product\/8879","targetHints":{"allow":["GET"]}}],"collection":[{"href":"https:\/\/trakesh.com\/ar\/wp-json\/wp\/v2\/product"}],"about":[{"href":"https:\/\/trakesh.com\/ar\/wp-json\/wp\/v2\/types\/product"}],"replies":[{"embeddable":true,"href":"https:\/\/trakesh.com\/ar\/wp-json\/wp\/v2\/comments?post=8879"}],"wp:featuredmedia":[{"embeddable":true,"href":"https:\/\/trakesh.com\/ar\/wp-json\/wp\/v2\/media\/9437"}],"wp:attachment":[{"href":"https:\/\/trakesh.com\/ar\/wp-json\/wp\/v2\/media?parent=8879"}],"wp:term":[{"taxonomy":"product_brand","embeddable":true,"href":"https:\/\/trakesh.com\/ar\/wp-json\/wp\/v2\/product_brand?post=8879"},{"taxonomy":"product_cat","embeddable":true,"href":"https:\/\/trakesh.com\/ar\/wp-json\/wp\/v2\/product_cat?post=8879"},{"taxonomy":"product_tag","embeddable":true,"href":"https:\/\/trakesh.com\/ar\/wp-json\/wp\/v2\/product_tag?post=8879"}],"curies":[{"name":"wp","href":"https:\/\/api.w.org\/{rel}","templated":true}]}}