{"id":8884,"date":"2025-09-14T22:13:22","date_gmt":"2025-09-14T21:13:22","guid":{"rendered":"https:\/\/trakesh.com\/?post_type=product&#038;p=8884"},"modified":"2025-11-01T20:49:44","modified_gmt":"2025-11-01T19:49:44","slug":"ref-628260am","status":"publish","type":"product","link":"https:\/\/trakesh.com\/ar\/notre-boutique\/daf\/ref-628260am\/","title":{"rendered":"REF : 628260AM"},"content":{"rendered":"<p data-start=\"112\" data-end=\"331\"><strong>Description : Amplificateur d\u2019embrayage KONGSBERG, con\u00e7u pour faciliter l\u2019actionnement de l\u2019embrayage sur les v\u00e9hicules industriels en r\u00e9duisant l\u2019effort du conducteur et en am\u00e9liorant la r\u00e9activit\u00e9 du syst\u00e8me.<\/strong><\/p>\n<p data-start=\"333\" data-end=\"390\">","protected":false},"excerpt":{"rendered":"<p data-start=\"333\" data-end=\"390\"><strong data-start=\"336\" data-end=\"343\">Nom<\/strong> : <strong>Amplificateur d\u2019embrayage \/ Clutch Booster<\/strong><\/p>\n<p data-start=\"392\" data-end=\"584\">\ud83d\udd39 <strong data-start=\"395\" data-end=\"412\">Compatibilit\u00e9<\/strong> :<br data-start=\"414\" data-end=\"417\" \/>V\u00e9hicules industriels \u00e9quip\u00e9s de syst\u00e8mes KONGSBERG.<br data-start=\"469\" data-end=\"472\" \/>Adapt\u00e9 aux camions, bus, autocars et autres v\u00e9hicules lourds n\u00e9cessitant un embrayage assist\u00e9 pneumatiquement.<\/p>\n<p data-start=\"586\" data-end=\"882\">\ud83d\udd39 <strong data-start=\"589\" data-end=\"601\">Fonction<\/strong> :<br data-start=\"603\" data-end=\"606\" \/>Amplifie la force appliqu\u00e9e sur la p\u00e9dale d\u2019embrayage pour un engagement plus facile et plus pr\u00e9cis.<br data-start=\"706\" data-end=\"709\" \/>Assure une transmission fluide de la puissance et r\u00e9duit l\u2019usure de l\u2019embrayage.<br data-start=\"789\" data-end=\"792\" \/>Am\u00e9liore le confort de conduite et la s\u00e9curit\u00e9 en facilitant le contr\u00f4le de l\u2019embrayage.<\/p>\n<p data-start=\"884\" data-end=\"1010\">\ud83d\udd39 <strong data-start=\"887\" data-end=\"903\">Applications<\/strong> :<br data-start=\"905\" data-end=\"908\" \/>Camions, bus, autocars et v\u00e9hicules industriels lourds avec syst\u00e8me d\u2019embrayage assist\u00e9 pneumatique.<\/p>\n<p data-start=\"1012\" data-end=\"1295\">\ud83d\udd39 <strong data-start=\"1015\" data-end=\"1031\">Installation<\/strong> :<br data-start=\"1033\" data-end=\"1036\" \/>Fixer l\u2019amplificateur d\u2019embrayage sur le support pr\u00e9vu par le constructeur.<br data-start=\"1111\" data-end=\"1114\" \/>Connecter les conduites pneumatiques et v\u00e9rifier la liaison m\u00e9canique avec la p\u00e9dale d\u2019embrayage.<br data-start=\"1211\" data-end=\"1214\" \/>Tester le bon fonctionnement et l\u2019engagement de l\u2019embrayage apr\u00e8s installation.<\/p>\n<p data-start=\"1297\" data-end=\"1514\">\u2699\ufe0f <strong data-start=\"1300\" data-end=\"1313\">Avantages<\/strong> :<br data-start=\"1315\" data-end=\"1318\" \/>Fiabilit\u00e9 et robustesse KONGSBERG (pi\u00e8ce d\u2019origine).<br data-start=\"1370\" data-end=\"1373\" \/>R\u00e9duction de l\u2019effort du conducteur pour un confort optimal.<br data-start=\"1433\" data-end=\"1436\" \/>Prolonge la dur\u00e9e de vie de l\u2019embrayage et am\u00e9liore la s\u00e9curit\u00e9 du v\u00e9hicule.<\/p>","protected":false},"featured_media":9434,"comment_status":"open","ping_status":"closed","template":"","meta":[],"product_brand":[78],"product_cat":[73],"product_tag":[],"class_list":{"0":"post-8884","1":"product","2":"type-product","3":"status-publish","4":"has-post-thumbnail","6":"product_brand-kgsb","7":"product_cat-daf","9":"first","10":"instock","11":"shipping-taxable","12":"product-type-simple"},"yoast_head":"<!-- This site is optimized with the Yoast SEO plugin v25.5 - https:\/\/yoast.com\/wordpress\/plugins\/seo\/ -->\n<title>REF : 628260AM - TRAKECH PARTS<\/title>\n<meta name=\"robots\" content=\"index, follow, max-snippet:-1, max-image-preview:large, max-video-preview:-1\" \/>\n<link rel=\"canonical\" href=\"https:\/\/trakesh.com\/ar\/notre-boutique\/daf\/ref-628260am\/\" \/>\n<meta property=\"og:locale\" content=\"ar_AR\" \/>\n<meta property=\"og:type\" content=\"article\" \/>\n<meta property=\"og:title\" content=\"REF : 628260AM - TRAKECH PARTS\" \/>\n<meta property=\"og:description\" content=\"Nom : Amplificateur d\u2019embrayage \/ Clutch Booster \ud83d\udd39 Compatibilit\u00e9 :V\u00e9hicules industriels \u00e9quip\u00e9s de syst\u00e8mes KONGSBERG.Adapt\u00e9 aux camions, bus, autocars et autres v\u00e9hicules lourds n\u00e9cessitant un embrayage assist\u00e9 pneumatiquement. \ud83d\udd39 Fonction :Amplifie la force appliqu\u00e9e sur la p\u00e9dale d\u2019embrayage pour un engagement plus facile et plus pr\u00e9cis.Assure une transmission fluide de la puissance et r\u00e9duit l\u2019usure de l\u2019embrayage.Am\u00e9liore le confort de conduite et la s\u00e9curit\u00e9 en facilitant le contr\u00f4le de l\u2019embrayage. \ud83d\udd39 Applications :Camions, bus, autocars et v\u00e9hicules industriels lourds avec syst\u00e8me d\u2019embrayage assist\u00e9 pneumatique. \ud83d\udd39 Installation :Fixer l\u2019amplificateur d\u2019embrayage sur le support pr\u00e9vu par le constructeur.Connecter les conduites pneumatiques et v\u00e9rifier la liaison m\u00e9canique avec la p\u00e9dale d\u2019embrayage.Tester le bon fonctionnement et l\u2019engagement de l\u2019embrayage apr\u00e8s installation. \u2699\ufe0f Avantages :Fiabilit\u00e9 et robustesse KONGSBERG (pi\u00e8ce d\u2019origine).R\u00e9duction de l\u2019effort du conducteur pour un confort optimal.Prolonge la dur\u00e9e de vie de l\u2019embrayage et am\u00e9liore la s\u00e9curit\u00e9 du v\u00e9hicule.\" \/>\n<meta property=\"og:url\" content=\"https:\/\/trakesh.com\/ar\/notre-boutique\/daf\/ref-628260am\/\" \/>\n<meta property=\"og:site_name\" content=\"TRAKECH PARTS\" \/>\n<meta property=\"article:publisher\" content=\"https:\/\/web.facebook.com\/trakechparts\/?locale=fr_FR\" \/>\n<meta property=\"article:modified_time\" content=\"2025-11-01T19:49:44+00:00\" \/>\n<meta property=\"og:image\" content=\"https:\/\/trakesh.com\/wp-content\/uploads\/2025\/09\/MA-2025-11-01T204857.888.png\" \/>\n\t<meta property=\"og:image:width\" content=\"800\" \/>\n\t<meta property=\"og:image:height\" content=\"800\" \/>\n\t<meta property=\"og:image:type\" content=\"image\/png\" \/>\n<meta name=\"twitter:card\" content=\"summary_large_image\" \/>\n<meta name=\"twitter:label1\" content=\"\u0648\u0642\u062a \u0627\u0644\u0642\u0631\u0627\u0621\u0629 \u0627\u0644\u0645\u064f\u0642\u062f\u0651\u0631\" \/>\n\t<meta name=\"twitter:data1\" content=\"\u062f\u0642\u064a\u0642\u0629 \u0648\u0627\u062d\u062f\u0629\" \/>\n<script type=\"application\/ld+json\" class=\"yoast-schema-graph\">{\"@context\":\"https:\/\/schema.org\",\"@graph\":[{\"@type\":\"WebPage\",\"@id\":\"https:\/\/trakesh.com\/notre-boutique\/daf\/ref-628260am\/\",\"url\":\"https:\/\/trakesh.com\/notre-boutique\/daf\/ref-628260am\/\",\"name\":\"REF : 628260AM - TRAKECH PARTS\",\"isPartOf\":{\"@id\":\"https:\/\/trakesh.com\/#website\"},\"primaryImageOfPage\":{\"@id\":\"https:\/\/trakesh.com\/notre-boutique\/daf\/ref-628260am\/#primaryimage\"},\"image\":{\"@id\":\"https:\/\/trakesh.com\/notre-boutique\/daf\/ref-628260am\/#primaryimage\"},\"thumbnailUrl\":\"https:\/\/trakesh.com\/wp-content\/uploads\/2025\/09\/MA-2025-11-01T204857.888.png\",\"datePublished\":\"2025-09-14T21:13:22+00:00\",\"dateModified\":\"2025-11-01T19:49:44+00:00\",\"breadcrumb\":{\"@id\":\"https:\/\/trakesh.com\/notre-boutique\/daf\/ref-628260am\/#breadcrumb\"},\"inLanguage\":\"ar\",\"potentialAction\":[{\"@type\":\"ReadAction\",\"target\":[\"https:\/\/trakesh.com\/notre-boutique\/daf\/ref-628260am\/\"]}]},{\"@type\":\"ImageObject\",\"inLanguage\":\"ar\",\"@id\":\"https:\/\/trakesh.com\/notre-boutique\/daf\/ref-628260am\/#primaryimage\",\"url\":\"https:\/\/trakesh.com\/wp-content\/uploads\/2025\/09\/MA-2025-11-01T204857.888.png\",\"contentUrl\":\"https:\/\/trakesh.com\/wp-content\/uploads\/2025\/09\/MA-2025-11-01T204857.888.png\",\"width\":800,\"height\":800},{\"@type\":\"BreadcrumbList\",\"@id\":\"https:\/\/trakesh.com\/notre-boutique\/daf\/ref-628260am\/#breadcrumb\",\"itemListElement\":[{\"@type\":\"ListItem\",\"position\":1,\"name\":\"Home\",\"item\":\"https:\/\/trakesh.com\/\"},{\"@type\":\"ListItem\",\"position\":2,\"name\":\"Notre Boutique\",\"item\":\"https:\/\/trakesh.com\/notre-boutique\/\"},{\"@type\":\"ListItem\",\"position\":3,\"name\":\"REF : 628260AM\"}]},{\"@type\":\"WebSite\",\"@id\":\"https:\/\/trakesh.com\/#website\",\"url\":\"https:\/\/trakesh.com\/\",\"name\":\"TRAKECH PARTS\",\"description\":\"Pi\u00e8ces de rechange pour camions MAN, moteurs CATERPILLAR et PERKINS \u2013 Maroc\",\"publisher\":{\"@id\":\"https:\/\/trakesh.com\/#organization\"},\"potentialAction\":[{\"@type\":\"SearchAction\",\"target\":{\"@type\":\"EntryPoint\",\"urlTemplate\":\"https:\/\/trakesh.com\/?s={search_term_string}\"},\"query-input\":{\"@type\":\"PropertyValueSpecification\",\"valueRequired\":true,\"valueName\":\"search_term_string\"}}],\"inLanguage\":\"ar\"},{\"@type\":\"Organization\",\"@id\":\"https:\/\/trakesh.com\/#organization\",\"name\":\"TRAKECH PARTS\",\"url\":\"https:\/\/trakesh.com\/\",\"logo\":{\"@type\":\"ImageObject\",\"inLanguage\":\"ar\",\"@id\":\"https:\/\/trakesh.com\/#\/schema\/logo\/image\/\",\"url\":\"https:\/\/trakesh.com\/wp-content\/uploads\/2025\/05\/cropped-cropped-cropped-cropped-cropped-cropped-cropped-trakesh-removebg-preview-1.png\",\"contentUrl\":\"https:\/\/trakesh.com\/wp-content\/uploads\/2025\/05\/cropped-cropped-cropped-cropped-cropped-cropped-cropped-trakesh-removebg-preview-1.png\",\"width\":342,\"height\":96,\"caption\":\"TRAKECH PARTS\"},\"image\":{\"@id\":\"https:\/\/trakesh.com\/#\/schema\/logo\/image\/\"},\"sameAs\":[\"https:\/\/web.facebook.com\/trakechparts\/?locale=fr_FR\",\"https:\/\/www.instagram.com\/trakech_parts\/\"]}]}<\/script>\n<!-- \/ Yoast SEO plugin. -->","yoast_head_json":{"title":"REF : 628260AM - TRAKECH PARTS","robots":{"index":"index","follow":"follow","max-snippet":"max-snippet:-1","max-image-preview":"max-image-preview:large","max-video-preview":"max-video-preview:-1"},"canonical":"https:\/\/trakesh.com\/ar\/notre-boutique\/daf\/ref-628260am\/","og_locale":"ar_AR","og_type":"article","og_title":"REF : 628260AM - TRAKECH PARTS","og_description":"Nom : Amplificateur d\u2019embrayage \/ Clutch Booster \ud83d\udd39 Compatibilit\u00e9 :V\u00e9hicules industriels \u00e9quip\u00e9s de syst\u00e8mes KONGSBERG.Adapt\u00e9 aux camions, bus, autocars et autres v\u00e9hicules lourds n\u00e9cessitant un embrayage assist\u00e9 pneumatiquement. \ud83d\udd39 Fonction :Amplifie la force appliqu\u00e9e sur la p\u00e9dale d\u2019embrayage pour un engagement plus facile et plus pr\u00e9cis.Assure une transmission fluide de la puissance et r\u00e9duit l\u2019usure de l\u2019embrayage.Am\u00e9liore le confort de conduite et la s\u00e9curit\u00e9 en facilitant le contr\u00f4le de l\u2019embrayage. \ud83d\udd39 Applications :Camions, bus, autocars et v\u00e9hicules industriels lourds avec syst\u00e8me d\u2019embrayage assist\u00e9 pneumatique. \ud83d\udd39 Installation :Fixer l\u2019amplificateur d\u2019embrayage sur le support pr\u00e9vu par le constructeur.Connecter les conduites pneumatiques et v\u00e9rifier la liaison m\u00e9canique avec la p\u00e9dale d\u2019embrayage.Tester le bon fonctionnement et l\u2019engagement de l\u2019embrayage apr\u00e8s installation. \u2699\ufe0f Avantages :Fiabilit\u00e9 et robustesse KONGSBERG (pi\u00e8ce d\u2019origine).R\u00e9duction de l\u2019effort du conducteur pour un confort optimal.Prolonge la dur\u00e9e de vie de l\u2019embrayage et am\u00e9liore la s\u00e9curit\u00e9 du v\u00e9hicule.","og_url":"https:\/\/trakesh.com\/ar\/notre-boutique\/daf\/ref-628260am\/","og_site_name":"TRAKECH PARTS","article_publisher":"https:\/\/web.facebook.com\/trakechparts\/?locale=fr_FR","article_modified_time":"2025-11-01T19:49:44+00:00","og_image":[{"width":800,"height":800,"url":"https:\/\/trakesh.com\/wp-content\/uploads\/2025\/09\/MA-2025-11-01T204857.888.png","type":"image\/png"}],"twitter_card":"summary_large_image","twitter_misc":{"\u0648\u0642\u062a \u0627\u0644\u0642\u0631\u0627\u0621\u0629 \u0627\u0644\u0645\u064f\u0642\u062f\u0651\u0631":"\u062f\u0642\u064a\u0642\u0629 \u0648\u0627\u062d\u062f\u0629"},"schema":{"@context":"https:\/\/schema.org","@graph":[{"@type":"WebPage","@id":"https:\/\/trakesh.com\/notre-boutique\/daf\/ref-628260am\/","url":"https:\/\/trakesh.com\/notre-boutique\/daf\/ref-628260am\/","name":"REF : 628260AM - TRAKECH PARTS","isPartOf":{"@id":"https:\/\/trakesh.com\/#website"},"primaryImageOfPage":{"@id":"https:\/\/trakesh.com\/notre-boutique\/daf\/ref-628260am\/#primaryimage"},"image":{"@id":"https:\/\/trakesh.com\/notre-boutique\/daf\/ref-628260am\/#primaryimage"},"thumbnailUrl":"https:\/\/trakesh.com\/wp-content\/uploads\/2025\/09\/MA-2025-11-01T204857.888.png","datePublished":"2025-09-14T21:13:22+00:00","dateModified":"2025-11-01T19:49:44+00:00","breadcrumb":{"@id":"https:\/\/trakesh.com\/notre-boutique\/daf\/ref-628260am\/#breadcrumb"},"inLanguage":"ar","potentialAction":[{"@type":"ReadAction","target":["https:\/\/trakesh.com\/notre-boutique\/daf\/ref-628260am\/"]}]},{"@type":"ImageObject","inLanguage":"ar","@id":"https:\/\/trakesh.com\/notre-boutique\/daf\/ref-628260am\/#primaryimage","url":"https:\/\/trakesh.com\/wp-content\/uploads\/2025\/09\/MA-2025-11-01T204857.888.png","contentUrl":"https:\/\/trakesh.com\/wp-content\/uploads\/2025\/09\/MA-2025-11-01T204857.888.png","width":800,"height":800},{"@type":"BreadcrumbList","@id":"https:\/\/trakesh.com\/notre-boutique\/daf\/ref-628260am\/#breadcrumb","itemListElement":[{"@type":"ListItem","position":1,"name":"Home","item":"https:\/\/trakesh.com\/"},{"@type":"ListItem","position":2,"name":"Notre Boutique","item":"https:\/\/trakesh.com\/notre-boutique\/"},{"@type":"ListItem","position":3,"name":"REF : 628260AM"}]},{"@type":"WebSite","@id":"https:\/\/trakesh.com\/#website","url":"https:\/\/trakesh.com\/","name":"TRAKECH PARTS","description":"Pi\u00e8ces de rechange pour camions MAN, moteurs CATERPILLAR et PERKINS \u2013 Maroc","publisher":{"@id":"https:\/\/trakesh.com\/#organization"},"potentialAction":[{"@type":"SearchAction","target":{"@type":"EntryPoint","urlTemplate":"https:\/\/trakesh.com\/?s={search_term_string}"},"query-input":{"@type":"PropertyValueSpecification","valueRequired":true,"valueName":"search_term_string"}}],"inLanguage":"ar"},{"@type":"Organization","@id":"https:\/\/trakesh.com\/#organization","name":"TRAKECH PARTS","url":"https:\/\/trakesh.com\/","logo":{"@type":"ImageObject","inLanguage":"ar","@id":"https:\/\/trakesh.com\/#\/schema\/logo\/image\/","url":"https:\/\/trakesh.com\/wp-content\/uploads\/2025\/05\/cropped-cropped-cropped-cropped-cropped-cropped-cropped-trakesh-removebg-preview-1.png","contentUrl":"https:\/\/trakesh.com\/wp-content\/uploads\/2025\/05\/cropped-cropped-cropped-cropped-cropped-cropped-cropped-trakesh-removebg-preview-1.png","width":342,"height":96,"caption":"TRAKECH PARTS"},"image":{"@id":"https:\/\/trakesh.com\/#\/schema\/logo\/image\/"},"sameAs":["https:\/\/web.facebook.com\/trakechparts\/?locale=fr_FR","https:\/\/www.instagram.com\/trakech_parts\/"]}]}},"_links":{"self":[{"href":"https:\/\/trakesh.com\/ar\/wp-json\/wp\/v2\/product\/8884","targetHints":{"allow":["GET"]}}],"collection":[{"href":"https:\/\/trakesh.com\/ar\/wp-json\/wp\/v2\/product"}],"about":[{"href":"https:\/\/trakesh.com\/ar\/wp-json\/wp\/v2\/types\/product"}],"replies":[{"embeddable":true,"href":"https:\/\/trakesh.com\/ar\/wp-json\/wp\/v2\/comments?post=8884"}],"wp:featuredmedia":[{"embeddable":true,"href":"https:\/\/trakesh.com\/ar\/wp-json\/wp\/v2\/media\/9434"}],"wp:attachment":[{"href":"https:\/\/trakesh.com\/ar\/wp-json\/wp\/v2\/media?parent=8884"}],"wp:term":[{"taxonomy":"product_brand","embeddable":true,"href":"https:\/\/trakesh.com\/ar\/wp-json\/wp\/v2\/product_brand?post=8884"},{"taxonomy":"product_cat","embeddable":true,"href":"https:\/\/trakesh.com\/ar\/wp-json\/wp\/v2\/product_cat?post=8884"},{"taxonomy":"product_tag","embeddable":true,"href":"https:\/\/trakesh.com\/ar\/wp-json\/wp\/v2\/product_tag?post=8884"}],"curies":[{"name":"wp","href":"https:\/\/api.w.org\/{rel}","templated":true}]}}