{"id":8893,"date":"2025-09-15T16:05:56","date_gmt":"2025-09-15T15:05:56","guid":{"rendered":"https:\/\/trakesh.com\/?post_type=product&#038;p=8893"},"modified":"2025-11-01T20:47:10","modified_gmt":"2025-11-01T19:47:10","slug":"ref-320-09238","status":"publish","type":"product","link":"https:\/\/trakesh.com\/ar\/notre-boutique\/jcb\/ref-320-09238\/","title":{"rendered":"REF : 320\/09238"},"content":{"rendered":"<p data-start=\"127\" data-end=\"257\"><strong>Description : Kit piston d\u2019origine JCB, comprenant le piston, les segments, l\u2019axe et les circlips n\u00e9cessaires au montage.<\/strong><\/p>\n<p data-start=\"259\" data-end=\"301\">","protected":false},"excerpt":{"rendered":"<p data-start=\"259\" data-end=\"301\"><strong data-start=\"262\" data-end=\"269\">Nom<\/strong> : <strong data-start=\"272\" data-end=\"299\">Kit piston \/ Piston Kit<\/strong><\/p>\n<p data-start=\"303\" data-end=\"327\">\ud83d\udd39 <strong data-start=\"306\" data-end=\"323\">Compatibilit\u00e9<\/strong> :<\/p>\n<ul data-start=\"328\" data-end=\"478\">\n<li data-start=\"328\" data-end=\"385\">\n<p data-start=\"330\" data-end=\"385\">\u00c9quipements <strong data-start=\"342\" data-end=\"349\">JCB<\/strong> (selon mod\u00e8le moteur Diesel JCB).<\/p>\n<\/li>\n<li data-start=\"386\" data-end=\"478\">\n<p data-start=\"388\" data-end=\"478\">Principalement mont\u00e9 sur moteurs <strong data-start=\"421\" data-end=\"438\">JCB Dieselmax<\/strong> et certaines applications hors route.<\/p>\n<\/li>\n<\/ul>\n<p data-start=\"480\" data-end=\"499\">\ud83d\udd39 <strong data-start=\"483\" data-end=\"495\">Fonction<\/strong> :<\/p>\n<ul data-start=\"500\" data-end=\"718\">\n<li data-start=\"500\" data-end=\"590\">\n<p data-start=\"502\" data-end=\"590\">Assure la compression optimale du m\u00e9lange air\/carburant dans la chambre de combustion.<\/p>\n<\/li>\n<li data-start=\"591\" data-end=\"661\">\n<p data-start=\"593\" data-end=\"661\">Garantit la transmission de l\u2019\u00e9nergie g\u00e9n\u00e9r\u00e9e vers le vilebrequin.<\/p>\n<\/li>\n<li data-start=\"662\" data-end=\"718\">\n<p data-start=\"664\" data-end=\"718\">R\u00e9duit les pertes et optimise la performance moteur.<\/p>\n<\/li>\n<\/ul>\n<p data-start=\"720\" data-end=\"743\">\ud83d\udd39 <strong data-start=\"723\" data-end=\"739\">Applications<\/strong> :<\/p>\n<ul data-start=\"744\" data-end=\"904\">\n<li data-start=\"744\" data-end=\"840\">\n<p data-start=\"746\" data-end=\"840\">Utilis\u00e9 sur engins de chantier <strong data-start=\"777\" data-end=\"784\">JCB<\/strong> : chargeuses-pelleteuses, pelles, t\u00e9lescopiques, etc.<\/p>\n<\/li>\n<li data-start=\"841\" data-end=\"904\">\n<p data-start=\"843\" data-end=\"904\">Convient pour la r\u00e9paration ou la r\u00e9vision des moteurs JCB.<\/p>\n<\/li>\n<\/ul>\n<p data-start=\"906\" data-end=\"929\">\ud83d\udd39 <strong data-start=\"909\" data-end=\"925\">Installation<\/strong> :<\/p>\n<ol data-start=\"930\" data-end=\"1208\">\n<li data-start=\"930\" data-end=\"972\">\n<p data-start=\"933\" data-end=\"972\">D\u00e9monter l\u2019ancien piston et segments.<\/p>\n<\/li>\n<li data-start=\"973\" data-end=\"1013\">\n<p data-start=\"976\" data-end=\"1013\">Nettoyer soigneusement le cylindre.<\/p>\n<\/li>\n<li data-start=\"1014\" data-end=\"1080\">\n<p data-start=\"1017\" data-end=\"1080\">Installer le piston neuf avec ses segments dans le bon ordre.<\/p>\n<\/li>\n<li data-start=\"1081\" data-end=\"1136\">\n<p data-start=\"1084\" data-end=\"1136\">Monter l\u2019axe de piston et fixer avec les circlips.<\/p>\n<\/li>\n<li data-start=\"1137\" data-end=\"1208\">\n<p data-start=\"1140\" data-end=\"1208\">V\u00e9rifier le jeu et l\u2019alignement avant remontage complet du moteur.<\/p>\n<\/li>\n<\/ol>\n<hr data-start=\"1210\" data-end=\"1213\" \/>\n<p data-start=\"1215\" data-end=\"1235\">\u2699\ufe0f <strong data-start=\"1218\" data-end=\"1231\">Avantages<\/strong> :<\/p>\n<ul data-start=\"1236\" data-end=\"1397\">\n<li data-start=\"1236\" data-end=\"1298\">\n<p data-start=\"1238\" data-end=\"1298\">Pi\u00e8ce d\u2019origine JCB \u2192 performance et durabilit\u00e9 garanties.<\/p>\n<\/li>\n<li data-start=\"1299\" data-end=\"1332\">\n<p data-start=\"1301\" data-end=\"1332\">Kit complet pr\u00eat \u00e0 installer.<\/p>\n<\/li>\n<li data-start=\"1333\" data-end=\"1397\">\n<p data-start=\"1335\" data-end=\"1397\">Am\u00e9liore la fiabilit\u00e9 et prolonge la dur\u00e9e de vie du moteur.<\/p>\n<\/li>\n<\/ul>","protected":false},"featured_media":9433,"comment_status":"open","ping_status":"closed","template":"","meta":[],"product_brand":[285],"product_cat":[286],"product_tag":[],"class_list":{"0":"post-8893","1":"product","2":"type-product","3":"status-publish","4":"has-post-thumbnail","6":"product_brand-jcb","7":"product_cat-jcb","9":"first","10":"instock","11":"shipping-taxable","12":"product-type-simple"},"yoast_head":"<!-- This site is optimized with the Yoast SEO plugin v25.5 - https:\/\/yoast.com\/wordpress\/plugins\/seo\/ -->\n<title>REF : 320\/09238 - TRAKECH PARTS<\/title>\n<meta name=\"robots\" content=\"index, follow, max-snippet:-1, max-image-preview:large, max-video-preview:-1\" \/>\n<link rel=\"canonical\" href=\"https:\/\/trakesh.com\/ar\/notre-boutique\/jcb\/ref-320-09238\/\" \/>\n<meta property=\"og:locale\" content=\"ar_AR\" \/>\n<meta property=\"og:type\" content=\"article\" \/>\n<meta property=\"og:title\" content=\"REF : 320\/09238 - TRAKECH PARTS\" \/>\n<meta property=\"og:description\" content=\"Nom : Kit piston \/ Piston Kit \ud83d\udd39 Compatibilit\u00e9 :     \u00c9quipements JCB (selon mod\u00e8le moteur Diesel JCB).    Principalement mont\u00e9 sur moteurs JCB Dieselmax et certaines applications hors route.   \ud83d\udd39 Fonction :     Assure la compression optimale du m\u00e9lange air\/carburant dans la chambre de combustion.    Garantit la transmission de l\u2019\u00e9nergie g\u00e9n\u00e9r\u00e9e vers le vilebrequin.    R\u00e9duit les pertes et optimise la performance moteur.   \ud83d\udd39 Applications :     Utilis\u00e9 sur engins de chantier JCB : chargeuses-pelleteuses, pelles, t\u00e9lescopiques, etc.    Convient pour la r\u00e9paration ou la r\u00e9vision des moteurs JCB.   \ud83d\udd39 Installation :     D\u00e9monter l\u2019ancien piston et segments.    Nettoyer soigneusement le cylindre.    Installer le piston neuf avec ses segments dans le bon ordre.    Monter l\u2019axe de piston et fixer avec les circlips.    V\u00e9rifier le jeu et l\u2019alignement avant remontage complet du moteur.     \u2699\ufe0f Avantages :     Pi\u00e8ce d\u2019origine JCB \u2192 performance et durabilit\u00e9 garanties.    Kit complet pr\u00eat \u00e0 installer.    Am\u00e9liore la fiabilit\u00e9 et prolonge la dur\u00e9e de vie du moteur.\" \/>\n<meta property=\"og:url\" content=\"https:\/\/trakesh.com\/ar\/notre-boutique\/jcb\/ref-320-09238\/\" \/>\n<meta property=\"og:site_name\" content=\"TRAKECH PARTS\" \/>\n<meta property=\"article:publisher\" content=\"https:\/\/web.facebook.com\/trakechparts\/?locale=fr_FR\" \/>\n<meta property=\"article:modified_time\" content=\"2025-11-01T19:47:10+00:00\" \/>\n<meta property=\"og:image\" content=\"https:\/\/trakesh.com\/wp-content\/uploads\/2025\/09\/MA-2025-11-01T204551.351.png\" \/>\n\t<meta property=\"og:image:width\" content=\"800\" \/>\n\t<meta property=\"og:image:height\" content=\"800\" \/>\n\t<meta property=\"og:image:type\" content=\"image\/png\" \/>\n<meta name=\"twitter:card\" content=\"summary_large_image\" \/>\n<meta name=\"twitter:label1\" content=\"\u0648\u0642\u062a \u0627\u0644\u0642\u0631\u0627\u0621\u0629 \u0627\u0644\u0645\u064f\u0642\u062f\u0651\u0631\" \/>\n\t<meta name=\"twitter:data1\" content=\"\u062f\u0642\u064a\u0642\u0629 \u0648\u0627\u062d\u062f\u0629\" \/>\n<script type=\"application\/ld+json\" class=\"yoast-schema-graph\">{\"@context\":\"https:\/\/schema.org\",\"@graph\":[{\"@type\":\"WebPage\",\"@id\":\"https:\/\/trakesh.com\/notre-boutique\/jcb\/ref-320-09238\/\",\"url\":\"https:\/\/trakesh.com\/notre-boutique\/jcb\/ref-320-09238\/\",\"name\":\"REF : 320\/09238 - TRAKECH PARTS\",\"isPartOf\":{\"@id\":\"https:\/\/trakesh.com\/#website\"},\"primaryImageOfPage\":{\"@id\":\"https:\/\/trakesh.com\/notre-boutique\/jcb\/ref-320-09238\/#primaryimage\"},\"image\":{\"@id\":\"https:\/\/trakesh.com\/notre-boutique\/jcb\/ref-320-09238\/#primaryimage\"},\"thumbnailUrl\":\"https:\/\/trakesh.com\/wp-content\/uploads\/2025\/09\/MA-2025-11-01T204551.351.png\",\"datePublished\":\"2025-09-15T15:05:56+00:00\",\"dateModified\":\"2025-11-01T19:47:10+00:00\",\"breadcrumb\":{\"@id\":\"https:\/\/trakesh.com\/notre-boutique\/jcb\/ref-320-09238\/#breadcrumb\"},\"inLanguage\":\"ar\",\"potentialAction\":[{\"@type\":\"ReadAction\",\"target\":[\"https:\/\/trakesh.com\/notre-boutique\/jcb\/ref-320-09238\/\"]}]},{\"@type\":\"ImageObject\",\"inLanguage\":\"ar\",\"@id\":\"https:\/\/trakesh.com\/notre-boutique\/jcb\/ref-320-09238\/#primaryimage\",\"url\":\"https:\/\/trakesh.com\/wp-content\/uploads\/2025\/09\/MA-2025-11-01T204551.351.png\",\"contentUrl\":\"https:\/\/trakesh.com\/wp-content\/uploads\/2025\/09\/MA-2025-11-01T204551.351.png\",\"width\":800,\"height\":800},{\"@type\":\"BreadcrumbList\",\"@id\":\"https:\/\/trakesh.com\/notre-boutique\/jcb\/ref-320-09238\/#breadcrumb\",\"itemListElement\":[{\"@type\":\"ListItem\",\"position\":1,\"name\":\"Home\",\"item\":\"https:\/\/trakesh.com\/\"},{\"@type\":\"ListItem\",\"position\":2,\"name\":\"Notre Boutique\",\"item\":\"https:\/\/trakesh.com\/notre-boutique\/\"},{\"@type\":\"ListItem\",\"position\":3,\"name\":\"REF : 320\/09238\"}]},{\"@type\":\"WebSite\",\"@id\":\"https:\/\/trakesh.com\/#website\",\"url\":\"https:\/\/trakesh.com\/\",\"name\":\"TRAKECH PARTS\",\"description\":\"Pi\u00e8ces de rechange pour camions MAN, moteurs CATERPILLAR et PERKINS \u2013 Maroc\",\"publisher\":{\"@id\":\"https:\/\/trakesh.com\/#organization\"},\"potentialAction\":[{\"@type\":\"SearchAction\",\"target\":{\"@type\":\"EntryPoint\",\"urlTemplate\":\"https:\/\/trakesh.com\/?s={search_term_string}\"},\"query-input\":{\"@type\":\"PropertyValueSpecification\",\"valueRequired\":true,\"valueName\":\"search_term_string\"}}],\"inLanguage\":\"ar\"},{\"@type\":\"Organization\",\"@id\":\"https:\/\/trakesh.com\/#organization\",\"name\":\"TRAKECH PARTS\",\"url\":\"https:\/\/trakesh.com\/\",\"logo\":{\"@type\":\"ImageObject\",\"inLanguage\":\"ar\",\"@id\":\"https:\/\/trakesh.com\/#\/schema\/logo\/image\/\",\"url\":\"https:\/\/trakesh.com\/wp-content\/uploads\/2025\/05\/cropped-cropped-cropped-cropped-cropped-cropped-cropped-trakesh-removebg-preview-1.png\",\"contentUrl\":\"https:\/\/trakesh.com\/wp-content\/uploads\/2025\/05\/cropped-cropped-cropped-cropped-cropped-cropped-cropped-trakesh-removebg-preview-1.png\",\"width\":342,\"height\":96,\"caption\":\"TRAKECH PARTS\"},\"image\":{\"@id\":\"https:\/\/trakesh.com\/#\/schema\/logo\/image\/\"},\"sameAs\":[\"https:\/\/web.facebook.com\/trakechparts\/?locale=fr_FR\",\"https:\/\/www.instagram.com\/trakech_parts\/\"]}]}<\/script>\n<!-- \/ Yoast SEO plugin. -->","yoast_head_json":{"title":"REF : 320\/09238 - TRAKECH PARTS","robots":{"index":"index","follow":"follow","max-snippet":"max-snippet:-1","max-image-preview":"max-image-preview:large","max-video-preview":"max-video-preview:-1"},"canonical":"https:\/\/trakesh.com\/ar\/notre-boutique\/jcb\/ref-320-09238\/","og_locale":"ar_AR","og_type":"article","og_title":"REF : 320\/09238 - TRAKECH PARTS","og_description":"Nom : Kit piston \/ Piston Kit \ud83d\udd39 Compatibilit\u00e9 :     \u00c9quipements JCB (selon mod\u00e8le moteur Diesel JCB).    Principalement mont\u00e9 sur moteurs JCB Dieselmax et certaines applications hors route.   \ud83d\udd39 Fonction :     Assure la compression optimale du m\u00e9lange air\/carburant dans la chambre de combustion.    Garantit la transmission de l\u2019\u00e9nergie g\u00e9n\u00e9r\u00e9e vers le vilebrequin.    R\u00e9duit les pertes et optimise la performance moteur.   \ud83d\udd39 Applications :     Utilis\u00e9 sur engins de chantier JCB : chargeuses-pelleteuses, pelles, t\u00e9lescopiques, etc.    Convient pour la r\u00e9paration ou la r\u00e9vision des moteurs JCB.   \ud83d\udd39 Installation :     D\u00e9monter l\u2019ancien piston et segments.    Nettoyer soigneusement le cylindre.    Installer le piston neuf avec ses segments dans le bon ordre.    Monter l\u2019axe de piston et fixer avec les circlips.    V\u00e9rifier le jeu et l\u2019alignement avant remontage complet du moteur.     \u2699\ufe0f Avantages :     Pi\u00e8ce d\u2019origine JCB \u2192 performance et durabilit\u00e9 garanties.    Kit complet pr\u00eat \u00e0 installer.    Am\u00e9liore la fiabilit\u00e9 et prolonge la dur\u00e9e de vie du moteur.","og_url":"https:\/\/trakesh.com\/ar\/notre-boutique\/jcb\/ref-320-09238\/","og_site_name":"TRAKECH PARTS","article_publisher":"https:\/\/web.facebook.com\/trakechparts\/?locale=fr_FR","article_modified_time":"2025-11-01T19:47:10+00:00","og_image":[{"width":800,"height":800,"url":"https:\/\/trakesh.com\/wp-content\/uploads\/2025\/09\/MA-2025-11-01T204551.351.png","type":"image\/png"}],"twitter_card":"summary_large_image","twitter_misc":{"\u0648\u0642\u062a \u0627\u0644\u0642\u0631\u0627\u0621\u0629 \u0627\u0644\u0645\u064f\u0642\u062f\u0651\u0631":"\u062f\u0642\u064a\u0642\u0629 \u0648\u0627\u062d\u062f\u0629"},"schema":{"@context":"https:\/\/schema.org","@graph":[{"@type":"WebPage","@id":"https:\/\/trakesh.com\/notre-boutique\/jcb\/ref-320-09238\/","url":"https:\/\/trakesh.com\/notre-boutique\/jcb\/ref-320-09238\/","name":"REF : 320\/09238 - TRAKECH PARTS","isPartOf":{"@id":"https:\/\/trakesh.com\/#website"},"primaryImageOfPage":{"@id":"https:\/\/trakesh.com\/notre-boutique\/jcb\/ref-320-09238\/#primaryimage"},"image":{"@id":"https:\/\/trakesh.com\/notre-boutique\/jcb\/ref-320-09238\/#primaryimage"},"thumbnailUrl":"https:\/\/trakesh.com\/wp-content\/uploads\/2025\/09\/MA-2025-11-01T204551.351.png","datePublished":"2025-09-15T15:05:56+00:00","dateModified":"2025-11-01T19:47:10+00:00","breadcrumb":{"@id":"https:\/\/trakesh.com\/notre-boutique\/jcb\/ref-320-09238\/#breadcrumb"},"inLanguage":"ar","potentialAction":[{"@type":"ReadAction","target":["https:\/\/trakesh.com\/notre-boutique\/jcb\/ref-320-09238\/"]}]},{"@type":"ImageObject","inLanguage":"ar","@id":"https:\/\/trakesh.com\/notre-boutique\/jcb\/ref-320-09238\/#primaryimage","url":"https:\/\/trakesh.com\/wp-content\/uploads\/2025\/09\/MA-2025-11-01T204551.351.png","contentUrl":"https:\/\/trakesh.com\/wp-content\/uploads\/2025\/09\/MA-2025-11-01T204551.351.png","width":800,"height":800},{"@type":"BreadcrumbList","@id":"https:\/\/trakesh.com\/notre-boutique\/jcb\/ref-320-09238\/#breadcrumb","itemListElement":[{"@type":"ListItem","position":1,"name":"Home","item":"https:\/\/trakesh.com\/"},{"@type":"ListItem","position":2,"name":"Notre Boutique","item":"https:\/\/trakesh.com\/notre-boutique\/"},{"@type":"ListItem","position":3,"name":"REF : 320\/09238"}]},{"@type":"WebSite","@id":"https:\/\/trakesh.com\/#website","url":"https:\/\/trakesh.com\/","name":"TRAKECH PARTS","description":"Pi\u00e8ces de rechange pour camions MAN, moteurs CATERPILLAR et PERKINS \u2013 Maroc","publisher":{"@id":"https:\/\/trakesh.com\/#organization"},"potentialAction":[{"@type":"SearchAction","target":{"@type":"EntryPoint","urlTemplate":"https:\/\/trakesh.com\/?s={search_term_string}"},"query-input":{"@type":"PropertyValueSpecification","valueRequired":true,"valueName":"search_term_string"}}],"inLanguage":"ar"},{"@type":"Organization","@id":"https:\/\/trakesh.com\/#organization","name":"TRAKECH PARTS","url":"https:\/\/trakesh.com\/","logo":{"@type":"ImageObject","inLanguage":"ar","@id":"https:\/\/trakesh.com\/#\/schema\/logo\/image\/","url":"https:\/\/trakesh.com\/wp-content\/uploads\/2025\/05\/cropped-cropped-cropped-cropped-cropped-cropped-cropped-trakesh-removebg-preview-1.png","contentUrl":"https:\/\/trakesh.com\/wp-content\/uploads\/2025\/05\/cropped-cropped-cropped-cropped-cropped-cropped-cropped-trakesh-removebg-preview-1.png","width":342,"height":96,"caption":"TRAKECH PARTS"},"image":{"@id":"https:\/\/trakesh.com\/#\/schema\/logo\/image\/"},"sameAs":["https:\/\/web.facebook.com\/trakechparts\/?locale=fr_FR","https:\/\/www.instagram.com\/trakech_parts\/"]}]}},"_links":{"self":[{"href":"https:\/\/trakesh.com\/ar\/wp-json\/wp\/v2\/product\/8893","targetHints":{"allow":["GET"]}}],"collection":[{"href":"https:\/\/trakesh.com\/ar\/wp-json\/wp\/v2\/product"}],"about":[{"href":"https:\/\/trakesh.com\/ar\/wp-json\/wp\/v2\/types\/product"}],"replies":[{"embeddable":true,"href":"https:\/\/trakesh.com\/ar\/wp-json\/wp\/v2\/comments?post=8893"}],"wp:featuredmedia":[{"embeddable":true,"href":"https:\/\/trakesh.com\/ar\/wp-json\/wp\/v2\/media\/9433"}],"wp:attachment":[{"href":"https:\/\/trakesh.com\/ar\/wp-json\/wp\/v2\/media?parent=8893"}],"wp:term":[{"taxonomy":"product_brand","embeddable":true,"href":"https:\/\/trakesh.com\/ar\/wp-json\/wp\/v2\/product_brand?post=8893"},{"taxonomy":"product_cat","embeddable":true,"href":"https:\/\/trakesh.com\/ar\/wp-json\/wp\/v2\/product_cat?post=8893"},{"taxonomy":"product_tag","embeddable":true,"href":"https:\/\/trakesh.com\/ar\/wp-json\/wp\/v2\/product_tag?post=8893"}],"curies":[{"name":"wp","href":"https:\/\/api.w.org\/{rel}","templated":true}]}}