{"id":8896,"date":"2025-09-15T16:16:01","date_gmt":"2025-09-15T15:16:01","guid":{"rendered":"https:\/\/trakesh.com\/?post_type=product&#038;p=8896"},"modified":"2025-11-01T20:46:28","modified_gmt":"2025-11-01T19:46:28","slug":"ref-320-09239","status":"publish","type":"product","link":"https:\/\/trakesh.com\/ar\/notre-boutique\/jcb\/ref-320-09239\/","title":{"rendered":"REF : 320\/09239"},"content":{"rendered":"<p><strong>\ud83d\udd39 Description : Kit piston complet d\u2019origine JCB, comprenant le piston, segments, axe et circlips pour assurer une r\u00e9vision moteur fiable.<\/strong><\/p>","protected":false},"excerpt":{"rendered":"<p data-start=\"287\" data-end=\"329\"><strong data-start=\"290\" data-end=\"297\">Nom<\/strong> : <strong data-start=\"300\" data-end=\"327\">Kit piston \/ Piston Kit<\/strong><\/p>\n<p data-start=\"331\" data-end=\"355\">\ud83d\udd39 <strong data-start=\"334\" data-end=\"351\">Compatibilit\u00e9<\/strong> :<\/p>\n<ul data-start=\"356\" data-end=\"549\">\n<li data-start=\"356\" data-end=\"433\">\n<p data-start=\"358\" data-end=\"433\">Moteurs <strong data-start=\"366\" data-end=\"383\">JCB Dieselmax<\/strong> et autres moteurs Diesel JCB selon application.<\/p>\n<\/li>\n<li data-start=\"434\" data-end=\"549\">\n<p data-start=\"436\" data-end=\"549\">\u00c9quipements JCB tels que : <strong data-start=\"463\" data-end=\"546\">chargeuses-pelleteuses, pelles hydrauliques, t\u00e9lescopiques et engins hors route<\/strong>.<\/p>\n<\/li>\n<\/ul>\n<p data-start=\"551\" data-end=\"570\">\ud83d\udd39 <strong data-start=\"554\" data-end=\"566\">Fonction<\/strong> :<\/p>\n<ul data-start=\"571\" data-end=\"749\">\n<li data-start=\"571\" data-end=\"629\">\n<p data-start=\"573\" data-end=\"629\">Garantir la <strong data-start=\"585\" data-end=\"609\">compression optimale<\/strong> dans le cylindre.<\/p>\n<\/li>\n<li data-start=\"630\" data-end=\"693\">\n<p data-start=\"632\" data-end=\"693\">Transmettre l\u2019\u00e9nergie de la combustion vers le vilebrequin.<\/p>\n<\/li>\n<li data-start=\"694\" data-end=\"749\">\n<p data-start=\"696\" data-end=\"749\">Maintenir une performance moteur stable et durable.<\/p>\n<\/li>\n<\/ul>\n<p data-start=\"751\" data-end=\"774\">\ud83d\udd39 <strong data-start=\"754\" data-end=\"770\">Applications<\/strong> :<\/p>\n<ul data-start=\"775\" data-end=\"914\">\n<li data-start=\"775\" data-end=\"840\">\n<p data-start=\"777\" data-end=\"840\">Engins de chantier JCB n\u00e9cessitant une remise en \u00e9tat moteur.<\/p>\n<\/li>\n<li data-start=\"841\" data-end=\"914\">\n<p data-start=\"843\" data-end=\"914\">Convient pour les op\u00e9rations de maintenance pr\u00e9ventive ou corrective.<\/p>\n<\/li>\n<\/ul>\n<p data-start=\"916\" data-end=\"939\">\ud83d\udd39 <strong data-start=\"919\" data-end=\"935\">Installation<\/strong> :<\/p>\n<ol data-start=\"940\" data-end=\"1223\">\n<li data-start=\"940\" data-end=\"981\">\n<p data-start=\"943\" data-end=\"981\">Retirer l\u2019ancien piston et segments.<\/p>\n<\/li>\n<li data-start=\"982\" data-end=\"1030\">\n<p data-start=\"985\" data-end=\"1030\">Contr\u00f4ler l\u2019\u00e9tat de la chemise du cylindre.<\/p>\n<\/li>\n<li data-start=\"1031\" data-end=\"1103\">\n<p data-start=\"1034\" data-end=\"1103\">Installer le nouveau piston avec segments correctement positionn\u00e9s.<\/p>\n<\/li>\n<li data-start=\"1104\" data-end=\"1149\">\n<p data-start=\"1107\" data-end=\"1149\">Monter l\u2019axe et fixer avec les circlips.<\/p>\n<\/li>\n<li data-start=\"1150\" data-end=\"1223\">\n<p data-start=\"1153\" data-end=\"1223\">V\u00e9rifier le jeu piston\/chemise et effectuer le rodage si n\u00e9cessaire.<\/p>\n<\/li>\n<\/ol>\n<hr data-start=\"1225\" data-end=\"1228\" \/>\n<p data-start=\"1230\" data-end=\"1250\">\u2699\ufe0f <strong data-start=\"1233\" data-end=\"1246\">Avantages<\/strong> :<\/p>\n<ul data-start=\"1251\" data-end=\"1419\">\n<li data-start=\"1251\" data-end=\"1315\">\n<p data-start=\"1253\" data-end=\"1315\"><strong data-start=\"1253\" data-end=\"1276\">Pi\u00e8ce d\u2019origine JCB<\/strong> \u2192 qualit\u00e9 et compatibilit\u00e9 assur\u00e9es.<\/p>\n<\/li>\n<li data-start=\"1316\" data-end=\"1350\">\n<p data-start=\"1318\" data-end=\"1350\">Kit complet, pr\u00eat \u00e0 installer.<\/p>\n<\/li>\n<li data-start=\"1351\" data-end=\"1419\">\n<p data-start=\"1353\" data-end=\"1419\">Am\u00e9liore la fiabilit\u00e9 du moteur et r\u00e9duit les risques de pannes.<\/p>\n<\/li>\n<\/ul>","protected":false},"featured_media":9433,"comment_status":"open","ping_status":"closed","template":"","meta":[],"product_brand":[285],"product_cat":[286],"product_tag":[],"class_list":{"0":"post-8896","1":"product","2":"type-product","3":"status-publish","4":"has-post-thumbnail","6":"product_brand-jcb","7":"product_cat-jcb","9":"first","10":"instock","11":"shipping-taxable","12":"product-type-simple"},"yoast_head":"<!-- This site is optimized with the Yoast SEO plugin v25.5 - https:\/\/yoast.com\/wordpress\/plugins\/seo\/ -->\n<title>REF : 320\/09239 - TRAKECH PARTS<\/title>\n<meta name=\"robots\" content=\"index, follow, max-snippet:-1, max-image-preview:large, max-video-preview:-1\" \/>\n<link rel=\"canonical\" href=\"https:\/\/trakesh.com\/ar\/notre-boutique\/jcb\/ref-320-09239\/\" \/>\n<meta property=\"og:locale\" content=\"ar_AR\" \/>\n<meta property=\"og:type\" content=\"article\" \/>\n<meta property=\"og:title\" content=\"REF : 320\/09239 - TRAKECH PARTS\" \/>\n<meta property=\"og:description\" content=\"Nom : Kit piston \/ Piston Kit \ud83d\udd39 Compatibilit\u00e9 :     Moteurs JCB Dieselmax et autres moteurs Diesel JCB selon application.    \u00c9quipements JCB tels que : chargeuses-pelleteuses, pelles hydrauliques, t\u00e9lescopiques et engins hors route.   \ud83d\udd39 Fonction :     Garantir la compression optimale dans le cylindre.    Transmettre l\u2019\u00e9nergie de la combustion vers le vilebrequin.    Maintenir une performance moteur stable et durable.   \ud83d\udd39 Applications :     Engins de chantier JCB n\u00e9cessitant une remise en \u00e9tat moteur.    Convient pour les op\u00e9rations de maintenance pr\u00e9ventive ou corrective.   \ud83d\udd39 Installation :     Retirer l\u2019ancien piston et segments.    Contr\u00f4ler l\u2019\u00e9tat de la chemise du cylindre.    Installer le nouveau piston avec segments correctement positionn\u00e9s.    Monter l\u2019axe et fixer avec les circlips.    V\u00e9rifier le jeu piston\/chemise et effectuer le rodage si n\u00e9cessaire.     \u2699\ufe0f Avantages :     Pi\u00e8ce d\u2019origine JCB \u2192 qualit\u00e9 et compatibilit\u00e9 assur\u00e9es.    Kit complet, pr\u00eat \u00e0 installer.    Am\u00e9liore la fiabilit\u00e9 du moteur et r\u00e9duit les risques de pannes.\" \/>\n<meta property=\"og:url\" content=\"https:\/\/trakesh.com\/ar\/notre-boutique\/jcb\/ref-320-09239\/\" \/>\n<meta property=\"og:site_name\" content=\"TRAKECH PARTS\" \/>\n<meta property=\"article:publisher\" content=\"https:\/\/web.facebook.com\/trakechparts\/?locale=fr_FR\" \/>\n<meta property=\"article:modified_time\" content=\"2025-11-01T19:46:28+00:00\" \/>\n<meta property=\"og:image\" content=\"https:\/\/trakesh.com\/wp-content\/uploads\/2025\/09\/MA-2025-11-01T204551.351.png\" \/>\n\t<meta property=\"og:image:width\" content=\"800\" \/>\n\t<meta property=\"og:image:height\" content=\"800\" \/>\n\t<meta property=\"og:image:type\" content=\"image\/png\" \/>\n<meta name=\"twitter:card\" content=\"summary_large_image\" \/>\n<meta name=\"twitter:label1\" content=\"\u0648\u0642\u062a \u0627\u0644\u0642\u0631\u0627\u0621\u0629 \u0627\u0644\u0645\u064f\u0642\u062f\u0651\u0631\" \/>\n\t<meta name=\"twitter:data1\" content=\"\u062f\u0642\u064a\u0642\u0629 \u0648\u0627\u062d\u062f\u0629\" \/>\n<script type=\"application\/ld+json\" class=\"yoast-schema-graph\">{\"@context\":\"https:\/\/schema.org\",\"@graph\":[{\"@type\":\"WebPage\",\"@id\":\"https:\/\/trakesh.com\/notre-boutique\/jcb\/ref-320-09239\/\",\"url\":\"https:\/\/trakesh.com\/notre-boutique\/jcb\/ref-320-09239\/\",\"name\":\"REF : 320\/09239 - TRAKECH PARTS\",\"isPartOf\":{\"@id\":\"https:\/\/trakesh.com\/#website\"},\"primaryImageOfPage\":{\"@id\":\"https:\/\/trakesh.com\/notre-boutique\/jcb\/ref-320-09239\/#primaryimage\"},\"image\":{\"@id\":\"https:\/\/trakesh.com\/notre-boutique\/jcb\/ref-320-09239\/#primaryimage\"},\"thumbnailUrl\":\"https:\/\/trakesh.com\/wp-content\/uploads\/2025\/09\/MA-2025-11-01T204551.351.png\",\"datePublished\":\"2025-09-15T15:16:01+00:00\",\"dateModified\":\"2025-11-01T19:46:28+00:00\",\"breadcrumb\":{\"@id\":\"https:\/\/trakesh.com\/notre-boutique\/jcb\/ref-320-09239\/#breadcrumb\"},\"inLanguage\":\"ar\",\"potentialAction\":[{\"@type\":\"ReadAction\",\"target\":[\"https:\/\/trakesh.com\/notre-boutique\/jcb\/ref-320-09239\/\"]}]},{\"@type\":\"ImageObject\",\"inLanguage\":\"ar\",\"@id\":\"https:\/\/trakesh.com\/notre-boutique\/jcb\/ref-320-09239\/#primaryimage\",\"url\":\"https:\/\/trakesh.com\/wp-content\/uploads\/2025\/09\/MA-2025-11-01T204551.351.png\",\"contentUrl\":\"https:\/\/trakesh.com\/wp-content\/uploads\/2025\/09\/MA-2025-11-01T204551.351.png\",\"width\":800,\"height\":800},{\"@type\":\"BreadcrumbList\",\"@id\":\"https:\/\/trakesh.com\/notre-boutique\/jcb\/ref-320-09239\/#breadcrumb\",\"itemListElement\":[{\"@type\":\"ListItem\",\"position\":1,\"name\":\"Home\",\"item\":\"https:\/\/trakesh.com\/\"},{\"@type\":\"ListItem\",\"position\":2,\"name\":\"Notre Boutique\",\"item\":\"https:\/\/trakesh.com\/notre-boutique\/\"},{\"@type\":\"ListItem\",\"position\":3,\"name\":\"REF : 320\/09239\"}]},{\"@type\":\"WebSite\",\"@id\":\"https:\/\/trakesh.com\/#website\",\"url\":\"https:\/\/trakesh.com\/\",\"name\":\"TRAKECH PARTS\",\"description\":\"Pi\u00e8ces de rechange pour camions MAN, moteurs CATERPILLAR et PERKINS \u2013 Maroc\",\"publisher\":{\"@id\":\"https:\/\/trakesh.com\/#organization\"},\"potentialAction\":[{\"@type\":\"SearchAction\",\"target\":{\"@type\":\"EntryPoint\",\"urlTemplate\":\"https:\/\/trakesh.com\/?s={search_term_string}\"},\"query-input\":{\"@type\":\"PropertyValueSpecification\",\"valueRequired\":true,\"valueName\":\"search_term_string\"}}],\"inLanguage\":\"ar\"},{\"@type\":\"Organization\",\"@id\":\"https:\/\/trakesh.com\/#organization\",\"name\":\"TRAKECH PARTS\",\"url\":\"https:\/\/trakesh.com\/\",\"logo\":{\"@type\":\"ImageObject\",\"inLanguage\":\"ar\",\"@id\":\"https:\/\/trakesh.com\/#\/schema\/logo\/image\/\",\"url\":\"https:\/\/trakesh.com\/wp-content\/uploads\/2025\/05\/cropped-cropped-cropped-cropped-cropped-cropped-cropped-trakesh-removebg-preview-1.png\",\"contentUrl\":\"https:\/\/trakesh.com\/wp-content\/uploads\/2025\/05\/cropped-cropped-cropped-cropped-cropped-cropped-cropped-trakesh-removebg-preview-1.png\",\"width\":342,\"height\":96,\"caption\":\"TRAKECH PARTS\"},\"image\":{\"@id\":\"https:\/\/trakesh.com\/#\/schema\/logo\/image\/\"},\"sameAs\":[\"https:\/\/web.facebook.com\/trakechparts\/?locale=fr_FR\",\"https:\/\/www.instagram.com\/trakech_parts\/\"]}]}<\/script>\n<!-- \/ Yoast SEO plugin. -->","yoast_head_json":{"title":"REF : 320\/09239 - TRAKECH PARTS","robots":{"index":"index","follow":"follow","max-snippet":"max-snippet:-1","max-image-preview":"max-image-preview:large","max-video-preview":"max-video-preview:-1"},"canonical":"https:\/\/trakesh.com\/ar\/notre-boutique\/jcb\/ref-320-09239\/","og_locale":"ar_AR","og_type":"article","og_title":"REF : 320\/09239 - TRAKECH PARTS","og_description":"Nom : Kit piston \/ Piston Kit \ud83d\udd39 Compatibilit\u00e9 :     Moteurs JCB Dieselmax et autres moteurs Diesel JCB selon application.    \u00c9quipements JCB tels que : chargeuses-pelleteuses, pelles hydrauliques, t\u00e9lescopiques et engins hors route.   \ud83d\udd39 Fonction :     Garantir la compression optimale dans le cylindre.    Transmettre l\u2019\u00e9nergie de la combustion vers le vilebrequin.    Maintenir une performance moteur stable et durable.   \ud83d\udd39 Applications :     Engins de chantier JCB n\u00e9cessitant une remise en \u00e9tat moteur.    Convient pour les op\u00e9rations de maintenance pr\u00e9ventive ou corrective.   \ud83d\udd39 Installation :     Retirer l\u2019ancien piston et segments.    Contr\u00f4ler l\u2019\u00e9tat de la chemise du cylindre.    Installer le nouveau piston avec segments correctement positionn\u00e9s.    Monter l\u2019axe et fixer avec les circlips.    V\u00e9rifier le jeu piston\/chemise et effectuer le rodage si n\u00e9cessaire.     \u2699\ufe0f Avantages :     Pi\u00e8ce d\u2019origine JCB \u2192 qualit\u00e9 et compatibilit\u00e9 assur\u00e9es.    Kit complet, pr\u00eat \u00e0 installer.    Am\u00e9liore la fiabilit\u00e9 du moteur et r\u00e9duit les risques de pannes.","og_url":"https:\/\/trakesh.com\/ar\/notre-boutique\/jcb\/ref-320-09239\/","og_site_name":"TRAKECH PARTS","article_publisher":"https:\/\/web.facebook.com\/trakechparts\/?locale=fr_FR","article_modified_time":"2025-11-01T19:46:28+00:00","og_image":[{"width":800,"height":800,"url":"https:\/\/trakesh.com\/wp-content\/uploads\/2025\/09\/MA-2025-11-01T204551.351.png","type":"image\/png"}],"twitter_card":"summary_large_image","twitter_misc":{"\u0648\u0642\u062a \u0627\u0644\u0642\u0631\u0627\u0621\u0629 \u0627\u0644\u0645\u064f\u0642\u062f\u0651\u0631":"\u062f\u0642\u064a\u0642\u0629 \u0648\u0627\u062d\u062f\u0629"},"schema":{"@context":"https:\/\/schema.org","@graph":[{"@type":"WebPage","@id":"https:\/\/trakesh.com\/notre-boutique\/jcb\/ref-320-09239\/","url":"https:\/\/trakesh.com\/notre-boutique\/jcb\/ref-320-09239\/","name":"REF : 320\/09239 - TRAKECH PARTS","isPartOf":{"@id":"https:\/\/trakesh.com\/#website"},"primaryImageOfPage":{"@id":"https:\/\/trakesh.com\/notre-boutique\/jcb\/ref-320-09239\/#primaryimage"},"image":{"@id":"https:\/\/trakesh.com\/notre-boutique\/jcb\/ref-320-09239\/#primaryimage"},"thumbnailUrl":"https:\/\/trakesh.com\/wp-content\/uploads\/2025\/09\/MA-2025-11-01T204551.351.png","datePublished":"2025-09-15T15:16:01+00:00","dateModified":"2025-11-01T19:46:28+00:00","breadcrumb":{"@id":"https:\/\/trakesh.com\/notre-boutique\/jcb\/ref-320-09239\/#breadcrumb"},"inLanguage":"ar","potentialAction":[{"@type":"ReadAction","target":["https:\/\/trakesh.com\/notre-boutique\/jcb\/ref-320-09239\/"]}]},{"@type":"ImageObject","inLanguage":"ar","@id":"https:\/\/trakesh.com\/notre-boutique\/jcb\/ref-320-09239\/#primaryimage","url":"https:\/\/trakesh.com\/wp-content\/uploads\/2025\/09\/MA-2025-11-01T204551.351.png","contentUrl":"https:\/\/trakesh.com\/wp-content\/uploads\/2025\/09\/MA-2025-11-01T204551.351.png","width":800,"height":800},{"@type":"BreadcrumbList","@id":"https:\/\/trakesh.com\/notre-boutique\/jcb\/ref-320-09239\/#breadcrumb","itemListElement":[{"@type":"ListItem","position":1,"name":"Home","item":"https:\/\/trakesh.com\/"},{"@type":"ListItem","position":2,"name":"Notre Boutique","item":"https:\/\/trakesh.com\/notre-boutique\/"},{"@type":"ListItem","position":3,"name":"REF : 320\/09239"}]},{"@type":"WebSite","@id":"https:\/\/trakesh.com\/#website","url":"https:\/\/trakesh.com\/","name":"TRAKECH PARTS","description":"Pi\u00e8ces de rechange pour camions MAN, moteurs CATERPILLAR et PERKINS \u2013 Maroc","publisher":{"@id":"https:\/\/trakesh.com\/#organization"},"potentialAction":[{"@type":"SearchAction","target":{"@type":"EntryPoint","urlTemplate":"https:\/\/trakesh.com\/?s={search_term_string}"},"query-input":{"@type":"PropertyValueSpecification","valueRequired":true,"valueName":"search_term_string"}}],"inLanguage":"ar"},{"@type":"Organization","@id":"https:\/\/trakesh.com\/#organization","name":"TRAKECH PARTS","url":"https:\/\/trakesh.com\/","logo":{"@type":"ImageObject","inLanguage":"ar","@id":"https:\/\/trakesh.com\/#\/schema\/logo\/image\/","url":"https:\/\/trakesh.com\/wp-content\/uploads\/2025\/05\/cropped-cropped-cropped-cropped-cropped-cropped-cropped-trakesh-removebg-preview-1.png","contentUrl":"https:\/\/trakesh.com\/wp-content\/uploads\/2025\/05\/cropped-cropped-cropped-cropped-cropped-cropped-cropped-trakesh-removebg-preview-1.png","width":342,"height":96,"caption":"TRAKECH PARTS"},"image":{"@id":"https:\/\/trakesh.com\/#\/schema\/logo\/image\/"},"sameAs":["https:\/\/web.facebook.com\/trakechparts\/?locale=fr_FR","https:\/\/www.instagram.com\/trakech_parts\/"]}]}},"_links":{"self":[{"href":"https:\/\/trakesh.com\/ar\/wp-json\/wp\/v2\/product\/8896","targetHints":{"allow":["GET"]}}],"collection":[{"href":"https:\/\/trakesh.com\/ar\/wp-json\/wp\/v2\/product"}],"about":[{"href":"https:\/\/trakesh.com\/ar\/wp-json\/wp\/v2\/types\/product"}],"replies":[{"embeddable":true,"href":"https:\/\/trakesh.com\/ar\/wp-json\/wp\/v2\/comments?post=8896"}],"wp:featuredmedia":[{"embeddable":true,"href":"https:\/\/trakesh.com\/ar\/wp-json\/wp\/v2\/media\/9433"}],"wp:attachment":[{"href":"https:\/\/trakesh.com\/ar\/wp-json\/wp\/v2\/media?parent=8896"}],"wp:term":[{"taxonomy":"product_brand","embeddable":true,"href":"https:\/\/trakesh.com\/ar\/wp-json\/wp\/v2\/product_brand?post=8896"},{"taxonomy":"product_cat","embeddable":true,"href":"https:\/\/trakesh.com\/ar\/wp-json\/wp\/v2\/product_cat?post=8896"},{"taxonomy":"product_tag","embeddable":true,"href":"https:\/\/trakesh.com\/ar\/wp-json\/wp\/v2\/product_tag?post=8896"}],"curies":[{"name":"wp","href":"https:\/\/api.w.org\/{rel}","templated":true}]}}