{"id":8899,"date":"2025-09-15T16:22:50","date_gmt":"2025-09-15T15:22:50","guid":{"rendered":"https:\/\/trakesh.com\/?post_type=product&#038;p=8899"},"modified":"2025-11-01T20:44:14","modified_gmt":"2025-11-01T19:44:14","slug":"ref-320-09211","status":"publish","type":"product","link":"https:\/\/trakesh.com\/ar\/notre-boutique\/jcb\/ref-320-09211\/","title":{"rendered":"REF : 320\/09211"},"content":{"rendered":"<p><strong>Description : Kit piston complet JCB, comprenant piston, segments, axe et circlips, con\u00e7u pour garantir une r\u00e9vision fiable et durable du moteur.<\/strong><\/p>","protected":false},"excerpt":{"rendered":"<p data-start=\"300\" data-end=\"342\">\ud83d\udd39 <strong data-start=\"303\" data-end=\"310\">Nom<\/strong> : <strong data-start=\"313\" data-end=\"340\">Kit piston \/ Piston Kit<\/strong><\/p>\n<p data-start=\"344\" data-end=\"368\">\ud83d\udd39 <strong data-start=\"347\" data-end=\"364\">Compatibilit\u00e9<\/strong> :<\/p>\n<ul data-start=\"369\" data-end=\"545\">\n<li data-start=\"369\" data-end=\"427\">\n<p data-start=\"371\" data-end=\"427\">Moteurs <strong data-start=\"379\" data-end=\"393\">JCB Diesel<\/strong> (selon num\u00e9ro de s\u00e9rie moteur).<\/p>\n<\/li>\n<li data-start=\"428\" data-end=\"545\">\n<p data-start=\"430\" data-end=\"545\">Applications sur divers engins JCB : <strong data-start=\"467\" data-end=\"542\">chargeuses-pelleteuses, pelles hydrauliques, t\u00e9lescopiques, compacteurs<\/strong>.<\/p>\n<\/li>\n<\/ul>\n<p data-start=\"547\" data-end=\"566\">\ud83d\udd39 <strong data-start=\"550\" data-end=\"562\">Fonction<\/strong> :<\/p>\n<ul data-start=\"567\" data-end=\"754\">\n<li data-start=\"567\" data-end=\"633\">\n<p data-start=\"569\" data-end=\"633\">Assurer une <strong data-start=\"581\" data-end=\"605\">compression optimale<\/strong> du m\u00e9lange air\/carburant.<\/p>\n<\/li>\n<li data-start=\"634\" data-end=\"700\">\n<p data-start=\"636\" data-end=\"700\">Transmettre la puissance de la combustion vers le vilebrequin.<\/p>\n<\/li>\n<li data-start=\"701\" data-end=\"754\">\n<p data-start=\"703\" data-end=\"754\">Pr\u00e9server l\u2019efficacit\u00e9 et la long\u00e9vit\u00e9 du moteur.<\/p>\n<\/li>\n<\/ul>\n<p data-start=\"756\" data-end=\"779\">\ud83d\udd39 <strong data-start=\"759\" data-end=\"775\">Applications<\/strong> :<\/p>\n<ul data-start=\"780\" data-end=\"919\">\n<li data-start=\"780\" data-end=\"845\">\n<p data-start=\"782\" data-end=\"845\">Maintenance et r\u00e9vision des moteurs d\u2019engins de chantier JCB.<\/p>\n<\/li>\n<li data-start=\"846\" data-end=\"919\">\n<p data-start=\"848\" data-end=\"919\">Convient pour les travaux lourds n\u00e9cessitant fiabilit\u00e9 et robustesse.<\/p>\n<\/li>\n<\/ul>\n<p data-start=\"921\" data-end=\"944\">\ud83d\udd39 <strong data-start=\"924\" data-end=\"940\">Installation<\/strong> :<\/p>\n<ol data-start=\"945\" data-end=\"1244\">\n<li data-start=\"945\" data-end=\"987\">\n<p data-start=\"948\" data-end=\"987\">D\u00e9monter l\u2019ancien piston et segments.<\/p>\n<\/li>\n<li data-start=\"988\" data-end=\"1027\">\n<p data-start=\"991\" data-end=\"1027\">Nettoyer et inspecter le cylindre.<\/p>\n<\/li>\n<li data-start=\"1028\" data-end=\"1085\">\n<p data-start=\"1031\" data-end=\"1085\">Monter les segments correctement sur le piston neuf.<\/p>\n<\/li>\n<li data-start=\"1086\" data-end=\"1173\">\n<p data-start=\"1089\" data-end=\"1173\">Ins\u00e9rer le piston dans la chemise, installer l\u2019axe et s\u00e9curiser avec les circlips.<\/p>\n<\/li>\n<li data-start=\"1174\" data-end=\"1244\">\n<p data-start=\"1177\" data-end=\"1244\">V\u00e9rifier le jeu piston\/chemise et tester avant remise en service.<\/p>\n<\/li>\n<\/ol>\n<hr data-start=\"1246\" data-end=\"1249\" \/>\n<p data-start=\"1251\" data-end=\"1271\">\u2699\ufe0f <strong data-start=\"1254\" data-end=\"1267\">Avantages<\/strong> :<\/p>\n<ul data-start=\"1272\" data-end=\"1454\">\n<li data-start=\"1272\" data-end=\"1319\">\n<p data-start=\"1274\" data-end=\"1319\">Pi\u00e8ce d\u2019origine <strong data-start=\"1290\" data-end=\"1297\">JCB<\/strong>, gage de fiabilit\u00e9.<\/p>\n<\/li>\n<li data-start=\"1320\" data-end=\"1385\">\n<p data-start=\"1322\" data-end=\"1385\">Kit complet pr\u00eat \u00e0 poser \u2192 gain de temps pour la maintenance.<\/p>\n<\/li>\n<li data-start=\"1386\" data-end=\"1454\">\n<p data-start=\"1388\" data-end=\"1454\">Am\u00e9liore la dur\u00e9e de vie du moteur et la performance des engins.<\/p>\n<\/li>\n<\/ul>","protected":false},"featured_media":9432,"comment_status":"open","ping_status":"closed","template":"","meta":[],"product_brand":[285],"product_cat":[286],"product_tag":[],"class_list":{"0":"post-8899","1":"product","2":"type-product","3":"status-publish","4":"has-post-thumbnail","6":"product_brand-jcb","7":"product_cat-jcb","9":"first","10":"instock","11":"shipping-taxable","12":"product-type-simple"},"yoast_head":"<!-- This site is optimized with the Yoast SEO plugin v25.5 - https:\/\/yoast.com\/wordpress\/plugins\/seo\/ -->\n<title>REF : 320\/09211 - TRAKECH PARTS<\/title>\n<meta name=\"robots\" content=\"index, follow, max-snippet:-1, max-image-preview:large, max-video-preview:-1\" \/>\n<link rel=\"canonical\" href=\"https:\/\/trakesh.com\/ar\/notre-boutique\/jcb\/ref-320-09211\/\" \/>\n<meta property=\"og:locale\" content=\"ar_AR\" \/>\n<meta property=\"og:type\" content=\"article\" \/>\n<meta property=\"og:title\" content=\"REF : 320\/09211 - TRAKECH PARTS\" \/>\n<meta property=\"og:description\" content=\"\ud83d\udd39 Nom : Kit piston \/ Piston Kit \ud83d\udd39 Compatibilit\u00e9 :     Moteurs JCB Diesel (selon num\u00e9ro de s\u00e9rie moteur).    Applications sur divers engins JCB : chargeuses-pelleteuses, pelles hydrauliques, t\u00e9lescopiques, compacteurs.   \ud83d\udd39 Fonction :     Assurer une compression optimale du m\u00e9lange air\/carburant.    Transmettre la puissance de la combustion vers le vilebrequin.    Pr\u00e9server l\u2019efficacit\u00e9 et la long\u00e9vit\u00e9 du moteur.   \ud83d\udd39 Applications :     Maintenance et r\u00e9vision des moteurs d\u2019engins de chantier JCB.    Convient pour les travaux lourds n\u00e9cessitant fiabilit\u00e9 et robustesse.   \ud83d\udd39 Installation :     D\u00e9monter l\u2019ancien piston et segments.    Nettoyer et inspecter le cylindre.    Monter les segments correctement sur le piston neuf.    Ins\u00e9rer le piston dans la chemise, installer l\u2019axe et s\u00e9curiser avec les circlips.    V\u00e9rifier le jeu piston\/chemise et tester avant remise en service.     \u2699\ufe0f Avantages :     Pi\u00e8ce d\u2019origine JCB, gage de fiabilit\u00e9.    Kit complet pr\u00eat \u00e0 poser \u2192 gain de temps pour la maintenance.    Am\u00e9liore la dur\u00e9e de vie du moteur et la performance des engins.\" \/>\n<meta property=\"og:url\" content=\"https:\/\/trakesh.com\/ar\/notre-boutique\/jcb\/ref-320-09211\/\" \/>\n<meta property=\"og:site_name\" content=\"TRAKECH PARTS\" \/>\n<meta property=\"article:publisher\" content=\"https:\/\/web.facebook.com\/trakechparts\/?locale=fr_FR\" \/>\n<meta property=\"article:modified_time\" content=\"2025-11-01T19:44:14+00:00\" \/>\n<meta property=\"og:image\" content=\"https:\/\/trakesh.com\/wp-content\/uploads\/2025\/09\/MA-2025-11-01T204344.432.png\" \/>\n\t<meta property=\"og:image:width\" content=\"800\" \/>\n\t<meta property=\"og:image:height\" content=\"800\" \/>\n\t<meta property=\"og:image:type\" content=\"image\/png\" \/>\n<meta name=\"twitter:card\" content=\"summary_large_image\" \/>\n<meta name=\"twitter:label1\" content=\"\u0648\u0642\u062a \u0627\u0644\u0642\u0631\u0627\u0621\u0629 \u0627\u0644\u0645\u064f\u0642\u062f\u0651\u0631\" \/>\n\t<meta name=\"twitter:data1\" content=\"\u062f\u0642\u064a\u0642\u0629 \u0648\u0627\u062d\u062f\u0629\" \/>\n<script type=\"application\/ld+json\" class=\"yoast-schema-graph\">{\"@context\":\"https:\/\/schema.org\",\"@graph\":[{\"@type\":\"WebPage\",\"@id\":\"https:\/\/trakesh.com\/notre-boutique\/jcb\/ref-320-09211\/\",\"url\":\"https:\/\/trakesh.com\/notre-boutique\/jcb\/ref-320-09211\/\",\"name\":\"REF : 320\/09211 - TRAKECH PARTS\",\"isPartOf\":{\"@id\":\"https:\/\/trakesh.com\/#website\"},\"primaryImageOfPage\":{\"@id\":\"https:\/\/trakesh.com\/notre-boutique\/jcb\/ref-320-09211\/#primaryimage\"},\"image\":{\"@id\":\"https:\/\/trakesh.com\/notre-boutique\/jcb\/ref-320-09211\/#primaryimage\"},\"thumbnailUrl\":\"https:\/\/trakesh.com\/wp-content\/uploads\/2025\/09\/MA-2025-11-01T204344.432.png\",\"datePublished\":\"2025-09-15T15:22:50+00:00\",\"dateModified\":\"2025-11-01T19:44:14+00:00\",\"breadcrumb\":{\"@id\":\"https:\/\/trakesh.com\/notre-boutique\/jcb\/ref-320-09211\/#breadcrumb\"},\"inLanguage\":\"ar\",\"potentialAction\":[{\"@type\":\"ReadAction\",\"target\":[\"https:\/\/trakesh.com\/notre-boutique\/jcb\/ref-320-09211\/\"]}]},{\"@type\":\"ImageObject\",\"inLanguage\":\"ar\",\"@id\":\"https:\/\/trakesh.com\/notre-boutique\/jcb\/ref-320-09211\/#primaryimage\",\"url\":\"https:\/\/trakesh.com\/wp-content\/uploads\/2025\/09\/MA-2025-11-01T204344.432.png\",\"contentUrl\":\"https:\/\/trakesh.com\/wp-content\/uploads\/2025\/09\/MA-2025-11-01T204344.432.png\",\"width\":800,\"height\":800},{\"@type\":\"BreadcrumbList\",\"@id\":\"https:\/\/trakesh.com\/notre-boutique\/jcb\/ref-320-09211\/#breadcrumb\",\"itemListElement\":[{\"@type\":\"ListItem\",\"position\":1,\"name\":\"Home\",\"item\":\"https:\/\/trakesh.com\/\"},{\"@type\":\"ListItem\",\"position\":2,\"name\":\"Notre Boutique\",\"item\":\"https:\/\/trakesh.com\/notre-boutique\/\"},{\"@type\":\"ListItem\",\"position\":3,\"name\":\"REF : 320\/09211\"}]},{\"@type\":\"WebSite\",\"@id\":\"https:\/\/trakesh.com\/#website\",\"url\":\"https:\/\/trakesh.com\/\",\"name\":\"TRAKECH PARTS\",\"description\":\"Pi\u00e8ces de rechange pour camions MAN, moteurs CATERPILLAR et PERKINS \u2013 Maroc\",\"publisher\":{\"@id\":\"https:\/\/trakesh.com\/#organization\"},\"potentialAction\":[{\"@type\":\"SearchAction\",\"target\":{\"@type\":\"EntryPoint\",\"urlTemplate\":\"https:\/\/trakesh.com\/?s={search_term_string}\"},\"query-input\":{\"@type\":\"PropertyValueSpecification\",\"valueRequired\":true,\"valueName\":\"search_term_string\"}}],\"inLanguage\":\"ar\"},{\"@type\":\"Organization\",\"@id\":\"https:\/\/trakesh.com\/#organization\",\"name\":\"TRAKECH PARTS\",\"url\":\"https:\/\/trakesh.com\/\",\"logo\":{\"@type\":\"ImageObject\",\"inLanguage\":\"ar\",\"@id\":\"https:\/\/trakesh.com\/#\/schema\/logo\/image\/\",\"url\":\"https:\/\/trakesh.com\/wp-content\/uploads\/2025\/05\/cropped-cropped-cropped-cropped-cropped-cropped-cropped-trakesh-removebg-preview-1.png\",\"contentUrl\":\"https:\/\/trakesh.com\/wp-content\/uploads\/2025\/05\/cropped-cropped-cropped-cropped-cropped-cropped-cropped-trakesh-removebg-preview-1.png\",\"width\":342,\"height\":96,\"caption\":\"TRAKECH PARTS\"},\"image\":{\"@id\":\"https:\/\/trakesh.com\/#\/schema\/logo\/image\/\"},\"sameAs\":[\"https:\/\/web.facebook.com\/trakechparts\/?locale=fr_FR\",\"https:\/\/www.instagram.com\/trakech_parts\/\"]}]}<\/script>\n<!-- \/ Yoast SEO plugin. -->","yoast_head_json":{"title":"REF : 320\/09211 - TRAKECH PARTS","robots":{"index":"index","follow":"follow","max-snippet":"max-snippet:-1","max-image-preview":"max-image-preview:large","max-video-preview":"max-video-preview:-1"},"canonical":"https:\/\/trakesh.com\/ar\/notre-boutique\/jcb\/ref-320-09211\/","og_locale":"ar_AR","og_type":"article","og_title":"REF : 320\/09211 - TRAKECH PARTS","og_description":"\ud83d\udd39 Nom : Kit piston \/ Piston Kit \ud83d\udd39 Compatibilit\u00e9 :     Moteurs JCB Diesel (selon num\u00e9ro de s\u00e9rie moteur).    Applications sur divers engins JCB : chargeuses-pelleteuses, pelles hydrauliques, t\u00e9lescopiques, compacteurs.   \ud83d\udd39 Fonction :     Assurer une compression optimale du m\u00e9lange air\/carburant.    Transmettre la puissance de la combustion vers le vilebrequin.    Pr\u00e9server l\u2019efficacit\u00e9 et la long\u00e9vit\u00e9 du moteur.   \ud83d\udd39 Applications :     Maintenance et r\u00e9vision des moteurs d\u2019engins de chantier JCB.    Convient pour les travaux lourds n\u00e9cessitant fiabilit\u00e9 et robustesse.   \ud83d\udd39 Installation :     D\u00e9monter l\u2019ancien piston et segments.    Nettoyer et inspecter le cylindre.    Monter les segments correctement sur le piston neuf.    Ins\u00e9rer le piston dans la chemise, installer l\u2019axe et s\u00e9curiser avec les circlips.    V\u00e9rifier le jeu piston\/chemise et tester avant remise en service.     \u2699\ufe0f Avantages :     Pi\u00e8ce d\u2019origine JCB, gage de fiabilit\u00e9.    Kit complet pr\u00eat \u00e0 poser \u2192 gain de temps pour la maintenance.    Am\u00e9liore la dur\u00e9e de vie du moteur et la performance des engins.","og_url":"https:\/\/trakesh.com\/ar\/notre-boutique\/jcb\/ref-320-09211\/","og_site_name":"TRAKECH PARTS","article_publisher":"https:\/\/web.facebook.com\/trakechparts\/?locale=fr_FR","article_modified_time":"2025-11-01T19:44:14+00:00","og_image":[{"width":800,"height":800,"url":"https:\/\/trakesh.com\/wp-content\/uploads\/2025\/09\/MA-2025-11-01T204344.432.png","type":"image\/png"}],"twitter_card":"summary_large_image","twitter_misc":{"\u0648\u0642\u062a \u0627\u0644\u0642\u0631\u0627\u0621\u0629 \u0627\u0644\u0645\u064f\u0642\u062f\u0651\u0631":"\u062f\u0642\u064a\u0642\u0629 \u0648\u0627\u062d\u062f\u0629"},"schema":{"@context":"https:\/\/schema.org","@graph":[{"@type":"WebPage","@id":"https:\/\/trakesh.com\/notre-boutique\/jcb\/ref-320-09211\/","url":"https:\/\/trakesh.com\/notre-boutique\/jcb\/ref-320-09211\/","name":"REF : 320\/09211 - TRAKECH PARTS","isPartOf":{"@id":"https:\/\/trakesh.com\/#website"},"primaryImageOfPage":{"@id":"https:\/\/trakesh.com\/notre-boutique\/jcb\/ref-320-09211\/#primaryimage"},"image":{"@id":"https:\/\/trakesh.com\/notre-boutique\/jcb\/ref-320-09211\/#primaryimage"},"thumbnailUrl":"https:\/\/trakesh.com\/wp-content\/uploads\/2025\/09\/MA-2025-11-01T204344.432.png","datePublished":"2025-09-15T15:22:50+00:00","dateModified":"2025-11-01T19:44:14+00:00","breadcrumb":{"@id":"https:\/\/trakesh.com\/notre-boutique\/jcb\/ref-320-09211\/#breadcrumb"},"inLanguage":"ar","potentialAction":[{"@type":"ReadAction","target":["https:\/\/trakesh.com\/notre-boutique\/jcb\/ref-320-09211\/"]}]},{"@type":"ImageObject","inLanguage":"ar","@id":"https:\/\/trakesh.com\/notre-boutique\/jcb\/ref-320-09211\/#primaryimage","url":"https:\/\/trakesh.com\/wp-content\/uploads\/2025\/09\/MA-2025-11-01T204344.432.png","contentUrl":"https:\/\/trakesh.com\/wp-content\/uploads\/2025\/09\/MA-2025-11-01T204344.432.png","width":800,"height":800},{"@type":"BreadcrumbList","@id":"https:\/\/trakesh.com\/notre-boutique\/jcb\/ref-320-09211\/#breadcrumb","itemListElement":[{"@type":"ListItem","position":1,"name":"Home","item":"https:\/\/trakesh.com\/"},{"@type":"ListItem","position":2,"name":"Notre Boutique","item":"https:\/\/trakesh.com\/notre-boutique\/"},{"@type":"ListItem","position":3,"name":"REF : 320\/09211"}]},{"@type":"WebSite","@id":"https:\/\/trakesh.com\/#website","url":"https:\/\/trakesh.com\/","name":"TRAKECH PARTS","description":"Pi\u00e8ces de rechange pour camions MAN, moteurs CATERPILLAR et PERKINS \u2013 Maroc","publisher":{"@id":"https:\/\/trakesh.com\/#organization"},"potentialAction":[{"@type":"SearchAction","target":{"@type":"EntryPoint","urlTemplate":"https:\/\/trakesh.com\/?s={search_term_string}"},"query-input":{"@type":"PropertyValueSpecification","valueRequired":true,"valueName":"search_term_string"}}],"inLanguage":"ar"},{"@type":"Organization","@id":"https:\/\/trakesh.com\/#organization","name":"TRAKECH PARTS","url":"https:\/\/trakesh.com\/","logo":{"@type":"ImageObject","inLanguage":"ar","@id":"https:\/\/trakesh.com\/#\/schema\/logo\/image\/","url":"https:\/\/trakesh.com\/wp-content\/uploads\/2025\/05\/cropped-cropped-cropped-cropped-cropped-cropped-cropped-trakesh-removebg-preview-1.png","contentUrl":"https:\/\/trakesh.com\/wp-content\/uploads\/2025\/05\/cropped-cropped-cropped-cropped-cropped-cropped-cropped-trakesh-removebg-preview-1.png","width":342,"height":96,"caption":"TRAKECH PARTS"},"image":{"@id":"https:\/\/trakesh.com\/#\/schema\/logo\/image\/"},"sameAs":["https:\/\/web.facebook.com\/trakechparts\/?locale=fr_FR","https:\/\/www.instagram.com\/trakech_parts\/"]}]}},"_links":{"self":[{"href":"https:\/\/trakesh.com\/ar\/wp-json\/wp\/v2\/product\/8899","targetHints":{"allow":["GET"]}}],"collection":[{"href":"https:\/\/trakesh.com\/ar\/wp-json\/wp\/v2\/product"}],"about":[{"href":"https:\/\/trakesh.com\/ar\/wp-json\/wp\/v2\/types\/product"}],"replies":[{"embeddable":true,"href":"https:\/\/trakesh.com\/ar\/wp-json\/wp\/v2\/comments?post=8899"}],"wp:featuredmedia":[{"embeddable":true,"href":"https:\/\/trakesh.com\/ar\/wp-json\/wp\/v2\/media\/9432"}],"wp:attachment":[{"href":"https:\/\/trakesh.com\/ar\/wp-json\/wp\/v2\/media?parent=8899"}],"wp:term":[{"taxonomy":"product_brand","embeddable":true,"href":"https:\/\/trakesh.com\/ar\/wp-json\/wp\/v2\/product_brand?post=8899"},{"taxonomy":"product_cat","embeddable":true,"href":"https:\/\/trakesh.com\/ar\/wp-json\/wp\/v2\/product_cat?post=8899"},{"taxonomy":"product_tag","embeddable":true,"href":"https:\/\/trakesh.com\/ar\/wp-json\/wp\/v2\/product_tag?post=8899"}],"curies":[{"name":"wp","href":"https:\/\/api.w.org\/{rel}","templated":true}]}}