{"id":8902,"date":"2025-09-15T22:21:36","date_gmt":"2025-09-15T21:21:36","guid":{"rendered":"https:\/\/trakesh.com\/?post_type=product&#038;p=8902"},"modified":"2025-11-01T20:42:04","modified_gmt":"2025-11-01T19:42:04","slug":"ref-2674a209","status":"publish","type":"product","link":"https:\/\/trakesh.com\/ar\/notre-boutique\/perkins\/ref-2674a209\/","title":{"rendered":"REF : 2674A209"},"content":{"rendered":"<p><strong>\ud83d\udd39 Description : Turbo d\u2019origine Perkins, con\u00e7u pour augmenter la puissance et l\u2019efficacit\u00e9 des moteurs Diesel Perkins.<\/strong><\/p>","protected":false},"excerpt":{"rendered":"<p data-start=\"256\" data-end=\"306\">\ud83d\udd39 <strong data-start=\"259\" data-end=\"266\">Nom<\/strong> : <strong data-start=\"269\" data-end=\"304\">Turbocompresseur \/ Turbocharger<\/strong><\/p>\n<p data-start=\"308\" data-end=\"332\">\ud83d\udd39 <strong data-start=\"311\" data-end=\"328\">Compatibilit\u00e9<\/strong> :<\/p>\n<ul data-start=\"333\" data-end=\"527\">\n<li data-start=\"333\" data-end=\"386\">\n<p data-start=\"335\" data-end=\"386\">Moteurs <strong data-start=\"343\" data-end=\"354\">Perkins<\/strong> s\u00e9ries 1100 et certains 1000.<\/p>\n<\/li>\n<li data-start=\"387\" data-end=\"527\">\n<p data-start=\"389\" data-end=\"527\">Applications sur \u00e9quipements industriels, agricoles et de construction : <strong data-start=\"462\" data-end=\"524\">tracteurs, g\u00e9n\u00e9rateurs, engins de chantier, camions l\u00e9gers<\/strong>.<\/p>\n<\/li>\n<\/ul>\n<p data-start=\"529\" data-end=\"548\">\ud83d\udd39 <strong data-start=\"532\" data-end=\"544\">Fonction<\/strong> :<\/p>\n<ul data-start=\"549\" data-end=\"745\">\n<li data-start=\"549\" data-end=\"612\">\n<p data-start=\"551\" data-end=\"612\">Comprimer l\u2019air d\u2019admission afin d\u2019am\u00e9liorer la combustion.<\/p>\n<\/li>\n<li data-start=\"613\" data-end=\"675\">\n<p data-start=\"615\" data-end=\"675\">Accro\u00eetre la puissance moteur sans augmenter la cylindr\u00e9e.<\/p>\n<\/li>\n<li data-start=\"676\" data-end=\"745\">\n<p data-start=\"678\" data-end=\"745\">R\u00e9duire la consommation de carburant et les \u00e9missions polluantes.<\/p>\n<\/li>\n<\/ul>\n<p data-start=\"747\" data-end=\"770\">\ud83d\udd39 <strong data-start=\"750\" data-end=\"766\">Applications<\/strong> :<\/p>\n<ul data-start=\"771\" data-end=\"909\">\n<li data-start=\"771\" data-end=\"819\">\n<p data-start=\"773\" data-end=\"819\">Engins agricoles \u00e9quip\u00e9s de moteurs Perkins.<\/p>\n<\/li>\n<li data-start=\"820\" data-end=\"845\">\n<p data-start=\"822\" data-end=\"845\">Groupes \u00e9lectrog\u00e8nes.<\/p>\n<\/li>\n<li data-start=\"846\" data-end=\"909\">\n<p data-start=\"848\" data-end=\"909\">Machines de construction et \u00e9quipements industriels lourds.<\/p>\n<\/li>\n<\/ul>\n<p data-start=\"911\" data-end=\"934\">\ud83d\udd39 <strong data-start=\"914\" data-end=\"930\">Installation<\/strong> :<\/p>\n<ol data-start=\"935\" data-end=\"1260\">\n<li data-start=\"935\" data-end=\"1006\">\n<p data-start=\"938\" data-end=\"1006\">D\u00e9poser l\u2019ancien turbo en d\u00e9connectant conduites d\u2019huile et d\u2019air.<\/p>\n<\/li>\n<li data-start=\"1007\" data-end=\"1082\">\n<p data-start=\"1010\" data-end=\"1082\">V\u00e9rifier l\u2019absence d\u2019impuret\u00e9s dans le circuit d\u2019huile et d\u2019admission.<\/p>\n<\/li>\n<li data-start=\"1083\" data-end=\"1156\">\n<p data-start=\"1086\" data-end=\"1156\">Installer le nouveau turbo Perkins <strong data-start=\"1121\" data-end=\"1133\">2674A209<\/strong> avec joints adapt\u00e9s.<\/p>\n<\/li>\n<li data-start=\"1157\" data-end=\"1203\">\n<p data-start=\"1160\" data-end=\"1203\">Amorcer la lubrification avant d\u00e9marrage.<\/p>\n<\/li>\n<li data-start=\"1204\" data-end=\"1260\">\n<p data-start=\"1207\" data-end=\"1260\">D\u00e9marrer le moteur et v\u00e9rifier l\u2019absence de fuites.<\/p>\n<\/li>\n<\/ol>\n<hr data-start=\"1262\" data-end=\"1265\" \/>\n<p data-start=\"1267\" data-end=\"1287\">\u2699\ufe0f <strong data-start=\"1270\" data-end=\"1283\">Avantages<\/strong> :<\/p>\n<ul data-start=\"1288\" data-end=\"1473\">\n<li data-start=\"1288\" data-end=\"1358\">\n<p data-start=\"1290\" data-end=\"1358\"><strong data-start=\"1290\" data-end=\"1317\">Pi\u00e8ce d\u2019origine Perkins<\/strong> \u2192 performance et durabilit\u00e9 garanties.<\/p>\n<\/li>\n<li data-start=\"1359\" data-end=\"1411\">\n<p data-start=\"1361\" data-end=\"1411\">Optimise la puissance et l\u2019efficacit\u00e9 du moteur.<\/p>\n<\/li>\n<li data-start=\"1412\" data-end=\"1473\">\n<p data-start=\"1414\" data-end=\"1473\">Con\u00e7u pour r\u00e9sister aux conditions de travail intensives.<\/p>\n<\/li>\n<\/ul>","protected":false},"featured_media":9430,"comment_status":"open","ping_status":"closed","template":"","meta":[],"product_brand":[282],"product_cat":[283],"product_tag":[],"class_list":{"0":"post-8902","1":"product","2":"type-product","3":"status-publish","4":"has-post-thumbnail","6":"product_brand-perkins","7":"product_cat-perkins","9":"first","10":"instock","11":"shipping-taxable","12":"product-type-simple"},"yoast_head":"<!-- This site is optimized with the Yoast SEO plugin v25.5 - https:\/\/yoast.com\/wordpress\/plugins\/seo\/ -->\n<title>REF : 2674A209 - TRAKECH PARTS<\/title>\n<meta name=\"robots\" content=\"index, follow, max-snippet:-1, max-image-preview:large, max-video-preview:-1\" \/>\n<link rel=\"canonical\" href=\"https:\/\/trakesh.com\/ar\/notre-boutique\/perkins\/ref-2674a209\/\" \/>\n<meta property=\"og:locale\" content=\"ar_AR\" \/>\n<meta property=\"og:type\" content=\"article\" \/>\n<meta property=\"og:title\" content=\"REF : 2674A209 - TRAKECH PARTS\" \/>\n<meta property=\"og:description\" content=\"\ud83d\udd39 Nom : Turbocompresseur \/ Turbocharger \ud83d\udd39 Compatibilit\u00e9 :     Moteurs Perkins s\u00e9ries 1100 et certains 1000.    Applications sur \u00e9quipements industriels, agricoles et de construction : tracteurs, g\u00e9n\u00e9rateurs, engins de chantier, camions l\u00e9gers.   \ud83d\udd39 Fonction :     Comprimer l\u2019air d\u2019admission afin d\u2019am\u00e9liorer la combustion.    Accro\u00eetre la puissance moteur sans augmenter la cylindr\u00e9e.    R\u00e9duire la consommation de carburant et les \u00e9missions polluantes.   \ud83d\udd39 Applications :     Engins agricoles \u00e9quip\u00e9s de moteurs Perkins.    Groupes \u00e9lectrog\u00e8nes.    Machines de construction et \u00e9quipements industriels lourds.   \ud83d\udd39 Installation :     D\u00e9poser l\u2019ancien turbo en d\u00e9connectant conduites d\u2019huile et d\u2019air.    V\u00e9rifier l\u2019absence d\u2019impuret\u00e9s dans le circuit d\u2019huile et d\u2019admission.    Installer le nouveau turbo Perkins 2674A209 avec joints adapt\u00e9s.    Amorcer la lubrification avant d\u00e9marrage.    D\u00e9marrer le moteur et v\u00e9rifier l\u2019absence de fuites.     \u2699\ufe0f Avantages :     Pi\u00e8ce d\u2019origine Perkins \u2192 performance et durabilit\u00e9 garanties.    Optimise la puissance et l\u2019efficacit\u00e9 du moteur.    Con\u00e7u pour r\u00e9sister aux conditions de travail intensives.\" \/>\n<meta property=\"og:url\" content=\"https:\/\/trakesh.com\/ar\/notre-boutique\/perkins\/ref-2674a209\/\" \/>\n<meta property=\"og:site_name\" content=\"TRAKECH PARTS\" \/>\n<meta property=\"article:publisher\" content=\"https:\/\/web.facebook.com\/trakechparts\/?locale=fr_FR\" \/>\n<meta property=\"article:modified_time\" content=\"2025-11-01T19:42:04+00:00\" \/>\n<meta property=\"og:image\" content=\"https:\/\/trakesh.com\/wp-content\/uploads\/2025\/09\/MA-2025-11-01T204114.404.png\" \/>\n\t<meta property=\"og:image:width\" content=\"800\" \/>\n\t<meta property=\"og:image:height\" content=\"800\" \/>\n\t<meta property=\"og:image:type\" content=\"image\/png\" \/>\n<meta name=\"twitter:card\" content=\"summary_large_image\" \/>\n<meta name=\"twitter:label1\" content=\"\u0648\u0642\u062a \u0627\u0644\u0642\u0631\u0627\u0621\u0629 \u0627\u0644\u0645\u064f\u0642\u062f\u0651\u0631\" \/>\n\t<meta name=\"twitter:data1\" content=\"\u062f\u0642\u064a\u0642\u0629 \u0648\u0627\u062d\u062f\u0629\" \/>\n<script type=\"application\/ld+json\" class=\"yoast-schema-graph\">{\"@context\":\"https:\/\/schema.org\",\"@graph\":[{\"@type\":\"WebPage\",\"@id\":\"https:\/\/trakesh.com\/notre-boutique\/perkins\/ref-2674a209\/\",\"url\":\"https:\/\/trakesh.com\/notre-boutique\/perkins\/ref-2674a209\/\",\"name\":\"REF : 2674A209 - TRAKECH PARTS\",\"isPartOf\":{\"@id\":\"https:\/\/trakesh.com\/#website\"},\"primaryImageOfPage\":{\"@id\":\"https:\/\/trakesh.com\/notre-boutique\/perkins\/ref-2674a209\/#primaryimage\"},\"image\":{\"@id\":\"https:\/\/trakesh.com\/notre-boutique\/perkins\/ref-2674a209\/#primaryimage\"},\"thumbnailUrl\":\"https:\/\/trakesh.com\/wp-content\/uploads\/2025\/09\/MA-2025-11-01T204114.404.png\",\"datePublished\":\"2025-09-15T21:21:36+00:00\",\"dateModified\":\"2025-11-01T19:42:04+00:00\",\"breadcrumb\":{\"@id\":\"https:\/\/trakesh.com\/notre-boutique\/perkins\/ref-2674a209\/#breadcrumb\"},\"inLanguage\":\"ar\",\"potentialAction\":[{\"@type\":\"ReadAction\",\"target\":[\"https:\/\/trakesh.com\/notre-boutique\/perkins\/ref-2674a209\/\"]}]},{\"@type\":\"ImageObject\",\"inLanguage\":\"ar\",\"@id\":\"https:\/\/trakesh.com\/notre-boutique\/perkins\/ref-2674a209\/#primaryimage\",\"url\":\"https:\/\/trakesh.com\/wp-content\/uploads\/2025\/09\/MA-2025-11-01T204114.404.png\",\"contentUrl\":\"https:\/\/trakesh.com\/wp-content\/uploads\/2025\/09\/MA-2025-11-01T204114.404.png\",\"width\":800,\"height\":800},{\"@type\":\"BreadcrumbList\",\"@id\":\"https:\/\/trakesh.com\/notre-boutique\/perkins\/ref-2674a209\/#breadcrumb\",\"itemListElement\":[{\"@type\":\"ListItem\",\"position\":1,\"name\":\"Home\",\"item\":\"https:\/\/trakesh.com\/\"},{\"@type\":\"ListItem\",\"position\":2,\"name\":\"Notre Boutique\",\"item\":\"https:\/\/trakesh.com\/notre-boutique\/\"},{\"@type\":\"ListItem\",\"position\":3,\"name\":\"REF : 2674A209\"}]},{\"@type\":\"WebSite\",\"@id\":\"https:\/\/trakesh.com\/#website\",\"url\":\"https:\/\/trakesh.com\/\",\"name\":\"TRAKECH PARTS\",\"description\":\"Pi\u00e8ces de rechange pour camions MAN, moteurs CATERPILLAR et PERKINS \u2013 Maroc\",\"publisher\":{\"@id\":\"https:\/\/trakesh.com\/#organization\"},\"potentialAction\":[{\"@type\":\"SearchAction\",\"target\":{\"@type\":\"EntryPoint\",\"urlTemplate\":\"https:\/\/trakesh.com\/?s={search_term_string}\"},\"query-input\":{\"@type\":\"PropertyValueSpecification\",\"valueRequired\":true,\"valueName\":\"search_term_string\"}}],\"inLanguage\":\"ar\"},{\"@type\":\"Organization\",\"@id\":\"https:\/\/trakesh.com\/#organization\",\"name\":\"TRAKECH PARTS\",\"url\":\"https:\/\/trakesh.com\/\",\"logo\":{\"@type\":\"ImageObject\",\"inLanguage\":\"ar\",\"@id\":\"https:\/\/trakesh.com\/#\/schema\/logo\/image\/\",\"url\":\"https:\/\/trakesh.com\/wp-content\/uploads\/2025\/05\/cropped-cropped-cropped-cropped-cropped-cropped-cropped-trakesh-removebg-preview-1.png\",\"contentUrl\":\"https:\/\/trakesh.com\/wp-content\/uploads\/2025\/05\/cropped-cropped-cropped-cropped-cropped-cropped-cropped-trakesh-removebg-preview-1.png\",\"width\":342,\"height\":96,\"caption\":\"TRAKECH PARTS\"},\"image\":{\"@id\":\"https:\/\/trakesh.com\/#\/schema\/logo\/image\/\"},\"sameAs\":[\"https:\/\/web.facebook.com\/trakechparts\/?locale=fr_FR\",\"https:\/\/www.instagram.com\/trakech_parts\/\"]}]}<\/script>\n<!-- \/ Yoast SEO plugin. -->","yoast_head_json":{"title":"REF : 2674A209 - TRAKECH PARTS","robots":{"index":"index","follow":"follow","max-snippet":"max-snippet:-1","max-image-preview":"max-image-preview:large","max-video-preview":"max-video-preview:-1"},"canonical":"https:\/\/trakesh.com\/ar\/notre-boutique\/perkins\/ref-2674a209\/","og_locale":"ar_AR","og_type":"article","og_title":"REF : 2674A209 - TRAKECH PARTS","og_description":"\ud83d\udd39 Nom : Turbocompresseur \/ Turbocharger \ud83d\udd39 Compatibilit\u00e9 :     Moteurs Perkins s\u00e9ries 1100 et certains 1000.    Applications sur \u00e9quipements industriels, agricoles et de construction : tracteurs, g\u00e9n\u00e9rateurs, engins de chantier, camions l\u00e9gers.   \ud83d\udd39 Fonction :     Comprimer l\u2019air d\u2019admission afin d\u2019am\u00e9liorer la combustion.    Accro\u00eetre la puissance moteur sans augmenter la cylindr\u00e9e.    R\u00e9duire la consommation de carburant et les \u00e9missions polluantes.   \ud83d\udd39 Applications :     Engins agricoles \u00e9quip\u00e9s de moteurs Perkins.    Groupes \u00e9lectrog\u00e8nes.    Machines de construction et \u00e9quipements industriels lourds.   \ud83d\udd39 Installation :     D\u00e9poser l\u2019ancien turbo en d\u00e9connectant conduites d\u2019huile et d\u2019air.    V\u00e9rifier l\u2019absence d\u2019impuret\u00e9s dans le circuit d\u2019huile et d\u2019admission.    Installer le nouveau turbo Perkins 2674A209 avec joints adapt\u00e9s.    Amorcer la lubrification avant d\u00e9marrage.    D\u00e9marrer le moteur et v\u00e9rifier l\u2019absence de fuites.     \u2699\ufe0f Avantages :     Pi\u00e8ce d\u2019origine Perkins \u2192 performance et durabilit\u00e9 garanties.    Optimise la puissance et l\u2019efficacit\u00e9 du moteur.    Con\u00e7u pour r\u00e9sister aux conditions de travail intensives.","og_url":"https:\/\/trakesh.com\/ar\/notre-boutique\/perkins\/ref-2674a209\/","og_site_name":"TRAKECH PARTS","article_publisher":"https:\/\/web.facebook.com\/trakechparts\/?locale=fr_FR","article_modified_time":"2025-11-01T19:42:04+00:00","og_image":[{"width":800,"height":800,"url":"https:\/\/trakesh.com\/wp-content\/uploads\/2025\/09\/MA-2025-11-01T204114.404.png","type":"image\/png"}],"twitter_card":"summary_large_image","twitter_misc":{"\u0648\u0642\u062a \u0627\u0644\u0642\u0631\u0627\u0621\u0629 \u0627\u0644\u0645\u064f\u0642\u062f\u0651\u0631":"\u062f\u0642\u064a\u0642\u0629 \u0648\u0627\u062d\u062f\u0629"},"schema":{"@context":"https:\/\/schema.org","@graph":[{"@type":"WebPage","@id":"https:\/\/trakesh.com\/notre-boutique\/perkins\/ref-2674a209\/","url":"https:\/\/trakesh.com\/notre-boutique\/perkins\/ref-2674a209\/","name":"REF : 2674A209 - TRAKECH PARTS","isPartOf":{"@id":"https:\/\/trakesh.com\/#website"},"primaryImageOfPage":{"@id":"https:\/\/trakesh.com\/notre-boutique\/perkins\/ref-2674a209\/#primaryimage"},"image":{"@id":"https:\/\/trakesh.com\/notre-boutique\/perkins\/ref-2674a209\/#primaryimage"},"thumbnailUrl":"https:\/\/trakesh.com\/wp-content\/uploads\/2025\/09\/MA-2025-11-01T204114.404.png","datePublished":"2025-09-15T21:21:36+00:00","dateModified":"2025-11-01T19:42:04+00:00","breadcrumb":{"@id":"https:\/\/trakesh.com\/notre-boutique\/perkins\/ref-2674a209\/#breadcrumb"},"inLanguage":"ar","potentialAction":[{"@type":"ReadAction","target":["https:\/\/trakesh.com\/notre-boutique\/perkins\/ref-2674a209\/"]}]},{"@type":"ImageObject","inLanguage":"ar","@id":"https:\/\/trakesh.com\/notre-boutique\/perkins\/ref-2674a209\/#primaryimage","url":"https:\/\/trakesh.com\/wp-content\/uploads\/2025\/09\/MA-2025-11-01T204114.404.png","contentUrl":"https:\/\/trakesh.com\/wp-content\/uploads\/2025\/09\/MA-2025-11-01T204114.404.png","width":800,"height":800},{"@type":"BreadcrumbList","@id":"https:\/\/trakesh.com\/notre-boutique\/perkins\/ref-2674a209\/#breadcrumb","itemListElement":[{"@type":"ListItem","position":1,"name":"Home","item":"https:\/\/trakesh.com\/"},{"@type":"ListItem","position":2,"name":"Notre Boutique","item":"https:\/\/trakesh.com\/notre-boutique\/"},{"@type":"ListItem","position":3,"name":"REF : 2674A209"}]},{"@type":"WebSite","@id":"https:\/\/trakesh.com\/#website","url":"https:\/\/trakesh.com\/","name":"TRAKECH PARTS","description":"Pi\u00e8ces de rechange pour camions MAN, moteurs CATERPILLAR et PERKINS \u2013 Maroc","publisher":{"@id":"https:\/\/trakesh.com\/#organization"},"potentialAction":[{"@type":"SearchAction","target":{"@type":"EntryPoint","urlTemplate":"https:\/\/trakesh.com\/?s={search_term_string}"},"query-input":{"@type":"PropertyValueSpecification","valueRequired":true,"valueName":"search_term_string"}}],"inLanguage":"ar"},{"@type":"Organization","@id":"https:\/\/trakesh.com\/#organization","name":"TRAKECH PARTS","url":"https:\/\/trakesh.com\/","logo":{"@type":"ImageObject","inLanguage":"ar","@id":"https:\/\/trakesh.com\/#\/schema\/logo\/image\/","url":"https:\/\/trakesh.com\/wp-content\/uploads\/2025\/05\/cropped-cropped-cropped-cropped-cropped-cropped-cropped-trakesh-removebg-preview-1.png","contentUrl":"https:\/\/trakesh.com\/wp-content\/uploads\/2025\/05\/cropped-cropped-cropped-cropped-cropped-cropped-cropped-trakesh-removebg-preview-1.png","width":342,"height":96,"caption":"TRAKECH PARTS"},"image":{"@id":"https:\/\/trakesh.com\/#\/schema\/logo\/image\/"},"sameAs":["https:\/\/web.facebook.com\/trakechparts\/?locale=fr_FR","https:\/\/www.instagram.com\/trakech_parts\/"]}]}},"_links":{"self":[{"href":"https:\/\/trakesh.com\/ar\/wp-json\/wp\/v2\/product\/8902","targetHints":{"allow":["GET"]}}],"collection":[{"href":"https:\/\/trakesh.com\/ar\/wp-json\/wp\/v2\/product"}],"about":[{"href":"https:\/\/trakesh.com\/ar\/wp-json\/wp\/v2\/types\/product"}],"replies":[{"embeddable":true,"href":"https:\/\/trakesh.com\/ar\/wp-json\/wp\/v2\/comments?post=8902"}],"wp:featuredmedia":[{"embeddable":true,"href":"https:\/\/trakesh.com\/ar\/wp-json\/wp\/v2\/media\/9430"}],"wp:attachment":[{"href":"https:\/\/trakesh.com\/ar\/wp-json\/wp\/v2\/media?parent=8902"}],"wp:term":[{"taxonomy":"product_brand","embeddable":true,"href":"https:\/\/trakesh.com\/ar\/wp-json\/wp\/v2\/product_brand?post=8902"},{"taxonomy":"product_cat","embeddable":true,"href":"https:\/\/trakesh.com\/ar\/wp-json\/wp\/v2\/product_cat?post=8902"},{"taxonomy":"product_tag","embeddable":true,"href":"https:\/\/trakesh.com\/ar\/wp-json\/wp\/v2\/product_tag?post=8902"}],"curies":[{"name":"wp","href":"https:\/\/api.w.org\/{rel}","templated":true}]}}