{"id":8904,"date":"2025-09-15T22:45:44","date_gmt":"2025-09-15T21:45:44","guid":{"rendered":"https:\/\/trakesh.com\/?post_type=product&#038;p=8904"},"modified":"2025-11-01T17:54:52","modified_gmt":"2025-11-01T16:54:52","slug":"ref-701-80299","status":"publish","type":"product","link":"https:\/\/trakesh.com\/ar\/notre-boutique\/jcb\/ref-701-80299\/","title":{"rendered":"REF : 701\/80299"},"content":{"rendered":"<p><strong>\ud83d\udd39 Description : Manette de commande d\u2019origine JCB, utilis\u00e9e pour le pilotage des fonctions hydrauliques ou m\u00e9caniques sur certains engins de chantier.<\/strong><\/p>","protected":false},"excerpt":{"rendered":"<p data-start=\"306\" data-end=\"360\">\ud83d\udd39 <strong data-start=\"309\" data-end=\"316\">Nom<\/strong> : <strong data-start=\"319\" data-end=\"358\">Manette de commande \/ Control Lever<\/strong><\/p>\n<p data-start=\"362\" data-end=\"386\">\ud83d\udd39 <strong data-start=\"365\" data-end=\"382\">Compatibilit\u00e9<\/strong> :<\/p>\n<ul data-start=\"387\" data-end=\"564\">\n<li data-start=\"387\" data-end=\"443\">\n<p data-start=\"389\" data-end=\"443\">\u00c9quipements <strong data-start=\"401\" data-end=\"408\">JCB<\/strong> (mod\u00e8les selon num\u00e9ro de s\u00e9rie).<\/p>\n<\/li>\n<li data-start=\"444\" data-end=\"564\">\n<p data-start=\"446\" data-end=\"564\">Principalement utilis\u00e9e sur <strong data-start=\"474\" data-end=\"561\">chargeuses-pelleteuses, pelles hydrauliques, t\u00e9lescopiques et engins hors route JCB<\/strong>.<\/p>\n<\/li>\n<\/ul>\n<p data-start=\"566\" data-end=\"585\">\ud83d\udd39 <strong data-start=\"569\" data-end=\"581\">Fonction<\/strong> :<\/p>\n<ul data-start=\"586\" data-end=\"802\">\n<li data-start=\"586\" data-end=\"668\">\n<p data-start=\"588\" data-end=\"668\">Permet la commande manuelle de certaines fonctions hydrauliques ou m\u00e9caniques.<\/p>\n<\/li>\n<li data-start=\"669\" data-end=\"748\">\n<p data-start=\"671\" data-end=\"748\">Transmet les mouvements de l\u2019op\u00e9rateur aux syst\u00e8mes de commande de l\u2019engin.<\/p>\n<\/li>\n<li data-start=\"749\" data-end=\"802\">\n<p data-start=\"751\" data-end=\"802\">Am\u00e9liore la pr\u00e9cision et la facilit\u00e9 de pilotage.<\/p>\n<\/li>\n<\/ul>\n<p data-start=\"804\" data-end=\"827\">\ud83d\udd39 <strong data-start=\"807\" data-end=\"823\">Applications<\/strong> :<\/p>\n<ul data-start=\"828\" data-end=\"991\">\n<li data-start=\"828\" data-end=\"951\">\n<p data-start=\"830\" data-end=\"951\">Engins de chantier JCB n\u00e9cessitant une commande manuelle pour les v\u00e9rins hydrauliques, translation, ou autres syst\u00e8mes.<\/p>\n<\/li>\n<li data-start=\"952\" data-end=\"991\">\n<p data-start=\"954\" data-end=\"991\">Adapt\u00e9e aux postes de conduite JCB.<\/p>\n<\/li>\n<\/ul>\n<p data-start=\"993\" data-end=\"1016\">\ud83d\udd39 <strong data-start=\"996\" data-end=\"1012\">Installation<\/strong> :<\/p>\n<ol data-start=\"1017\" data-end=\"1308\">\n<li data-start=\"1017\" data-end=\"1061\">\n<p data-start=\"1020\" data-end=\"1061\">D\u00e9monter la manette us\u00e9e ou endommag\u00e9e.<\/p>\n<\/li>\n<li data-start=\"1062\" data-end=\"1159\">\n<p data-start=\"1065\" data-end=\"1159\">Monter la manette neuve <strong data-start=\"1089\" data-end=\"1102\">701\/80299<\/strong> en respectant l\u2019orientation et les points de fixation.<\/p>\n<\/li>\n<li data-start=\"1160\" data-end=\"1239\">\n<p data-start=\"1163\" data-end=\"1239\">Raccorder les c\u00e2bles ou connexions hydrauliques\/\u00e9lectriques si n\u00e9cessaire.<\/p>\n<\/li>\n<li data-start=\"1240\" data-end=\"1308\">\n<p data-start=\"1243\" data-end=\"1308\">Tester toutes les fonctions pour assurer un bon fonctionnement.<\/p>\n<\/li>\n<\/ol>\n<hr data-start=\"1310\" data-end=\"1313\" \/>\n<p data-start=\"1315\" data-end=\"1335\">\u2699\ufe0f <strong data-start=\"1318\" data-end=\"1331\">Avantages<\/strong> :<\/p>\n<ul data-start=\"1336\" data-end=\"1490\">\n<li data-start=\"1336\" data-end=\"1390\">\n<p data-start=\"1338\" data-end=\"1390\">Pi\u00e8ce d\u2019origine <strong data-start=\"1354\" data-end=\"1361\">JCB<\/strong> \u2192 robustesse et long\u00e9vit\u00e9.<\/p>\n<\/li>\n<li data-start=\"1391\" data-end=\"1426\">\n<p data-start=\"1393\" data-end=\"1426\">Commande ergonomique et fiable.<\/p>\n<\/li>\n<li data-start=\"1427\" data-end=\"1490\">\n<p data-start=\"1429\" data-end=\"1490\">Con\u00e7ue pour r\u00e9sister aux conditions de chantier exigeantes.<\/p>\n<\/li>\n<\/ul>","protected":false},"featured_media":9429,"comment_status":"open","ping_status":"closed","template":"","meta":[],"product_brand":[285],"product_cat":[286],"product_tag":[],"class_list":{"0":"post-8904","1":"product","2":"type-product","3":"status-publish","4":"has-post-thumbnail","6":"product_brand-jcb","7":"product_cat-jcb","9":"first","10":"instock","11":"shipping-taxable","12":"product-type-simple"},"yoast_head":"<!-- This site is optimized with the Yoast SEO plugin v25.5 - https:\/\/yoast.com\/wordpress\/plugins\/seo\/ -->\n<title>REF : 701\/80299 - TRAKECH PARTS<\/title>\n<meta name=\"robots\" content=\"index, follow, max-snippet:-1, max-image-preview:large, max-video-preview:-1\" \/>\n<link rel=\"canonical\" href=\"https:\/\/trakesh.com\/ar\/notre-boutique\/jcb\/ref-701-80299\/\" \/>\n<meta property=\"og:locale\" content=\"ar_AR\" \/>\n<meta property=\"og:type\" content=\"article\" \/>\n<meta property=\"og:title\" content=\"REF : 701\/80299 - TRAKECH PARTS\" \/>\n<meta property=\"og:description\" content=\"\ud83d\udd39 Nom : Manette de commande \/ Control Lever \ud83d\udd39 Compatibilit\u00e9 :     \u00c9quipements JCB (mod\u00e8les selon num\u00e9ro de s\u00e9rie).    Principalement utilis\u00e9e sur chargeuses-pelleteuses, pelles hydrauliques, t\u00e9lescopiques et engins hors route JCB.   \ud83d\udd39 Fonction :     Permet la commande manuelle de certaines fonctions hydrauliques ou m\u00e9caniques.    Transmet les mouvements de l\u2019op\u00e9rateur aux syst\u00e8mes de commande de l\u2019engin.    Am\u00e9liore la pr\u00e9cision et la facilit\u00e9 de pilotage.   \ud83d\udd39 Applications :     Engins de chantier JCB n\u00e9cessitant une commande manuelle pour les v\u00e9rins hydrauliques, translation, ou autres syst\u00e8mes.    Adapt\u00e9e aux postes de conduite JCB.   \ud83d\udd39 Installation :     D\u00e9monter la manette us\u00e9e ou endommag\u00e9e.    Monter la manette neuve 701\/80299 en respectant l\u2019orientation et les points de fixation.    Raccorder les c\u00e2bles ou connexions hydrauliques\/\u00e9lectriques si n\u00e9cessaire.    Tester toutes les fonctions pour assurer un bon fonctionnement.     \u2699\ufe0f Avantages :     Pi\u00e8ce d\u2019origine JCB \u2192 robustesse et long\u00e9vit\u00e9.    Commande ergonomique et fiable.    Con\u00e7ue pour r\u00e9sister aux conditions de chantier exigeantes.\" \/>\n<meta property=\"og:url\" content=\"https:\/\/trakesh.com\/ar\/notre-boutique\/jcb\/ref-701-80299\/\" \/>\n<meta property=\"og:site_name\" content=\"TRAKECH PARTS\" \/>\n<meta property=\"article:publisher\" content=\"https:\/\/web.facebook.com\/trakechparts\/?locale=fr_FR\" \/>\n<meta property=\"article:modified_time\" content=\"2025-11-01T16:54:52+00:00\" \/>\n<meta property=\"og:image\" content=\"https:\/\/trakesh.com\/wp-content\/uploads\/2025\/09\/MA-2025-11-01T175422.394.png\" \/>\n\t<meta property=\"og:image:width\" content=\"800\" \/>\n\t<meta property=\"og:image:height\" content=\"800\" \/>\n\t<meta property=\"og:image:type\" content=\"image\/png\" \/>\n<meta name=\"twitter:card\" content=\"summary_large_image\" \/>\n<meta name=\"twitter:label1\" content=\"\u0648\u0642\u062a \u0627\u0644\u0642\u0631\u0627\u0621\u0629 \u0627\u0644\u0645\u064f\u0642\u062f\u0651\u0631\" \/>\n\t<meta name=\"twitter:data1\" content=\"\u062f\u0642\u064a\u0642\u0629 \u0648\u0627\u062d\u062f\u0629\" \/>\n<script type=\"application\/ld+json\" class=\"yoast-schema-graph\">{\"@context\":\"https:\/\/schema.org\",\"@graph\":[{\"@type\":\"WebPage\",\"@id\":\"https:\/\/trakesh.com\/notre-boutique\/jcb\/ref-701-80299\/\",\"url\":\"https:\/\/trakesh.com\/notre-boutique\/jcb\/ref-701-80299\/\",\"name\":\"REF : 701\/80299 - TRAKECH PARTS\",\"isPartOf\":{\"@id\":\"https:\/\/trakesh.com\/#website\"},\"primaryImageOfPage\":{\"@id\":\"https:\/\/trakesh.com\/notre-boutique\/jcb\/ref-701-80299\/#primaryimage\"},\"image\":{\"@id\":\"https:\/\/trakesh.com\/notre-boutique\/jcb\/ref-701-80299\/#primaryimage\"},\"thumbnailUrl\":\"https:\/\/trakesh.com\/wp-content\/uploads\/2025\/09\/MA-2025-11-01T175422.394.png\",\"datePublished\":\"2025-09-15T21:45:44+00:00\",\"dateModified\":\"2025-11-01T16:54:52+00:00\",\"breadcrumb\":{\"@id\":\"https:\/\/trakesh.com\/notre-boutique\/jcb\/ref-701-80299\/#breadcrumb\"},\"inLanguage\":\"ar\",\"potentialAction\":[{\"@type\":\"ReadAction\",\"target\":[\"https:\/\/trakesh.com\/notre-boutique\/jcb\/ref-701-80299\/\"]}]},{\"@type\":\"ImageObject\",\"inLanguage\":\"ar\",\"@id\":\"https:\/\/trakesh.com\/notre-boutique\/jcb\/ref-701-80299\/#primaryimage\",\"url\":\"https:\/\/trakesh.com\/wp-content\/uploads\/2025\/09\/MA-2025-11-01T175422.394.png\",\"contentUrl\":\"https:\/\/trakesh.com\/wp-content\/uploads\/2025\/09\/MA-2025-11-01T175422.394.png\",\"width\":800,\"height\":800},{\"@type\":\"BreadcrumbList\",\"@id\":\"https:\/\/trakesh.com\/notre-boutique\/jcb\/ref-701-80299\/#breadcrumb\",\"itemListElement\":[{\"@type\":\"ListItem\",\"position\":1,\"name\":\"Home\",\"item\":\"https:\/\/trakesh.com\/\"},{\"@type\":\"ListItem\",\"position\":2,\"name\":\"Notre Boutique\",\"item\":\"https:\/\/trakesh.com\/notre-boutique\/\"},{\"@type\":\"ListItem\",\"position\":3,\"name\":\"REF : 701\/80299\"}]},{\"@type\":\"WebSite\",\"@id\":\"https:\/\/trakesh.com\/#website\",\"url\":\"https:\/\/trakesh.com\/\",\"name\":\"TRAKECH PARTS\",\"description\":\"Pi\u00e8ces de rechange pour camions MAN, moteurs CATERPILLAR et PERKINS \u2013 Maroc\",\"publisher\":{\"@id\":\"https:\/\/trakesh.com\/#organization\"},\"potentialAction\":[{\"@type\":\"SearchAction\",\"target\":{\"@type\":\"EntryPoint\",\"urlTemplate\":\"https:\/\/trakesh.com\/?s={search_term_string}\"},\"query-input\":{\"@type\":\"PropertyValueSpecification\",\"valueRequired\":true,\"valueName\":\"search_term_string\"}}],\"inLanguage\":\"ar\"},{\"@type\":\"Organization\",\"@id\":\"https:\/\/trakesh.com\/#organization\",\"name\":\"TRAKECH PARTS\",\"url\":\"https:\/\/trakesh.com\/\",\"logo\":{\"@type\":\"ImageObject\",\"inLanguage\":\"ar\",\"@id\":\"https:\/\/trakesh.com\/#\/schema\/logo\/image\/\",\"url\":\"https:\/\/trakesh.com\/wp-content\/uploads\/2025\/05\/cropped-cropped-cropped-cropped-cropped-cropped-cropped-trakesh-removebg-preview-1.png\",\"contentUrl\":\"https:\/\/trakesh.com\/wp-content\/uploads\/2025\/05\/cropped-cropped-cropped-cropped-cropped-cropped-cropped-trakesh-removebg-preview-1.png\",\"width\":342,\"height\":96,\"caption\":\"TRAKECH PARTS\"},\"image\":{\"@id\":\"https:\/\/trakesh.com\/#\/schema\/logo\/image\/\"},\"sameAs\":[\"https:\/\/web.facebook.com\/trakechparts\/?locale=fr_FR\",\"https:\/\/www.instagram.com\/trakech_parts\/\"]}]}<\/script>\n<!-- \/ Yoast SEO plugin. -->","yoast_head_json":{"title":"REF : 701\/80299 - TRAKECH PARTS","robots":{"index":"index","follow":"follow","max-snippet":"max-snippet:-1","max-image-preview":"max-image-preview:large","max-video-preview":"max-video-preview:-1"},"canonical":"https:\/\/trakesh.com\/ar\/notre-boutique\/jcb\/ref-701-80299\/","og_locale":"ar_AR","og_type":"article","og_title":"REF : 701\/80299 - TRAKECH PARTS","og_description":"\ud83d\udd39 Nom : Manette de commande \/ Control Lever \ud83d\udd39 Compatibilit\u00e9 :     \u00c9quipements JCB (mod\u00e8les selon num\u00e9ro de s\u00e9rie).    Principalement utilis\u00e9e sur chargeuses-pelleteuses, pelles hydrauliques, t\u00e9lescopiques et engins hors route JCB.   \ud83d\udd39 Fonction :     Permet la commande manuelle de certaines fonctions hydrauliques ou m\u00e9caniques.    Transmet les mouvements de l\u2019op\u00e9rateur aux syst\u00e8mes de commande de l\u2019engin.    Am\u00e9liore la pr\u00e9cision et la facilit\u00e9 de pilotage.   \ud83d\udd39 Applications :     Engins de chantier JCB n\u00e9cessitant une commande manuelle pour les v\u00e9rins hydrauliques, translation, ou autres syst\u00e8mes.    Adapt\u00e9e aux postes de conduite JCB.   \ud83d\udd39 Installation :     D\u00e9monter la manette us\u00e9e ou endommag\u00e9e.    Monter la manette neuve 701\/80299 en respectant l\u2019orientation et les points de fixation.    Raccorder les c\u00e2bles ou connexions hydrauliques\/\u00e9lectriques si n\u00e9cessaire.    Tester toutes les fonctions pour assurer un bon fonctionnement.     \u2699\ufe0f Avantages :     Pi\u00e8ce d\u2019origine JCB \u2192 robustesse et long\u00e9vit\u00e9.    Commande ergonomique et fiable.    Con\u00e7ue pour r\u00e9sister aux conditions de chantier exigeantes.","og_url":"https:\/\/trakesh.com\/ar\/notre-boutique\/jcb\/ref-701-80299\/","og_site_name":"TRAKECH PARTS","article_publisher":"https:\/\/web.facebook.com\/trakechparts\/?locale=fr_FR","article_modified_time":"2025-11-01T16:54:52+00:00","og_image":[{"width":800,"height":800,"url":"https:\/\/trakesh.com\/wp-content\/uploads\/2025\/09\/MA-2025-11-01T175422.394.png","type":"image\/png"}],"twitter_card":"summary_large_image","twitter_misc":{"\u0648\u0642\u062a \u0627\u0644\u0642\u0631\u0627\u0621\u0629 \u0627\u0644\u0645\u064f\u0642\u062f\u0651\u0631":"\u062f\u0642\u064a\u0642\u0629 \u0648\u0627\u062d\u062f\u0629"},"schema":{"@context":"https:\/\/schema.org","@graph":[{"@type":"WebPage","@id":"https:\/\/trakesh.com\/notre-boutique\/jcb\/ref-701-80299\/","url":"https:\/\/trakesh.com\/notre-boutique\/jcb\/ref-701-80299\/","name":"REF : 701\/80299 - TRAKECH PARTS","isPartOf":{"@id":"https:\/\/trakesh.com\/#website"},"primaryImageOfPage":{"@id":"https:\/\/trakesh.com\/notre-boutique\/jcb\/ref-701-80299\/#primaryimage"},"image":{"@id":"https:\/\/trakesh.com\/notre-boutique\/jcb\/ref-701-80299\/#primaryimage"},"thumbnailUrl":"https:\/\/trakesh.com\/wp-content\/uploads\/2025\/09\/MA-2025-11-01T175422.394.png","datePublished":"2025-09-15T21:45:44+00:00","dateModified":"2025-11-01T16:54:52+00:00","breadcrumb":{"@id":"https:\/\/trakesh.com\/notre-boutique\/jcb\/ref-701-80299\/#breadcrumb"},"inLanguage":"ar","potentialAction":[{"@type":"ReadAction","target":["https:\/\/trakesh.com\/notre-boutique\/jcb\/ref-701-80299\/"]}]},{"@type":"ImageObject","inLanguage":"ar","@id":"https:\/\/trakesh.com\/notre-boutique\/jcb\/ref-701-80299\/#primaryimage","url":"https:\/\/trakesh.com\/wp-content\/uploads\/2025\/09\/MA-2025-11-01T175422.394.png","contentUrl":"https:\/\/trakesh.com\/wp-content\/uploads\/2025\/09\/MA-2025-11-01T175422.394.png","width":800,"height":800},{"@type":"BreadcrumbList","@id":"https:\/\/trakesh.com\/notre-boutique\/jcb\/ref-701-80299\/#breadcrumb","itemListElement":[{"@type":"ListItem","position":1,"name":"Home","item":"https:\/\/trakesh.com\/"},{"@type":"ListItem","position":2,"name":"Notre Boutique","item":"https:\/\/trakesh.com\/notre-boutique\/"},{"@type":"ListItem","position":3,"name":"REF : 701\/80299"}]},{"@type":"WebSite","@id":"https:\/\/trakesh.com\/#website","url":"https:\/\/trakesh.com\/","name":"TRAKECH PARTS","description":"Pi\u00e8ces de rechange pour camions MAN, moteurs CATERPILLAR et PERKINS \u2013 Maroc","publisher":{"@id":"https:\/\/trakesh.com\/#organization"},"potentialAction":[{"@type":"SearchAction","target":{"@type":"EntryPoint","urlTemplate":"https:\/\/trakesh.com\/?s={search_term_string}"},"query-input":{"@type":"PropertyValueSpecification","valueRequired":true,"valueName":"search_term_string"}}],"inLanguage":"ar"},{"@type":"Organization","@id":"https:\/\/trakesh.com\/#organization","name":"TRAKECH PARTS","url":"https:\/\/trakesh.com\/","logo":{"@type":"ImageObject","inLanguage":"ar","@id":"https:\/\/trakesh.com\/#\/schema\/logo\/image\/","url":"https:\/\/trakesh.com\/wp-content\/uploads\/2025\/05\/cropped-cropped-cropped-cropped-cropped-cropped-cropped-trakesh-removebg-preview-1.png","contentUrl":"https:\/\/trakesh.com\/wp-content\/uploads\/2025\/05\/cropped-cropped-cropped-cropped-cropped-cropped-cropped-trakesh-removebg-preview-1.png","width":342,"height":96,"caption":"TRAKECH PARTS"},"image":{"@id":"https:\/\/trakesh.com\/#\/schema\/logo\/image\/"},"sameAs":["https:\/\/web.facebook.com\/trakechparts\/?locale=fr_FR","https:\/\/www.instagram.com\/trakech_parts\/"]}]}},"_links":{"self":[{"href":"https:\/\/trakesh.com\/ar\/wp-json\/wp\/v2\/product\/8904","targetHints":{"allow":["GET"]}}],"collection":[{"href":"https:\/\/trakesh.com\/ar\/wp-json\/wp\/v2\/product"}],"about":[{"href":"https:\/\/trakesh.com\/ar\/wp-json\/wp\/v2\/types\/product"}],"replies":[{"embeddable":true,"href":"https:\/\/trakesh.com\/ar\/wp-json\/wp\/v2\/comments?post=8904"}],"wp:featuredmedia":[{"embeddable":true,"href":"https:\/\/trakesh.com\/ar\/wp-json\/wp\/v2\/media\/9429"}],"wp:attachment":[{"href":"https:\/\/trakesh.com\/ar\/wp-json\/wp\/v2\/media?parent=8904"}],"wp:term":[{"taxonomy":"product_brand","embeddable":true,"href":"https:\/\/trakesh.com\/ar\/wp-json\/wp\/v2\/product_brand?post=8904"},{"taxonomy":"product_cat","embeddable":true,"href":"https:\/\/trakesh.com\/ar\/wp-json\/wp\/v2\/product_cat?post=8904"},{"taxonomy":"product_tag","embeddable":true,"href":"https:\/\/trakesh.com\/ar\/wp-json\/wp\/v2\/product_tag?post=8904"}],"curies":[{"name":"wp","href":"https:\/\/api.w.org\/{rel}","templated":true}]}}