{"id":8907,"date":"2025-09-15T22:50:06","date_gmt":"2025-09-15T21:50:06","guid":{"rendered":"https:\/\/trakesh.com\/?post_type=product&#038;p=8907"},"modified":"2025-11-01T17:52:47","modified_gmt":"2025-11-01T16:52:47","slug":"ref-701-80298","status":"publish","type":"product","link":"https:\/\/trakesh.com\/ar\/notre-boutique\/jcb\/ref-701-80298\/","title":{"rendered":"REF : 701\/80298"},"content":{"rendered":"<p><strong>\ud83d\udd39 Description : Manette de commande d\u2019origine JCB, utilis\u00e9e pour le contr\u00f4le des fonctions hydrauliques ou m\u00e9caniques sur certains engins JCB.<\/strong><\/p>","protected":false},"excerpt":{"rendered":"<p data-start=\"286\" data-end=\"340\">\ud83d\udd39 <strong data-start=\"289\" data-end=\"296\">Nom<\/strong> : <strong data-start=\"299\" data-end=\"338\">Manette de commande \/ Control Lever<\/strong><\/p>\n<p data-start=\"342\" data-end=\"366\">\ud83d\udd39 <strong data-start=\"345\" data-end=\"362\">Compatibilit\u00e9<\/strong> :<\/p>\n<ul data-start=\"367\" data-end=\"519\">\n<li data-start=\"367\" data-end=\"423\">\n<p data-start=\"369\" data-end=\"423\">\u00c9quipements <strong data-start=\"381\" data-end=\"388\">JCB<\/strong> (mod\u00e8les selon num\u00e9ro de s\u00e9rie).<\/p>\n<\/li>\n<li data-start=\"424\" data-end=\"519\">\n<p data-start=\"426\" data-end=\"519\">Couramment mont\u00e9e sur <strong data-start=\"448\" data-end=\"516\">chargeuses-pelleteuses, t\u00e9lescopiques et pelles hydrauliques JCB<\/strong>.<\/p>\n<\/li>\n<\/ul>\n<p data-start=\"521\" data-end=\"540\">\ud83d\udd39 <strong data-start=\"524\" data-end=\"536\">Fonction<\/strong> :<\/p>\n<ul data-start=\"541\" data-end=\"775\">\n<li data-start=\"541\" data-end=\"642\">\n<p data-start=\"543\" data-end=\"642\">Permet \u00e0 l\u2019op\u00e9rateur de contr\u00f4ler les mouvements hydrauliques (levage, translation, orientation).<\/p>\n<\/li>\n<li data-start=\"643\" data-end=\"718\">\n<p data-start=\"645\" data-end=\"718\">Transmet les ordres m\u00e9caniques ou hydrauliques aux syst\u00e8mes de l\u2019engin.<\/p>\n<\/li>\n<li data-start=\"719\" data-end=\"775\">\n<p data-start=\"721\" data-end=\"775\">Am\u00e9liore la pr\u00e9cision et la s\u00e9curit\u00e9 de la conduite.<\/p>\n<\/li>\n<\/ul>\n<p data-start=\"777\" data-end=\"800\">\ud83d\udd39 <strong data-start=\"780\" data-end=\"796\">Applications<\/strong> :<\/p>\n<ul data-start=\"801\" data-end=\"973\">\n<li data-start=\"801\" data-end=\"895\">\n<p data-start=\"803\" data-end=\"895\">Commande des v\u00e9rins hydrauliques et autres syst\u00e8mes de travail sur engins de chantier JCB.<\/p>\n<\/li>\n<li data-start=\"896\" data-end=\"973\">\n<p data-start=\"898\" data-end=\"973\">Utilis\u00e9e dans la cabine de conduite pour la manipulation des \u00e9quipements.<\/p>\n<\/li>\n<\/ul>\n<p data-start=\"975\" data-end=\"998\">\ud83d\udd39 <strong data-start=\"978\" data-end=\"994\">Installation<\/strong> :<\/p>\n<ol data-start=\"999\" data-end=\"1253\">\n<li data-start=\"999\" data-end=\"1043\">\n<p data-start=\"1002\" data-end=\"1043\">Retirer la manette us\u00e9e ou d\u00e9fectueuse.<\/p>\n<\/li>\n<li data-start=\"1044\" data-end=\"1111\">\n<p data-start=\"1047\" data-end=\"1111\">Fixer la nouvelle manette <strong data-start=\"1073\" data-end=\"1086\">701\/80298<\/strong> \u00e0 l\u2019emplacement pr\u00e9vu.<\/p>\n<\/li>\n<li data-start=\"1112\" data-end=\"1194\">\n<p data-start=\"1115\" data-end=\"1194\">Connecter les c\u00e2bles, tringleries ou connecteurs \u00e9lectriques selon le mod\u00e8le.<\/p>\n<\/li>\n<li data-start=\"1195\" data-end=\"1253\">\n<p data-start=\"1198\" data-end=\"1253\">V\u00e9rifier le bon fonctionnement en conditions r\u00e9elles.<\/p>\n<\/li>\n<\/ol>\n<hr data-start=\"1255\" data-end=\"1258\" \/>\n<p data-start=\"1260\" data-end=\"1280\">\u2699\ufe0f <strong data-start=\"1263\" data-end=\"1276\">Avantages<\/strong> :<\/p>\n<ul data-start=\"1281\" data-end=\"1448\">\n<li data-start=\"1281\" data-end=\"1334\">\n<p data-start=\"1283\" data-end=\"1334\"><strong data-start=\"1283\" data-end=\"1306\">Pi\u00e8ce d\u2019origine JCB<\/strong> \u2192 fiabilit\u00e9 et long\u00e9vit\u00e9.<\/p>\n<\/li>\n<li data-start=\"1335\" data-end=\"1395\">\n<p data-start=\"1337\" data-end=\"1395\">Commande ergonomique adapt\u00e9e aux besoins de l\u2019op\u00e9rateur.<\/p>\n<\/li>\n<li data-start=\"1396\" data-end=\"1448\">\n<p data-start=\"1398\" data-end=\"1448\">R\u00e9sistante aux conditions de travail intensives.<\/p>\n<\/li>\n<\/ul>","protected":false},"featured_media":9428,"comment_status":"open","ping_status":"closed","template":"","meta":[],"product_brand":[285],"product_cat":[286],"product_tag":[],"class_list":{"0":"post-8907","1":"product","2":"type-product","3":"status-publish","4":"has-post-thumbnail","6":"product_brand-jcb","7":"product_cat-jcb","9":"first","10":"instock","11":"shipping-taxable","12":"product-type-simple"},"yoast_head":"<!-- This site is optimized with the Yoast SEO plugin v25.5 - https:\/\/yoast.com\/wordpress\/plugins\/seo\/ -->\n<title>REF : 701\/80298 - TRAKECH PARTS<\/title>\n<meta name=\"robots\" content=\"index, follow, max-snippet:-1, max-image-preview:large, max-video-preview:-1\" \/>\n<link rel=\"canonical\" href=\"https:\/\/trakesh.com\/ar\/notre-boutique\/jcb\/ref-701-80298\/\" \/>\n<meta property=\"og:locale\" content=\"ar_AR\" \/>\n<meta property=\"og:type\" content=\"article\" \/>\n<meta property=\"og:title\" content=\"REF : 701\/80298 - TRAKECH PARTS\" \/>\n<meta property=\"og:description\" content=\"\ud83d\udd39 Nom : Manette de commande \/ Control Lever \ud83d\udd39 Compatibilit\u00e9 :     \u00c9quipements JCB (mod\u00e8les selon num\u00e9ro de s\u00e9rie).    Couramment mont\u00e9e sur chargeuses-pelleteuses, t\u00e9lescopiques et pelles hydrauliques JCB.   \ud83d\udd39 Fonction :     Permet \u00e0 l\u2019op\u00e9rateur de contr\u00f4ler les mouvements hydrauliques (levage, translation, orientation).    Transmet les ordres m\u00e9caniques ou hydrauliques aux syst\u00e8mes de l\u2019engin.    Am\u00e9liore la pr\u00e9cision et la s\u00e9curit\u00e9 de la conduite.   \ud83d\udd39 Applications :     Commande des v\u00e9rins hydrauliques et autres syst\u00e8mes de travail sur engins de chantier JCB.    Utilis\u00e9e dans la cabine de conduite pour la manipulation des \u00e9quipements.   \ud83d\udd39 Installation :     Retirer la manette us\u00e9e ou d\u00e9fectueuse.    Fixer la nouvelle manette 701\/80298 \u00e0 l\u2019emplacement pr\u00e9vu.    Connecter les c\u00e2bles, tringleries ou connecteurs \u00e9lectriques selon le mod\u00e8le.    V\u00e9rifier le bon fonctionnement en conditions r\u00e9elles.     \u2699\ufe0f Avantages :     Pi\u00e8ce d\u2019origine JCB \u2192 fiabilit\u00e9 et long\u00e9vit\u00e9.    Commande ergonomique adapt\u00e9e aux besoins de l\u2019op\u00e9rateur.    R\u00e9sistante aux conditions de travail intensives.\" \/>\n<meta property=\"og:url\" content=\"https:\/\/trakesh.com\/ar\/notre-boutique\/jcb\/ref-701-80298\/\" \/>\n<meta property=\"og:site_name\" content=\"TRAKECH PARTS\" \/>\n<meta property=\"article:publisher\" content=\"https:\/\/web.facebook.com\/trakechparts\/?locale=fr_FR\" \/>\n<meta property=\"article:modified_time\" content=\"2025-11-01T16:52:47+00:00\" \/>\n<meta property=\"og:image\" content=\"https:\/\/trakesh.com\/wp-content\/uploads\/2025\/09\/MA-2025-11-01T175221.190.png\" \/>\n\t<meta property=\"og:image:width\" content=\"800\" \/>\n\t<meta property=\"og:image:height\" content=\"800\" \/>\n\t<meta property=\"og:image:type\" content=\"image\/png\" \/>\n<meta name=\"twitter:card\" content=\"summary_large_image\" \/>\n<meta name=\"twitter:label1\" content=\"\u0648\u0642\u062a \u0627\u0644\u0642\u0631\u0627\u0621\u0629 \u0627\u0644\u0645\u064f\u0642\u062f\u0651\u0631\" \/>\n\t<meta name=\"twitter:data1\" content=\"\u062f\u0642\u064a\u0642\u0629 \u0648\u0627\u062d\u062f\u0629\" \/>\n<script type=\"application\/ld+json\" class=\"yoast-schema-graph\">{\"@context\":\"https:\/\/schema.org\",\"@graph\":[{\"@type\":\"WebPage\",\"@id\":\"https:\/\/trakesh.com\/notre-boutique\/jcb\/ref-701-80298\/\",\"url\":\"https:\/\/trakesh.com\/notre-boutique\/jcb\/ref-701-80298\/\",\"name\":\"REF : 701\/80298 - TRAKECH PARTS\",\"isPartOf\":{\"@id\":\"https:\/\/trakesh.com\/#website\"},\"primaryImageOfPage\":{\"@id\":\"https:\/\/trakesh.com\/notre-boutique\/jcb\/ref-701-80298\/#primaryimage\"},\"image\":{\"@id\":\"https:\/\/trakesh.com\/notre-boutique\/jcb\/ref-701-80298\/#primaryimage\"},\"thumbnailUrl\":\"https:\/\/trakesh.com\/wp-content\/uploads\/2025\/09\/MA-2025-11-01T175221.190.png\",\"datePublished\":\"2025-09-15T21:50:06+00:00\",\"dateModified\":\"2025-11-01T16:52:47+00:00\",\"breadcrumb\":{\"@id\":\"https:\/\/trakesh.com\/notre-boutique\/jcb\/ref-701-80298\/#breadcrumb\"},\"inLanguage\":\"ar\",\"potentialAction\":[{\"@type\":\"ReadAction\",\"target\":[\"https:\/\/trakesh.com\/notre-boutique\/jcb\/ref-701-80298\/\"]}]},{\"@type\":\"ImageObject\",\"inLanguage\":\"ar\",\"@id\":\"https:\/\/trakesh.com\/notre-boutique\/jcb\/ref-701-80298\/#primaryimage\",\"url\":\"https:\/\/trakesh.com\/wp-content\/uploads\/2025\/09\/MA-2025-11-01T175221.190.png\",\"contentUrl\":\"https:\/\/trakesh.com\/wp-content\/uploads\/2025\/09\/MA-2025-11-01T175221.190.png\",\"width\":800,\"height\":800},{\"@type\":\"BreadcrumbList\",\"@id\":\"https:\/\/trakesh.com\/notre-boutique\/jcb\/ref-701-80298\/#breadcrumb\",\"itemListElement\":[{\"@type\":\"ListItem\",\"position\":1,\"name\":\"Home\",\"item\":\"https:\/\/trakesh.com\/\"},{\"@type\":\"ListItem\",\"position\":2,\"name\":\"Notre Boutique\",\"item\":\"https:\/\/trakesh.com\/notre-boutique\/\"},{\"@type\":\"ListItem\",\"position\":3,\"name\":\"REF : 701\/80298\"}]},{\"@type\":\"WebSite\",\"@id\":\"https:\/\/trakesh.com\/#website\",\"url\":\"https:\/\/trakesh.com\/\",\"name\":\"TRAKECH PARTS\",\"description\":\"Pi\u00e8ces de rechange pour camions MAN, moteurs CATERPILLAR et PERKINS \u2013 Maroc\",\"publisher\":{\"@id\":\"https:\/\/trakesh.com\/#organization\"},\"potentialAction\":[{\"@type\":\"SearchAction\",\"target\":{\"@type\":\"EntryPoint\",\"urlTemplate\":\"https:\/\/trakesh.com\/?s={search_term_string}\"},\"query-input\":{\"@type\":\"PropertyValueSpecification\",\"valueRequired\":true,\"valueName\":\"search_term_string\"}}],\"inLanguage\":\"ar\"},{\"@type\":\"Organization\",\"@id\":\"https:\/\/trakesh.com\/#organization\",\"name\":\"TRAKECH PARTS\",\"url\":\"https:\/\/trakesh.com\/\",\"logo\":{\"@type\":\"ImageObject\",\"inLanguage\":\"ar\",\"@id\":\"https:\/\/trakesh.com\/#\/schema\/logo\/image\/\",\"url\":\"https:\/\/trakesh.com\/wp-content\/uploads\/2025\/05\/cropped-cropped-cropped-cropped-cropped-cropped-cropped-trakesh-removebg-preview-1.png\",\"contentUrl\":\"https:\/\/trakesh.com\/wp-content\/uploads\/2025\/05\/cropped-cropped-cropped-cropped-cropped-cropped-cropped-trakesh-removebg-preview-1.png\",\"width\":342,\"height\":96,\"caption\":\"TRAKECH PARTS\"},\"image\":{\"@id\":\"https:\/\/trakesh.com\/#\/schema\/logo\/image\/\"},\"sameAs\":[\"https:\/\/web.facebook.com\/trakechparts\/?locale=fr_FR\",\"https:\/\/www.instagram.com\/trakech_parts\/\"]}]}<\/script>\n<!-- \/ Yoast SEO plugin. -->","yoast_head_json":{"title":"REF : 701\/80298 - TRAKECH PARTS","robots":{"index":"index","follow":"follow","max-snippet":"max-snippet:-1","max-image-preview":"max-image-preview:large","max-video-preview":"max-video-preview:-1"},"canonical":"https:\/\/trakesh.com\/ar\/notre-boutique\/jcb\/ref-701-80298\/","og_locale":"ar_AR","og_type":"article","og_title":"REF : 701\/80298 - TRAKECH PARTS","og_description":"\ud83d\udd39 Nom : Manette de commande \/ Control Lever \ud83d\udd39 Compatibilit\u00e9 :     \u00c9quipements JCB (mod\u00e8les selon num\u00e9ro de s\u00e9rie).    Couramment mont\u00e9e sur chargeuses-pelleteuses, t\u00e9lescopiques et pelles hydrauliques JCB.   \ud83d\udd39 Fonction :     Permet \u00e0 l\u2019op\u00e9rateur de contr\u00f4ler les mouvements hydrauliques (levage, translation, orientation).    Transmet les ordres m\u00e9caniques ou hydrauliques aux syst\u00e8mes de l\u2019engin.    Am\u00e9liore la pr\u00e9cision et la s\u00e9curit\u00e9 de la conduite.   \ud83d\udd39 Applications :     Commande des v\u00e9rins hydrauliques et autres syst\u00e8mes de travail sur engins de chantier JCB.    Utilis\u00e9e dans la cabine de conduite pour la manipulation des \u00e9quipements.   \ud83d\udd39 Installation :     Retirer la manette us\u00e9e ou d\u00e9fectueuse.    Fixer la nouvelle manette 701\/80298 \u00e0 l\u2019emplacement pr\u00e9vu.    Connecter les c\u00e2bles, tringleries ou connecteurs \u00e9lectriques selon le mod\u00e8le.    V\u00e9rifier le bon fonctionnement en conditions r\u00e9elles.     \u2699\ufe0f Avantages :     Pi\u00e8ce d\u2019origine JCB \u2192 fiabilit\u00e9 et long\u00e9vit\u00e9.    Commande ergonomique adapt\u00e9e aux besoins de l\u2019op\u00e9rateur.    R\u00e9sistante aux conditions de travail intensives.","og_url":"https:\/\/trakesh.com\/ar\/notre-boutique\/jcb\/ref-701-80298\/","og_site_name":"TRAKECH PARTS","article_publisher":"https:\/\/web.facebook.com\/trakechparts\/?locale=fr_FR","article_modified_time":"2025-11-01T16:52:47+00:00","og_image":[{"width":800,"height":800,"url":"https:\/\/trakesh.com\/wp-content\/uploads\/2025\/09\/MA-2025-11-01T175221.190.png","type":"image\/png"}],"twitter_card":"summary_large_image","twitter_misc":{"\u0648\u0642\u062a \u0627\u0644\u0642\u0631\u0627\u0621\u0629 \u0627\u0644\u0645\u064f\u0642\u062f\u0651\u0631":"\u062f\u0642\u064a\u0642\u0629 \u0648\u0627\u062d\u062f\u0629"},"schema":{"@context":"https:\/\/schema.org","@graph":[{"@type":"WebPage","@id":"https:\/\/trakesh.com\/notre-boutique\/jcb\/ref-701-80298\/","url":"https:\/\/trakesh.com\/notre-boutique\/jcb\/ref-701-80298\/","name":"REF : 701\/80298 - TRAKECH PARTS","isPartOf":{"@id":"https:\/\/trakesh.com\/#website"},"primaryImageOfPage":{"@id":"https:\/\/trakesh.com\/notre-boutique\/jcb\/ref-701-80298\/#primaryimage"},"image":{"@id":"https:\/\/trakesh.com\/notre-boutique\/jcb\/ref-701-80298\/#primaryimage"},"thumbnailUrl":"https:\/\/trakesh.com\/wp-content\/uploads\/2025\/09\/MA-2025-11-01T175221.190.png","datePublished":"2025-09-15T21:50:06+00:00","dateModified":"2025-11-01T16:52:47+00:00","breadcrumb":{"@id":"https:\/\/trakesh.com\/notre-boutique\/jcb\/ref-701-80298\/#breadcrumb"},"inLanguage":"ar","potentialAction":[{"@type":"ReadAction","target":["https:\/\/trakesh.com\/notre-boutique\/jcb\/ref-701-80298\/"]}]},{"@type":"ImageObject","inLanguage":"ar","@id":"https:\/\/trakesh.com\/notre-boutique\/jcb\/ref-701-80298\/#primaryimage","url":"https:\/\/trakesh.com\/wp-content\/uploads\/2025\/09\/MA-2025-11-01T175221.190.png","contentUrl":"https:\/\/trakesh.com\/wp-content\/uploads\/2025\/09\/MA-2025-11-01T175221.190.png","width":800,"height":800},{"@type":"BreadcrumbList","@id":"https:\/\/trakesh.com\/notre-boutique\/jcb\/ref-701-80298\/#breadcrumb","itemListElement":[{"@type":"ListItem","position":1,"name":"Home","item":"https:\/\/trakesh.com\/"},{"@type":"ListItem","position":2,"name":"Notre Boutique","item":"https:\/\/trakesh.com\/notre-boutique\/"},{"@type":"ListItem","position":3,"name":"REF : 701\/80298"}]},{"@type":"WebSite","@id":"https:\/\/trakesh.com\/#website","url":"https:\/\/trakesh.com\/","name":"TRAKECH PARTS","description":"Pi\u00e8ces de rechange pour camions MAN, moteurs CATERPILLAR et PERKINS \u2013 Maroc","publisher":{"@id":"https:\/\/trakesh.com\/#organization"},"potentialAction":[{"@type":"SearchAction","target":{"@type":"EntryPoint","urlTemplate":"https:\/\/trakesh.com\/?s={search_term_string}"},"query-input":{"@type":"PropertyValueSpecification","valueRequired":true,"valueName":"search_term_string"}}],"inLanguage":"ar"},{"@type":"Organization","@id":"https:\/\/trakesh.com\/#organization","name":"TRAKECH PARTS","url":"https:\/\/trakesh.com\/","logo":{"@type":"ImageObject","inLanguage":"ar","@id":"https:\/\/trakesh.com\/#\/schema\/logo\/image\/","url":"https:\/\/trakesh.com\/wp-content\/uploads\/2025\/05\/cropped-cropped-cropped-cropped-cropped-cropped-cropped-trakesh-removebg-preview-1.png","contentUrl":"https:\/\/trakesh.com\/wp-content\/uploads\/2025\/05\/cropped-cropped-cropped-cropped-cropped-cropped-cropped-trakesh-removebg-preview-1.png","width":342,"height":96,"caption":"TRAKECH PARTS"},"image":{"@id":"https:\/\/trakesh.com\/#\/schema\/logo\/image\/"},"sameAs":["https:\/\/web.facebook.com\/trakechparts\/?locale=fr_FR","https:\/\/www.instagram.com\/trakech_parts\/"]}]}},"_links":{"self":[{"href":"https:\/\/trakesh.com\/ar\/wp-json\/wp\/v2\/product\/8907","targetHints":{"allow":["GET"]}}],"collection":[{"href":"https:\/\/trakesh.com\/ar\/wp-json\/wp\/v2\/product"}],"about":[{"href":"https:\/\/trakesh.com\/ar\/wp-json\/wp\/v2\/types\/product"}],"replies":[{"embeddable":true,"href":"https:\/\/trakesh.com\/ar\/wp-json\/wp\/v2\/comments?post=8907"}],"wp:featuredmedia":[{"embeddable":true,"href":"https:\/\/trakesh.com\/ar\/wp-json\/wp\/v2\/media\/9428"}],"wp:attachment":[{"href":"https:\/\/trakesh.com\/ar\/wp-json\/wp\/v2\/media?parent=8907"}],"wp:term":[{"taxonomy":"product_brand","embeddable":true,"href":"https:\/\/trakesh.com\/ar\/wp-json\/wp\/v2\/product_brand?post=8907"},{"taxonomy":"product_cat","embeddable":true,"href":"https:\/\/trakesh.com\/ar\/wp-json\/wp\/v2\/product_cat?post=8907"},{"taxonomy":"product_tag","embeddable":true,"href":"https:\/\/trakesh.com\/ar\/wp-json\/wp\/v2\/product_tag?post=8907"}],"curies":[{"name":"wp","href":"https:\/\/api.w.org\/{rel}","templated":true}]}}