{"id":8912,"date":"2025-09-16T14:30:24","date_gmt":"2025-09-16T13:30:24","guid":{"rendered":"https:\/\/trakesh.com\/?post_type=product&#038;p=8912"},"modified":"2025-11-01T17:27:26","modified_gmt":"2025-11-01T16:27:26","slug":"ref-25-220804","status":"publish","type":"product","link":"https:\/\/trakesh.com\/ar\/notre-boutique\/jcb\/ref-25-220804\/","title":{"rendered":"REF: 25\/220804"},"content":{"rendered":"<p><strong>Description : \u00c9lectrovanne hydraulique d\u2019origine JCB assurant le contr\u00f4le pr\u00e9cis du d\u00e9bit et de la pression dans le circuit<\/strong><\/p>","protected":false},"excerpt":{"rendered":"<p><strong data-start=\"185\" data-end=\"194\">Nom :<\/strong> <strong>\u00c9lectrovanne (Solenoid Valve) JCB<\/strong><\/p>\n<ul data-start=\"153\" data-end=\"1113\">\n<li data-start=\"364\" data-end=\"504\">\n<p data-start=\"366\" data-end=\"504\"><strong data-start=\"366\" data-end=\"385\">Compatibilit\u00e9 :<\/strong> Compatible avec plusieurs mod\u00e8les de chargeuses-pelleteuses, pelles et t\u00e9lescopiques JCB (gamme 3CX, 4CX, Loadall\u2026).<\/p>\n<\/li>\n<li data-start=\"505\" data-end=\"622\">\n<p data-start=\"507\" data-end=\"622\"><strong data-start=\"507\" data-end=\"521\">Fonction :<\/strong> Commande \u00e9lectrique des flux hydrauliques pour actionner ou arr\u00eater diff\u00e9rents organes de l\u2019engin.<\/p>\n<\/li>\n<li data-start=\"623\" data-end=\"751\">\n<p data-start=\"625\" data-end=\"751\"><strong data-start=\"625\" data-end=\"643\">Applications :<\/strong> Utilis\u00e9e dans les circuits hydrauliques des engins JCB pour syst\u00e8mes de levage, direction ou accessoires.<\/p>\n<\/li>\n<li data-start=\"752\" data-end=\"859\">\n<p data-start=\"754\" data-end=\"859\"><strong data-start=\"754\" data-end=\"772\">Installation :<\/strong> Montage direct sur le bloc hydraulique d\u2019origine JCB, connexion \u00e9lectrique standard.<\/p>\n<\/li>\n<li data-start=\"860\" data-end=\"1113\">\n<p data-start=\"862\" data-end=\"879\"><strong data-start=\"862\" data-end=\"877\">Avantages :<\/strong><\/p>\n<ul data-start=\"882\" data-end=\"1113\">\n<li data-start=\"882\" data-end=\"938\">\n<p data-start=\"884\" data-end=\"938\">Pi\u00e8ce OEM JCB garantissant fiabilit\u00e9 et performance.<\/p>\n<\/li>\n<li data-start=\"941\" data-end=\"1009\">\n<p data-start=\"943\" data-end=\"1009\">R\u00e9ponse rapide et pr\u00e9cise pour un meilleur contr\u00f4le hydraulique.<\/p>\n<\/li>\n<li data-start=\"1012\" data-end=\"1113\">\n<p data-start=\"1014\" data-end=\"1113\">Con\u00e7ue pour r\u00e9sister \u00e0 des pressions et temp\u00e9ratures \u00e9lev\u00e9es dans des environnements de chantier.<\/p>\n<\/li>\n<\/ul>\n<\/li>\n<\/ul>","protected":false},"featured_media":9424,"comment_status":"open","ping_status":"closed","template":"","meta":[],"product_brand":[287],"product_cat":[286],"product_tag":[],"class_list":{"0":"post-8912","1":"product","2":"type-product","3":"status-publish","4":"has-post-thumbnail","6":"product_brand-seiko","7":"product_cat-jcb","9":"first","10":"instock","11":"shipping-taxable","12":"product-type-simple"},"yoast_head":"<!-- This site is optimized with the Yoast SEO plugin v25.5 - https:\/\/yoast.com\/wordpress\/plugins\/seo\/ -->\n<title>REF: 25\/220804 - TRAKECH PARTS<\/title>\n<meta name=\"robots\" content=\"index, follow, max-snippet:-1, max-image-preview:large, max-video-preview:-1\" \/>\n<link rel=\"canonical\" href=\"https:\/\/trakesh.com\/ar\/notre-boutique\/jcb\/ref-25-220804\/\" \/>\n<meta property=\"og:locale\" content=\"ar_AR\" \/>\n<meta property=\"og:type\" content=\"article\" \/>\n<meta property=\"og:title\" content=\"REF: 25\/220804 - TRAKECH PARTS\" \/>\n<meta property=\"og:description\" content=\"Nom : \u00c9lectrovanne (Solenoid Valve) JCB    Compatibilit\u00e9 : Compatible avec plusieurs mod\u00e8les de chargeuses-pelleteuses, pelles et t\u00e9lescopiques JCB (gamme 3CX, 4CX, Loadall\u2026).    Fonction : Commande \u00e9lectrique des flux hydrauliques pour actionner ou arr\u00eater diff\u00e9rents organes de l\u2019engin.    Applications : Utilis\u00e9e dans les circuits hydrauliques des engins JCB pour syst\u00e8mes de levage, direction ou accessoires.    Installation : Montage direct sur le bloc hydraulique d\u2019origine JCB, connexion \u00e9lectrique standard.    Avantages :     Pi\u00e8ce OEM JCB garantissant fiabilit\u00e9 et performance.    R\u00e9ponse rapide et pr\u00e9cise pour un meilleur contr\u00f4le hydraulique.    Con\u00e7ue pour r\u00e9sister \u00e0 des pressions et temp\u00e9ratures \u00e9lev\u00e9es dans des environnements de chantier.\" \/>\n<meta property=\"og:url\" content=\"https:\/\/trakesh.com\/ar\/notre-boutique\/jcb\/ref-25-220804\/\" \/>\n<meta property=\"og:site_name\" content=\"TRAKECH PARTS\" \/>\n<meta property=\"article:publisher\" content=\"https:\/\/web.facebook.com\/trakechparts\/?locale=fr_FR\" \/>\n<meta property=\"article:modified_time\" content=\"2025-11-01T16:27:26+00:00\" \/>\n<meta property=\"og:image\" content=\"https:\/\/trakesh.com\/wp-content\/uploads\/2025\/09\/MA-2025-11-01T172639.318.png\" \/>\n\t<meta property=\"og:image:width\" content=\"800\" \/>\n\t<meta property=\"og:image:height\" content=\"800\" \/>\n\t<meta property=\"og:image:type\" content=\"image\/png\" \/>\n<meta name=\"twitter:card\" content=\"summary_large_image\" \/>\n<meta name=\"twitter:label1\" content=\"\u0648\u0642\u062a \u0627\u0644\u0642\u0631\u0627\u0621\u0629 \u0627\u0644\u0645\u064f\u0642\u062f\u0651\u0631\" \/>\n\t<meta name=\"twitter:data1\" content=\"\u062f\u0642\u064a\u0642\u0629 \u0648\u0627\u062d\u062f\u0629\" \/>\n<script type=\"application\/ld+json\" class=\"yoast-schema-graph\">{\"@context\":\"https:\/\/schema.org\",\"@graph\":[{\"@type\":\"WebPage\",\"@id\":\"https:\/\/trakesh.com\/notre-boutique\/jcb\/ref-25-220804\/\",\"url\":\"https:\/\/trakesh.com\/notre-boutique\/jcb\/ref-25-220804\/\",\"name\":\"REF: 25\/220804 - TRAKECH PARTS\",\"isPartOf\":{\"@id\":\"https:\/\/trakesh.com\/#website\"},\"primaryImageOfPage\":{\"@id\":\"https:\/\/trakesh.com\/notre-boutique\/jcb\/ref-25-220804\/#primaryimage\"},\"image\":{\"@id\":\"https:\/\/trakesh.com\/notre-boutique\/jcb\/ref-25-220804\/#primaryimage\"},\"thumbnailUrl\":\"https:\/\/trakesh.com\/wp-content\/uploads\/2025\/09\/MA-2025-11-01T172639.318.png\",\"datePublished\":\"2025-09-16T13:30:24+00:00\",\"dateModified\":\"2025-11-01T16:27:26+00:00\",\"breadcrumb\":{\"@id\":\"https:\/\/trakesh.com\/notre-boutique\/jcb\/ref-25-220804\/#breadcrumb\"},\"inLanguage\":\"ar\",\"potentialAction\":[{\"@type\":\"ReadAction\",\"target\":[\"https:\/\/trakesh.com\/notre-boutique\/jcb\/ref-25-220804\/\"]}]},{\"@type\":\"ImageObject\",\"inLanguage\":\"ar\",\"@id\":\"https:\/\/trakesh.com\/notre-boutique\/jcb\/ref-25-220804\/#primaryimage\",\"url\":\"https:\/\/trakesh.com\/wp-content\/uploads\/2025\/09\/MA-2025-11-01T172639.318.png\",\"contentUrl\":\"https:\/\/trakesh.com\/wp-content\/uploads\/2025\/09\/MA-2025-11-01T172639.318.png\",\"width\":800,\"height\":800},{\"@type\":\"BreadcrumbList\",\"@id\":\"https:\/\/trakesh.com\/notre-boutique\/jcb\/ref-25-220804\/#breadcrumb\",\"itemListElement\":[{\"@type\":\"ListItem\",\"position\":1,\"name\":\"Home\",\"item\":\"https:\/\/trakesh.com\/\"},{\"@type\":\"ListItem\",\"position\":2,\"name\":\"Notre Boutique\",\"item\":\"https:\/\/trakesh.com\/notre-boutique\/\"},{\"@type\":\"ListItem\",\"position\":3,\"name\":\"REF: 25\/220804\"}]},{\"@type\":\"WebSite\",\"@id\":\"https:\/\/trakesh.com\/#website\",\"url\":\"https:\/\/trakesh.com\/\",\"name\":\"TRAKECH PARTS\",\"description\":\"Pi\u00e8ces de rechange pour camions MAN, moteurs CATERPILLAR et PERKINS \u2013 Maroc\",\"publisher\":{\"@id\":\"https:\/\/trakesh.com\/#organization\"},\"potentialAction\":[{\"@type\":\"SearchAction\",\"target\":{\"@type\":\"EntryPoint\",\"urlTemplate\":\"https:\/\/trakesh.com\/?s={search_term_string}\"},\"query-input\":{\"@type\":\"PropertyValueSpecification\",\"valueRequired\":true,\"valueName\":\"search_term_string\"}}],\"inLanguage\":\"ar\"},{\"@type\":\"Organization\",\"@id\":\"https:\/\/trakesh.com\/#organization\",\"name\":\"TRAKECH PARTS\",\"url\":\"https:\/\/trakesh.com\/\",\"logo\":{\"@type\":\"ImageObject\",\"inLanguage\":\"ar\",\"@id\":\"https:\/\/trakesh.com\/#\/schema\/logo\/image\/\",\"url\":\"https:\/\/trakesh.com\/wp-content\/uploads\/2025\/05\/cropped-cropped-cropped-cropped-cropped-cropped-cropped-trakesh-removebg-preview-1.png\",\"contentUrl\":\"https:\/\/trakesh.com\/wp-content\/uploads\/2025\/05\/cropped-cropped-cropped-cropped-cropped-cropped-cropped-trakesh-removebg-preview-1.png\",\"width\":342,\"height\":96,\"caption\":\"TRAKECH PARTS\"},\"image\":{\"@id\":\"https:\/\/trakesh.com\/#\/schema\/logo\/image\/\"},\"sameAs\":[\"https:\/\/web.facebook.com\/trakechparts\/?locale=fr_FR\",\"https:\/\/www.instagram.com\/trakech_parts\/\"]}]}<\/script>\n<!-- \/ Yoast SEO plugin. -->","yoast_head_json":{"title":"REF: 25\/220804 - TRAKECH PARTS","robots":{"index":"index","follow":"follow","max-snippet":"max-snippet:-1","max-image-preview":"max-image-preview:large","max-video-preview":"max-video-preview:-1"},"canonical":"https:\/\/trakesh.com\/ar\/notre-boutique\/jcb\/ref-25-220804\/","og_locale":"ar_AR","og_type":"article","og_title":"REF: 25\/220804 - TRAKECH PARTS","og_description":"Nom : \u00c9lectrovanne (Solenoid Valve) JCB    Compatibilit\u00e9 : Compatible avec plusieurs mod\u00e8les de chargeuses-pelleteuses, pelles et t\u00e9lescopiques JCB (gamme 3CX, 4CX, Loadall\u2026).    Fonction : Commande \u00e9lectrique des flux hydrauliques pour actionner ou arr\u00eater diff\u00e9rents organes de l\u2019engin.    Applications : Utilis\u00e9e dans les circuits hydrauliques des engins JCB pour syst\u00e8mes de levage, direction ou accessoires.    Installation : Montage direct sur le bloc hydraulique d\u2019origine JCB, connexion \u00e9lectrique standard.    Avantages :     Pi\u00e8ce OEM JCB garantissant fiabilit\u00e9 et performance.    R\u00e9ponse rapide et pr\u00e9cise pour un meilleur contr\u00f4le hydraulique.    Con\u00e7ue pour r\u00e9sister \u00e0 des pressions et temp\u00e9ratures \u00e9lev\u00e9es dans des environnements de chantier.","og_url":"https:\/\/trakesh.com\/ar\/notre-boutique\/jcb\/ref-25-220804\/","og_site_name":"TRAKECH PARTS","article_publisher":"https:\/\/web.facebook.com\/trakechparts\/?locale=fr_FR","article_modified_time":"2025-11-01T16:27:26+00:00","og_image":[{"width":800,"height":800,"url":"https:\/\/trakesh.com\/wp-content\/uploads\/2025\/09\/MA-2025-11-01T172639.318.png","type":"image\/png"}],"twitter_card":"summary_large_image","twitter_misc":{"\u0648\u0642\u062a \u0627\u0644\u0642\u0631\u0627\u0621\u0629 \u0627\u0644\u0645\u064f\u0642\u062f\u0651\u0631":"\u062f\u0642\u064a\u0642\u0629 \u0648\u0627\u062d\u062f\u0629"},"schema":{"@context":"https:\/\/schema.org","@graph":[{"@type":"WebPage","@id":"https:\/\/trakesh.com\/notre-boutique\/jcb\/ref-25-220804\/","url":"https:\/\/trakesh.com\/notre-boutique\/jcb\/ref-25-220804\/","name":"REF: 25\/220804 - TRAKECH PARTS","isPartOf":{"@id":"https:\/\/trakesh.com\/#website"},"primaryImageOfPage":{"@id":"https:\/\/trakesh.com\/notre-boutique\/jcb\/ref-25-220804\/#primaryimage"},"image":{"@id":"https:\/\/trakesh.com\/notre-boutique\/jcb\/ref-25-220804\/#primaryimage"},"thumbnailUrl":"https:\/\/trakesh.com\/wp-content\/uploads\/2025\/09\/MA-2025-11-01T172639.318.png","datePublished":"2025-09-16T13:30:24+00:00","dateModified":"2025-11-01T16:27:26+00:00","breadcrumb":{"@id":"https:\/\/trakesh.com\/notre-boutique\/jcb\/ref-25-220804\/#breadcrumb"},"inLanguage":"ar","potentialAction":[{"@type":"ReadAction","target":["https:\/\/trakesh.com\/notre-boutique\/jcb\/ref-25-220804\/"]}]},{"@type":"ImageObject","inLanguage":"ar","@id":"https:\/\/trakesh.com\/notre-boutique\/jcb\/ref-25-220804\/#primaryimage","url":"https:\/\/trakesh.com\/wp-content\/uploads\/2025\/09\/MA-2025-11-01T172639.318.png","contentUrl":"https:\/\/trakesh.com\/wp-content\/uploads\/2025\/09\/MA-2025-11-01T172639.318.png","width":800,"height":800},{"@type":"BreadcrumbList","@id":"https:\/\/trakesh.com\/notre-boutique\/jcb\/ref-25-220804\/#breadcrumb","itemListElement":[{"@type":"ListItem","position":1,"name":"Home","item":"https:\/\/trakesh.com\/"},{"@type":"ListItem","position":2,"name":"Notre Boutique","item":"https:\/\/trakesh.com\/notre-boutique\/"},{"@type":"ListItem","position":3,"name":"REF: 25\/220804"}]},{"@type":"WebSite","@id":"https:\/\/trakesh.com\/#website","url":"https:\/\/trakesh.com\/","name":"TRAKECH PARTS","description":"Pi\u00e8ces de rechange pour camions MAN, moteurs CATERPILLAR et PERKINS \u2013 Maroc","publisher":{"@id":"https:\/\/trakesh.com\/#organization"},"potentialAction":[{"@type":"SearchAction","target":{"@type":"EntryPoint","urlTemplate":"https:\/\/trakesh.com\/?s={search_term_string}"},"query-input":{"@type":"PropertyValueSpecification","valueRequired":true,"valueName":"search_term_string"}}],"inLanguage":"ar"},{"@type":"Organization","@id":"https:\/\/trakesh.com\/#organization","name":"TRAKECH PARTS","url":"https:\/\/trakesh.com\/","logo":{"@type":"ImageObject","inLanguage":"ar","@id":"https:\/\/trakesh.com\/#\/schema\/logo\/image\/","url":"https:\/\/trakesh.com\/wp-content\/uploads\/2025\/05\/cropped-cropped-cropped-cropped-cropped-cropped-cropped-trakesh-removebg-preview-1.png","contentUrl":"https:\/\/trakesh.com\/wp-content\/uploads\/2025\/05\/cropped-cropped-cropped-cropped-cropped-cropped-cropped-trakesh-removebg-preview-1.png","width":342,"height":96,"caption":"TRAKECH PARTS"},"image":{"@id":"https:\/\/trakesh.com\/#\/schema\/logo\/image\/"},"sameAs":["https:\/\/web.facebook.com\/trakechparts\/?locale=fr_FR","https:\/\/www.instagram.com\/trakech_parts\/"]}]}},"_links":{"self":[{"href":"https:\/\/trakesh.com\/ar\/wp-json\/wp\/v2\/product\/8912","targetHints":{"allow":["GET"]}}],"collection":[{"href":"https:\/\/trakesh.com\/ar\/wp-json\/wp\/v2\/product"}],"about":[{"href":"https:\/\/trakesh.com\/ar\/wp-json\/wp\/v2\/types\/product"}],"replies":[{"embeddable":true,"href":"https:\/\/trakesh.com\/ar\/wp-json\/wp\/v2\/comments?post=8912"}],"wp:featuredmedia":[{"embeddable":true,"href":"https:\/\/trakesh.com\/ar\/wp-json\/wp\/v2\/media\/9424"}],"wp:attachment":[{"href":"https:\/\/trakesh.com\/ar\/wp-json\/wp\/v2\/media?parent=8912"}],"wp:term":[{"taxonomy":"product_brand","embeddable":true,"href":"https:\/\/trakesh.com\/ar\/wp-json\/wp\/v2\/product_brand?post=8912"},{"taxonomy":"product_cat","embeddable":true,"href":"https:\/\/trakesh.com\/ar\/wp-json\/wp\/v2\/product_cat?post=8912"},{"taxonomy":"product_tag","embeddable":true,"href":"https:\/\/trakesh.com\/ar\/wp-json\/wp\/v2\/product_tag?post=8912"}],"curies":[{"name":"wp","href":"https:\/\/api.w.org\/{rel}","templated":true}]}}