{"id":8914,"date":"2025-09-16T14:37:57","date_gmt":"2025-09-16T13:37:57","guid":{"rendered":"https:\/\/trakesh.com\/?post_type=product&#038;p=8914"},"modified":"2025-11-01T17:21:20","modified_gmt":"2025-11-01T16:21:20","slug":"ref-sv98-t39s","status":"publish","type":"product","link":"https:\/\/trakesh.com\/ar\/notre-boutique\/jcb\/ref-sv98-t39s\/","title":{"rendered":"REF: SV98-T39S"},"content":{"rendered":"<p><strong>Description : \u00c9lectrovanne de commande hydraulique haute pr\u00e9cision fabriqu\u00e9e par Seiko pour engins JCB.<\/strong><\/p>","protected":false},"excerpt":{"rendered":"<p><strong data-start=\"203\" data-end=\"212\">Nom :<\/strong> <strong>\u00c9lectrovanne hydraulique (Solenoid Valve) JCB \/ Seiko<\/strong><\/p>\n<ul data-start=\"171\" data-end=\"1127\">\n<li data-start=\"381\" data-end=\"523\">\n<p data-start=\"383\" data-end=\"523\"><strong data-start=\"383\" data-end=\"402\">Compatibilit\u00e9 :<\/strong> Adapt\u00e9e \u00e0 plusieurs mod\u00e8les JCB (chargeuses-pelleteuses, t\u00e9lescopiques et pelles) utilisant le bloc hydraulique Seiko.<\/p>\n<\/li>\n<li data-start=\"524\" data-end=\"661\">\n<p data-start=\"526\" data-end=\"661\"><strong data-start=\"526\" data-end=\"540\">Fonction :<\/strong> R\u00e9gule \u00e9lectriquement le d\u00e9bit et la pression dans le circuit hydraulique pour actionner divers organes de la machine.<\/p>\n<\/li>\n<li data-start=\"662\" data-end=\"760\">\n<p data-start=\"664\" data-end=\"760\"><strong data-start=\"664\" data-end=\"682\">Applications :<\/strong> Syst\u00e8mes hydrauliques de levage, translation et accessoires sur engins JCB.<\/p>\n<\/li>\n<li data-start=\"761\" data-end=\"869\">\n<p data-start=\"763\" data-end=\"869\"><strong data-start=\"763\" data-end=\"781\">Installation :<\/strong> Montage direct sur le bloc hydraulique Seiko avec connecteur \u00e9lectrique standard OEM.<\/p>\n<\/li>\n<li data-start=\"870\" data-end=\"1127\">\n<p data-start=\"872\" data-end=\"889\"><strong data-start=\"872\" data-end=\"887\">Avantages :<\/strong><\/p>\n<ul data-start=\"892\" data-end=\"1127\">\n<li data-start=\"892\" data-end=\"976\">\n<p data-start=\"894\" data-end=\"976\">Fabrication Seiko et conformit\u00e9 OEM JCB pour performance et fiabilit\u00e9 maximales.<\/p>\n<\/li>\n<li data-start=\"979\" data-end=\"1044\">\n<p data-start=\"981\" data-end=\"1044\">R\u00e9ponse rapide et commande pr\u00e9cise des circuits hydrauliques.<\/p>\n<\/li>\n<li data-start=\"1047\" data-end=\"1127\">\n<p data-start=\"1049\" data-end=\"1127\">Longue dur\u00e9e de vie et r\u00e9sistance aux environnements de chantier difficiles.<\/p>\n<\/li>\n<\/ul>\n<\/li>\n<\/ul>\n<p>&nbsp;<\/p>","protected":false},"featured_media":9422,"comment_status":"open","ping_status":"closed","template":"","meta":[],"product_brand":[287],"product_cat":[286],"product_tag":[],"class_list":{"0":"post-8914","1":"product","2":"type-product","3":"status-publish","4":"has-post-thumbnail","6":"product_brand-seiko","7":"product_cat-jcb","9":"first","10":"instock","11":"shipping-taxable","12":"product-type-simple"},"yoast_head":"<!-- This site is optimized with the Yoast SEO plugin v25.5 - https:\/\/yoast.com\/wordpress\/plugins\/seo\/ -->\n<title>REF: SV98-T39S - TRAKECH PARTS<\/title>\n<meta name=\"robots\" content=\"index, follow, max-snippet:-1, max-image-preview:large, max-video-preview:-1\" \/>\n<link rel=\"canonical\" href=\"https:\/\/trakesh.com\/ar\/notre-boutique\/jcb\/ref-sv98-t39s\/\" \/>\n<meta property=\"og:locale\" content=\"ar_AR\" \/>\n<meta property=\"og:type\" content=\"article\" \/>\n<meta property=\"og:title\" content=\"REF: SV98-T39S - TRAKECH PARTS\" \/>\n<meta property=\"og:description\" content=\"Nom : \u00c9lectrovanne hydraulique (Solenoid Valve) JCB \/ Seiko    Compatibilit\u00e9 : Adapt\u00e9e \u00e0 plusieurs mod\u00e8les JCB (chargeuses-pelleteuses, t\u00e9lescopiques et pelles) utilisant le bloc hydraulique Seiko.    Fonction : R\u00e9gule \u00e9lectriquement le d\u00e9bit et la pression dans le circuit hydraulique pour actionner divers organes de la machine.    Applications : Syst\u00e8mes hydrauliques de levage, translation et accessoires sur engins JCB.    Installation : Montage direct sur le bloc hydraulique Seiko avec connecteur \u00e9lectrique standard OEM.    Avantages :     Fabrication Seiko et conformit\u00e9 OEM JCB pour performance et fiabilit\u00e9 maximales.    R\u00e9ponse rapide et commande pr\u00e9cise des circuits hydrauliques.    Longue dur\u00e9e de vie et r\u00e9sistance aux environnements de chantier difficiles.     &nbsp;\" \/>\n<meta property=\"og:url\" content=\"https:\/\/trakesh.com\/ar\/notre-boutique\/jcb\/ref-sv98-t39s\/\" \/>\n<meta property=\"og:site_name\" content=\"TRAKECH PARTS\" \/>\n<meta property=\"article:publisher\" content=\"https:\/\/web.facebook.com\/trakechparts\/?locale=fr_FR\" \/>\n<meta property=\"article:modified_time\" content=\"2025-11-01T16:21:20+00:00\" \/>\n<meta property=\"og:image\" content=\"https:\/\/trakesh.com\/wp-content\/uploads\/2025\/09\/MA-2025-11-01T172052.283.png\" \/>\n\t<meta property=\"og:image:width\" content=\"800\" \/>\n\t<meta property=\"og:image:height\" content=\"800\" \/>\n\t<meta property=\"og:image:type\" content=\"image\/png\" \/>\n<meta name=\"twitter:card\" content=\"summary_large_image\" \/>\n<meta name=\"twitter:label1\" content=\"\u0648\u0642\u062a \u0627\u0644\u0642\u0631\u0627\u0621\u0629 \u0627\u0644\u0645\u064f\u0642\u062f\u0651\u0631\" \/>\n\t<meta name=\"twitter:data1\" content=\"\u062f\u0642\u064a\u0642\u0629 \u0648\u0627\u062d\u062f\u0629\" \/>\n<script type=\"application\/ld+json\" class=\"yoast-schema-graph\">{\"@context\":\"https:\/\/schema.org\",\"@graph\":[{\"@type\":\"WebPage\",\"@id\":\"https:\/\/trakesh.com\/notre-boutique\/jcb\/ref-sv98-t39s\/\",\"url\":\"https:\/\/trakesh.com\/notre-boutique\/jcb\/ref-sv98-t39s\/\",\"name\":\"REF: SV98-T39S - TRAKECH PARTS\",\"isPartOf\":{\"@id\":\"https:\/\/trakesh.com\/#website\"},\"primaryImageOfPage\":{\"@id\":\"https:\/\/trakesh.com\/notre-boutique\/jcb\/ref-sv98-t39s\/#primaryimage\"},\"image\":{\"@id\":\"https:\/\/trakesh.com\/notre-boutique\/jcb\/ref-sv98-t39s\/#primaryimage\"},\"thumbnailUrl\":\"https:\/\/trakesh.com\/wp-content\/uploads\/2025\/09\/MA-2025-11-01T172052.283.png\",\"datePublished\":\"2025-09-16T13:37:57+00:00\",\"dateModified\":\"2025-11-01T16:21:20+00:00\",\"breadcrumb\":{\"@id\":\"https:\/\/trakesh.com\/notre-boutique\/jcb\/ref-sv98-t39s\/#breadcrumb\"},\"inLanguage\":\"ar\",\"potentialAction\":[{\"@type\":\"ReadAction\",\"target\":[\"https:\/\/trakesh.com\/notre-boutique\/jcb\/ref-sv98-t39s\/\"]}]},{\"@type\":\"ImageObject\",\"inLanguage\":\"ar\",\"@id\":\"https:\/\/trakesh.com\/notre-boutique\/jcb\/ref-sv98-t39s\/#primaryimage\",\"url\":\"https:\/\/trakesh.com\/wp-content\/uploads\/2025\/09\/MA-2025-11-01T172052.283.png\",\"contentUrl\":\"https:\/\/trakesh.com\/wp-content\/uploads\/2025\/09\/MA-2025-11-01T172052.283.png\",\"width\":800,\"height\":800},{\"@type\":\"BreadcrumbList\",\"@id\":\"https:\/\/trakesh.com\/notre-boutique\/jcb\/ref-sv98-t39s\/#breadcrumb\",\"itemListElement\":[{\"@type\":\"ListItem\",\"position\":1,\"name\":\"Home\",\"item\":\"https:\/\/trakesh.com\/\"},{\"@type\":\"ListItem\",\"position\":2,\"name\":\"Notre Boutique\",\"item\":\"https:\/\/trakesh.com\/notre-boutique\/\"},{\"@type\":\"ListItem\",\"position\":3,\"name\":\"REF: SV98-T39S\"}]},{\"@type\":\"WebSite\",\"@id\":\"https:\/\/trakesh.com\/#website\",\"url\":\"https:\/\/trakesh.com\/\",\"name\":\"TRAKECH PARTS\",\"description\":\"Pi\u00e8ces de rechange pour camions MAN, moteurs CATERPILLAR et PERKINS \u2013 Maroc\",\"publisher\":{\"@id\":\"https:\/\/trakesh.com\/#organization\"},\"potentialAction\":[{\"@type\":\"SearchAction\",\"target\":{\"@type\":\"EntryPoint\",\"urlTemplate\":\"https:\/\/trakesh.com\/?s={search_term_string}\"},\"query-input\":{\"@type\":\"PropertyValueSpecification\",\"valueRequired\":true,\"valueName\":\"search_term_string\"}}],\"inLanguage\":\"ar\"},{\"@type\":\"Organization\",\"@id\":\"https:\/\/trakesh.com\/#organization\",\"name\":\"TRAKECH PARTS\",\"url\":\"https:\/\/trakesh.com\/\",\"logo\":{\"@type\":\"ImageObject\",\"inLanguage\":\"ar\",\"@id\":\"https:\/\/trakesh.com\/#\/schema\/logo\/image\/\",\"url\":\"https:\/\/trakesh.com\/wp-content\/uploads\/2025\/05\/cropped-cropped-cropped-cropped-cropped-cropped-cropped-trakesh-removebg-preview-1.png\",\"contentUrl\":\"https:\/\/trakesh.com\/wp-content\/uploads\/2025\/05\/cropped-cropped-cropped-cropped-cropped-cropped-cropped-trakesh-removebg-preview-1.png\",\"width\":342,\"height\":96,\"caption\":\"TRAKECH PARTS\"},\"image\":{\"@id\":\"https:\/\/trakesh.com\/#\/schema\/logo\/image\/\"},\"sameAs\":[\"https:\/\/web.facebook.com\/trakechparts\/?locale=fr_FR\",\"https:\/\/www.instagram.com\/trakech_parts\/\"]}]}<\/script>\n<!-- \/ Yoast SEO plugin. -->","yoast_head_json":{"title":"REF: SV98-T39S - TRAKECH PARTS","robots":{"index":"index","follow":"follow","max-snippet":"max-snippet:-1","max-image-preview":"max-image-preview:large","max-video-preview":"max-video-preview:-1"},"canonical":"https:\/\/trakesh.com\/ar\/notre-boutique\/jcb\/ref-sv98-t39s\/","og_locale":"ar_AR","og_type":"article","og_title":"REF: SV98-T39S - TRAKECH PARTS","og_description":"Nom : \u00c9lectrovanne hydraulique (Solenoid Valve) JCB \/ Seiko    Compatibilit\u00e9 : Adapt\u00e9e \u00e0 plusieurs mod\u00e8les JCB (chargeuses-pelleteuses, t\u00e9lescopiques et pelles) utilisant le bloc hydraulique Seiko.    Fonction : R\u00e9gule \u00e9lectriquement le d\u00e9bit et la pression dans le circuit hydraulique pour actionner divers organes de la machine.    Applications : Syst\u00e8mes hydrauliques de levage, translation et accessoires sur engins JCB.    Installation : Montage direct sur le bloc hydraulique Seiko avec connecteur \u00e9lectrique standard OEM.    Avantages :     Fabrication Seiko et conformit\u00e9 OEM JCB pour performance et fiabilit\u00e9 maximales.    R\u00e9ponse rapide et commande pr\u00e9cise des circuits hydrauliques.    Longue dur\u00e9e de vie et r\u00e9sistance aux environnements de chantier difficiles.     &nbsp;","og_url":"https:\/\/trakesh.com\/ar\/notre-boutique\/jcb\/ref-sv98-t39s\/","og_site_name":"TRAKECH PARTS","article_publisher":"https:\/\/web.facebook.com\/trakechparts\/?locale=fr_FR","article_modified_time":"2025-11-01T16:21:20+00:00","og_image":[{"width":800,"height":800,"url":"https:\/\/trakesh.com\/wp-content\/uploads\/2025\/09\/MA-2025-11-01T172052.283.png","type":"image\/png"}],"twitter_card":"summary_large_image","twitter_misc":{"\u0648\u0642\u062a \u0627\u0644\u0642\u0631\u0627\u0621\u0629 \u0627\u0644\u0645\u064f\u0642\u062f\u0651\u0631":"\u062f\u0642\u064a\u0642\u0629 \u0648\u0627\u062d\u062f\u0629"},"schema":{"@context":"https:\/\/schema.org","@graph":[{"@type":"WebPage","@id":"https:\/\/trakesh.com\/notre-boutique\/jcb\/ref-sv98-t39s\/","url":"https:\/\/trakesh.com\/notre-boutique\/jcb\/ref-sv98-t39s\/","name":"REF: SV98-T39S - TRAKECH PARTS","isPartOf":{"@id":"https:\/\/trakesh.com\/#website"},"primaryImageOfPage":{"@id":"https:\/\/trakesh.com\/notre-boutique\/jcb\/ref-sv98-t39s\/#primaryimage"},"image":{"@id":"https:\/\/trakesh.com\/notre-boutique\/jcb\/ref-sv98-t39s\/#primaryimage"},"thumbnailUrl":"https:\/\/trakesh.com\/wp-content\/uploads\/2025\/09\/MA-2025-11-01T172052.283.png","datePublished":"2025-09-16T13:37:57+00:00","dateModified":"2025-11-01T16:21:20+00:00","breadcrumb":{"@id":"https:\/\/trakesh.com\/notre-boutique\/jcb\/ref-sv98-t39s\/#breadcrumb"},"inLanguage":"ar","potentialAction":[{"@type":"ReadAction","target":["https:\/\/trakesh.com\/notre-boutique\/jcb\/ref-sv98-t39s\/"]}]},{"@type":"ImageObject","inLanguage":"ar","@id":"https:\/\/trakesh.com\/notre-boutique\/jcb\/ref-sv98-t39s\/#primaryimage","url":"https:\/\/trakesh.com\/wp-content\/uploads\/2025\/09\/MA-2025-11-01T172052.283.png","contentUrl":"https:\/\/trakesh.com\/wp-content\/uploads\/2025\/09\/MA-2025-11-01T172052.283.png","width":800,"height":800},{"@type":"BreadcrumbList","@id":"https:\/\/trakesh.com\/notre-boutique\/jcb\/ref-sv98-t39s\/#breadcrumb","itemListElement":[{"@type":"ListItem","position":1,"name":"Home","item":"https:\/\/trakesh.com\/"},{"@type":"ListItem","position":2,"name":"Notre Boutique","item":"https:\/\/trakesh.com\/notre-boutique\/"},{"@type":"ListItem","position":3,"name":"REF: SV98-T39S"}]},{"@type":"WebSite","@id":"https:\/\/trakesh.com\/#website","url":"https:\/\/trakesh.com\/","name":"TRAKECH PARTS","description":"Pi\u00e8ces de rechange pour camions MAN, moteurs CATERPILLAR et PERKINS \u2013 Maroc","publisher":{"@id":"https:\/\/trakesh.com\/#organization"},"potentialAction":[{"@type":"SearchAction","target":{"@type":"EntryPoint","urlTemplate":"https:\/\/trakesh.com\/?s={search_term_string}"},"query-input":{"@type":"PropertyValueSpecification","valueRequired":true,"valueName":"search_term_string"}}],"inLanguage":"ar"},{"@type":"Organization","@id":"https:\/\/trakesh.com\/#organization","name":"TRAKECH PARTS","url":"https:\/\/trakesh.com\/","logo":{"@type":"ImageObject","inLanguage":"ar","@id":"https:\/\/trakesh.com\/#\/schema\/logo\/image\/","url":"https:\/\/trakesh.com\/wp-content\/uploads\/2025\/05\/cropped-cropped-cropped-cropped-cropped-cropped-cropped-trakesh-removebg-preview-1.png","contentUrl":"https:\/\/trakesh.com\/wp-content\/uploads\/2025\/05\/cropped-cropped-cropped-cropped-cropped-cropped-cropped-trakesh-removebg-preview-1.png","width":342,"height":96,"caption":"TRAKECH PARTS"},"image":{"@id":"https:\/\/trakesh.com\/#\/schema\/logo\/image\/"},"sameAs":["https:\/\/web.facebook.com\/trakechparts\/?locale=fr_FR","https:\/\/www.instagram.com\/trakech_parts\/"]}]}},"_links":{"self":[{"href":"https:\/\/trakesh.com\/ar\/wp-json\/wp\/v2\/product\/8914","targetHints":{"allow":["GET"]}}],"collection":[{"href":"https:\/\/trakesh.com\/ar\/wp-json\/wp\/v2\/product"}],"about":[{"href":"https:\/\/trakesh.com\/ar\/wp-json\/wp\/v2\/types\/product"}],"replies":[{"embeddable":true,"href":"https:\/\/trakesh.com\/ar\/wp-json\/wp\/v2\/comments?post=8914"}],"wp:featuredmedia":[{"embeddable":true,"href":"https:\/\/trakesh.com\/ar\/wp-json\/wp\/v2\/media\/9422"}],"wp:attachment":[{"href":"https:\/\/trakesh.com\/ar\/wp-json\/wp\/v2\/media?parent=8914"}],"wp:term":[{"taxonomy":"product_brand","embeddable":true,"href":"https:\/\/trakesh.com\/ar\/wp-json\/wp\/v2\/product_brand?post=8914"},{"taxonomy":"product_cat","embeddable":true,"href":"https:\/\/trakesh.com\/ar\/wp-json\/wp\/v2\/product_cat?post=8914"},{"taxonomy":"product_tag","embeddable":true,"href":"https:\/\/trakesh.com\/ar\/wp-json\/wp\/v2\/product_tag?post=8914"}],"curies":[{"name":"wp","href":"https:\/\/api.w.org\/{rel}","templated":true}]}}