{"id":8919,"date":"2025-09-16T15:23:40","date_gmt":"2025-09-16T14:23:40","guid":{"rendered":"https:\/\/trakesh.com\/?post_type=product&#038;p=8919"},"modified":"2025-11-22T17:47:02","modified_gmt":"2025-11-22T16:47:02","slug":"ref-1400010100","status":"publish","type":"product","link":"https:\/\/trakesh.com\/ar\/notre-boutique\/vlv\/ref-1400010100\/","title":{"rendered":"REF: 1400010100"},"content":{"rendered":"<ul>\n<li data-start=\"365\" data-end=\"519\">\n<p data-start=\"367\" data-end=\"519\"><strong>Description : Kit complet d\u2019origine pour l\u2019entretien et la r\u00e9vision du compresseur d\u2019air VOLVO, incluant joints, plaques et \u00e9l\u00e9ments d\u2019\u00e9tanch\u00e9it\u00e9.<\/strong><\/p>\n<\/li>\n<\/ul>","protected":false},"excerpt":{"rendered":"<ul>\n<li data-start=\"262\" data-end=\"364\">\n<p data-start=\"264\" data-end=\"364\"><strong data-start=\"264\" data-end=\"273\">Nom :<\/strong> <strong>\u00a0<\/strong><strong>Kit de r\u00e9paration du compresseur d\u2019air V<\/strong><strong>OLVO (garnitures + joints + pi\u00e8ces d\u2019\u00e9tanch\u00e9it\u00e9)<\/strong><\/p>\n<\/li>\n<li data-start=\"520\" data-end=\"651\">\n<p data-start=\"522\" data-end=\"651\"><strong data-start=\"522\" data-end=\"541\">Compatibilit\u00e9 :<\/strong> Con\u00e7u pour plusieurs mod\u00e8les VOLVO Trucks (FH, FM, FMX et autres camions lourds \u00e9quip\u00e9s de ce compresseur).<\/p>\n<\/li>\n<li data-start=\"652\" data-end=\"760\">\n<p data-start=\"654\" data-end=\"760\"><strong data-start=\"654\" data-end=\"668\">Fonction :<\/strong> Restaure l\u2019\u00e9tanch\u00e9it\u00e9 et la performance du compresseur d\u2019air pour le syst\u00e8me pneumatique.<\/p>\n<\/li>\n<li data-start=\"761\" data-end=\"866\">\n<p data-start=\"763\" data-end=\"866\"><strong data-start=\"763\" data-end=\"781\">Applications :<\/strong> Syst\u00e8mes de freinage \u00e0 air comprim\u00e9 et accessoires pneumatiques des camions VOLVO.<\/p>\n<\/li>\n<li data-start=\"867\" data-end=\"998\">\n<p data-start=\"869\" data-end=\"998\"><strong data-start=\"869\" data-end=\"887\">Installation :<\/strong> Kit OEM pr\u00eat \u00e0 monter, installation conforme aux proc\u00e9dures constructeur lors de l\u2019entretien du compresseur.<\/p>\n<\/li>\n<li data-start=\"999\" data-end=\"1231\">\n<p data-start=\"1001\" data-end=\"1018\"><strong data-start=\"1001\" data-end=\"1016\">Avantages :<\/strong><\/p>\n<ul data-start=\"1021\" data-end=\"1231\">\n<li data-start=\"1021\" data-end=\"1092\">\n<p data-start=\"1023\" data-end=\"1092\">Pi\u00e8ces d\u2019origine VOLVO \/ Vaden garantissant fiabilit\u00e9 et long\u00e9vit\u00e9.<\/p>\n<\/li>\n<li data-start=\"1095\" data-end=\"1156\">\n<p data-start=\"1097\" data-end=\"1156\">\u00c9tanch\u00e9it\u00e9 et performance optimales du compresseur d\u2019air.<\/p>\n<\/li>\n<li data-start=\"1159\" data-end=\"1231\">\n<p data-start=\"1161\" data-end=\"1231\">R\u00e9duction des fuites et meilleure durabilit\u00e9 du syst\u00e8me pneumatique.<\/p>\n<\/li>\n<\/ul>\n<\/li>\n<\/ul>","protected":false},"featured_media":9655,"comment_status":"open","ping_status":"closed","template":"","meta":[],"product_brand":[288],"product_cat":[70],"product_tag":[],"class_list":{"0":"post-8919","1":"product","2":"type-product","3":"status-publish","4":"has-post-thumbnail","6":"product_brand-vaden","7":"product_cat-vlv","9":"first","10":"instock","11":"shipping-taxable","12":"product-type-simple"},"yoast_head":"<!-- This site is optimized with the Yoast SEO plugin v25.5 - https:\/\/yoast.com\/wordpress\/plugins\/seo\/ -->\n<title>REF: 1400010100 - TRAKECH PARTS<\/title>\n<meta name=\"robots\" content=\"index, follow, max-snippet:-1, max-image-preview:large, max-video-preview:-1\" \/>\n<link rel=\"canonical\" href=\"https:\/\/trakesh.com\/ar\/notre-boutique\/vlv\/ref-1400010100\/\" \/>\n<meta property=\"og:locale\" content=\"ar_AR\" \/>\n<meta property=\"og:type\" content=\"article\" \/>\n<meta property=\"og:title\" content=\"REF: 1400010100 - TRAKECH PARTS\" \/>\n<meta property=\"og:description\" content=\"Nom : \u00a0Kit de r\u00e9paration du compresseur d\u2019air VOLVO (garnitures + joints + pi\u00e8ces d\u2019\u00e9tanch\u00e9it\u00e9)    Compatibilit\u00e9 : Con\u00e7u pour plusieurs mod\u00e8les VOLVO Trucks (FH, FM, FMX et autres camions lourds \u00e9quip\u00e9s de ce compresseur).    Fonction : Restaure l\u2019\u00e9tanch\u00e9it\u00e9 et la performance du compresseur d\u2019air pour le syst\u00e8me pneumatique.    Applications : Syst\u00e8mes de freinage \u00e0 air comprim\u00e9 et accessoires pneumatiques des camions VOLVO.    Installation : Kit OEM pr\u00eat \u00e0 monter, installation conforme aux proc\u00e9dures constructeur lors de l\u2019entretien du compresseur.    Avantages :     Pi\u00e8ces d\u2019origine VOLVO \/ Vaden garantissant fiabilit\u00e9 et long\u00e9vit\u00e9.    \u00c9tanch\u00e9it\u00e9 et performance optimales du compresseur d\u2019air.    R\u00e9duction des fuites et meilleure durabilit\u00e9 du syst\u00e8me pneumatique.\" \/>\n<meta property=\"og:url\" content=\"https:\/\/trakesh.com\/ar\/notre-boutique\/vlv\/ref-1400010100\/\" \/>\n<meta property=\"og:site_name\" content=\"TRAKECH PARTS\" \/>\n<meta property=\"article:publisher\" content=\"https:\/\/web.facebook.com\/trakechparts\/?locale=fr_FR\" \/>\n<meta property=\"article:modified_time\" content=\"2025-11-22T16:47:02+00:00\" \/>\n<meta property=\"og:image\" content=\"https:\/\/trakesh.com\/wp-content\/uploads\/2025\/09\/MA-2025-11-22T174552.725.png\" \/>\n\t<meta property=\"og:image:width\" content=\"800\" \/>\n\t<meta property=\"og:image:height\" content=\"800\" \/>\n\t<meta property=\"og:image:type\" content=\"image\/png\" \/>\n<meta name=\"twitter:card\" content=\"summary_large_image\" \/>\n<meta name=\"twitter:label1\" content=\"\u0648\u0642\u062a \u0627\u0644\u0642\u0631\u0627\u0621\u0629 \u0627\u0644\u0645\u064f\u0642\u062f\u0651\u0631\" \/>\n\t<meta name=\"twitter:data1\" content=\"\u062f\u0642\u064a\u0642\u0629 \u0648\u0627\u062d\u062f\u0629\" \/>\n<script type=\"application\/ld+json\" class=\"yoast-schema-graph\">{\"@context\":\"https:\/\/schema.org\",\"@graph\":[{\"@type\":\"WebPage\",\"@id\":\"https:\/\/trakesh.com\/notre-boutique\/vlv\/ref-1400010100\/\",\"url\":\"https:\/\/trakesh.com\/notre-boutique\/vlv\/ref-1400010100\/\",\"name\":\"REF: 1400010100 - TRAKECH PARTS\",\"isPartOf\":{\"@id\":\"https:\/\/trakesh.com\/#website\"},\"primaryImageOfPage\":{\"@id\":\"https:\/\/trakesh.com\/notre-boutique\/vlv\/ref-1400010100\/#primaryimage\"},\"image\":{\"@id\":\"https:\/\/trakesh.com\/notre-boutique\/vlv\/ref-1400010100\/#primaryimage\"},\"thumbnailUrl\":\"https:\/\/trakesh.com\/wp-content\/uploads\/2025\/09\/MA-2025-11-22T174552.725.png\",\"datePublished\":\"2025-09-16T14:23:40+00:00\",\"dateModified\":\"2025-11-22T16:47:02+00:00\",\"breadcrumb\":{\"@id\":\"https:\/\/trakesh.com\/notre-boutique\/vlv\/ref-1400010100\/#breadcrumb\"},\"inLanguage\":\"ar\",\"potentialAction\":[{\"@type\":\"ReadAction\",\"target\":[\"https:\/\/trakesh.com\/notre-boutique\/vlv\/ref-1400010100\/\"]}]},{\"@type\":\"ImageObject\",\"inLanguage\":\"ar\",\"@id\":\"https:\/\/trakesh.com\/notre-boutique\/vlv\/ref-1400010100\/#primaryimage\",\"url\":\"https:\/\/trakesh.com\/wp-content\/uploads\/2025\/09\/MA-2025-11-22T174552.725.png\",\"contentUrl\":\"https:\/\/trakesh.com\/wp-content\/uploads\/2025\/09\/MA-2025-11-22T174552.725.png\",\"width\":800,\"height\":800},{\"@type\":\"BreadcrumbList\",\"@id\":\"https:\/\/trakesh.com\/notre-boutique\/vlv\/ref-1400010100\/#breadcrumb\",\"itemListElement\":[{\"@type\":\"ListItem\",\"position\":1,\"name\":\"Home\",\"item\":\"https:\/\/trakesh.com\/\"},{\"@type\":\"ListItem\",\"position\":2,\"name\":\"Notre Boutique\",\"item\":\"https:\/\/trakesh.com\/notre-boutique\/\"},{\"@type\":\"ListItem\",\"position\":3,\"name\":\"REF: 1400010100\"}]},{\"@type\":\"WebSite\",\"@id\":\"https:\/\/trakesh.com\/#website\",\"url\":\"https:\/\/trakesh.com\/\",\"name\":\"TRAKECH PARTS\",\"description\":\"Pi\u00e8ces de rechange pour camions MAN, moteurs CATERPILLAR et PERKINS \u2013 Maroc\",\"publisher\":{\"@id\":\"https:\/\/trakesh.com\/#organization\"},\"potentialAction\":[{\"@type\":\"SearchAction\",\"target\":{\"@type\":\"EntryPoint\",\"urlTemplate\":\"https:\/\/trakesh.com\/?s={search_term_string}\"},\"query-input\":{\"@type\":\"PropertyValueSpecification\",\"valueRequired\":true,\"valueName\":\"search_term_string\"}}],\"inLanguage\":\"ar\"},{\"@type\":\"Organization\",\"@id\":\"https:\/\/trakesh.com\/#organization\",\"name\":\"TRAKECH PARTS\",\"url\":\"https:\/\/trakesh.com\/\",\"logo\":{\"@type\":\"ImageObject\",\"inLanguage\":\"ar\",\"@id\":\"https:\/\/trakesh.com\/#\/schema\/logo\/image\/\",\"url\":\"https:\/\/trakesh.com\/wp-content\/uploads\/2025\/05\/cropped-cropped-cropped-cropped-cropped-cropped-cropped-trakesh-removebg-preview-1.png\",\"contentUrl\":\"https:\/\/trakesh.com\/wp-content\/uploads\/2025\/05\/cropped-cropped-cropped-cropped-cropped-cropped-cropped-trakesh-removebg-preview-1.png\",\"width\":342,\"height\":96,\"caption\":\"TRAKECH PARTS\"},\"image\":{\"@id\":\"https:\/\/trakesh.com\/#\/schema\/logo\/image\/\"},\"sameAs\":[\"https:\/\/web.facebook.com\/trakechparts\/?locale=fr_FR\",\"https:\/\/www.instagram.com\/trakech_parts\/\"]}]}<\/script>\n<!-- \/ Yoast SEO plugin. -->","yoast_head_json":{"title":"REF: 1400010100 - TRAKECH PARTS","robots":{"index":"index","follow":"follow","max-snippet":"max-snippet:-1","max-image-preview":"max-image-preview:large","max-video-preview":"max-video-preview:-1"},"canonical":"https:\/\/trakesh.com\/ar\/notre-boutique\/vlv\/ref-1400010100\/","og_locale":"ar_AR","og_type":"article","og_title":"REF: 1400010100 - TRAKECH PARTS","og_description":"Nom : \u00a0Kit de r\u00e9paration du compresseur d\u2019air VOLVO (garnitures + joints + pi\u00e8ces d\u2019\u00e9tanch\u00e9it\u00e9)    Compatibilit\u00e9 : Con\u00e7u pour plusieurs mod\u00e8les VOLVO Trucks (FH, FM, FMX et autres camions lourds \u00e9quip\u00e9s de ce compresseur).    Fonction : Restaure l\u2019\u00e9tanch\u00e9it\u00e9 et la performance du compresseur d\u2019air pour le syst\u00e8me pneumatique.    Applications : Syst\u00e8mes de freinage \u00e0 air comprim\u00e9 et accessoires pneumatiques des camions VOLVO.    Installation : Kit OEM pr\u00eat \u00e0 monter, installation conforme aux proc\u00e9dures constructeur lors de l\u2019entretien du compresseur.    Avantages :     Pi\u00e8ces d\u2019origine VOLVO \/ Vaden garantissant fiabilit\u00e9 et long\u00e9vit\u00e9.    \u00c9tanch\u00e9it\u00e9 et performance optimales du compresseur d\u2019air.    R\u00e9duction des fuites et meilleure durabilit\u00e9 du syst\u00e8me pneumatique.","og_url":"https:\/\/trakesh.com\/ar\/notre-boutique\/vlv\/ref-1400010100\/","og_site_name":"TRAKECH PARTS","article_publisher":"https:\/\/web.facebook.com\/trakechparts\/?locale=fr_FR","article_modified_time":"2025-11-22T16:47:02+00:00","og_image":[{"width":800,"height":800,"url":"https:\/\/trakesh.com\/wp-content\/uploads\/2025\/09\/MA-2025-11-22T174552.725.png","type":"image\/png"}],"twitter_card":"summary_large_image","twitter_misc":{"\u0648\u0642\u062a \u0627\u0644\u0642\u0631\u0627\u0621\u0629 \u0627\u0644\u0645\u064f\u0642\u062f\u0651\u0631":"\u062f\u0642\u064a\u0642\u0629 \u0648\u0627\u062d\u062f\u0629"},"schema":{"@context":"https:\/\/schema.org","@graph":[{"@type":"WebPage","@id":"https:\/\/trakesh.com\/notre-boutique\/vlv\/ref-1400010100\/","url":"https:\/\/trakesh.com\/notre-boutique\/vlv\/ref-1400010100\/","name":"REF: 1400010100 - TRAKECH PARTS","isPartOf":{"@id":"https:\/\/trakesh.com\/#website"},"primaryImageOfPage":{"@id":"https:\/\/trakesh.com\/notre-boutique\/vlv\/ref-1400010100\/#primaryimage"},"image":{"@id":"https:\/\/trakesh.com\/notre-boutique\/vlv\/ref-1400010100\/#primaryimage"},"thumbnailUrl":"https:\/\/trakesh.com\/wp-content\/uploads\/2025\/09\/MA-2025-11-22T174552.725.png","datePublished":"2025-09-16T14:23:40+00:00","dateModified":"2025-11-22T16:47:02+00:00","breadcrumb":{"@id":"https:\/\/trakesh.com\/notre-boutique\/vlv\/ref-1400010100\/#breadcrumb"},"inLanguage":"ar","potentialAction":[{"@type":"ReadAction","target":["https:\/\/trakesh.com\/notre-boutique\/vlv\/ref-1400010100\/"]}]},{"@type":"ImageObject","inLanguage":"ar","@id":"https:\/\/trakesh.com\/notre-boutique\/vlv\/ref-1400010100\/#primaryimage","url":"https:\/\/trakesh.com\/wp-content\/uploads\/2025\/09\/MA-2025-11-22T174552.725.png","contentUrl":"https:\/\/trakesh.com\/wp-content\/uploads\/2025\/09\/MA-2025-11-22T174552.725.png","width":800,"height":800},{"@type":"BreadcrumbList","@id":"https:\/\/trakesh.com\/notre-boutique\/vlv\/ref-1400010100\/#breadcrumb","itemListElement":[{"@type":"ListItem","position":1,"name":"Home","item":"https:\/\/trakesh.com\/"},{"@type":"ListItem","position":2,"name":"Notre Boutique","item":"https:\/\/trakesh.com\/notre-boutique\/"},{"@type":"ListItem","position":3,"name":"REF: 1400010100"}]},{"@type":"WebSite","@id":"https:\/\/trakesh.com\/#website","url":"https:\/\/trakesh.com\/","name":"TRAKECH PARTS","description":"Pi\u00e8ces de rechange pour camions MAN, moteurs CATERPILLAR et PERKINS \u2013 Maroc","publisher":{"@id":"https:\/\/trakesh.com\/#organization"},"potentialAction":[{"@type":"SearchAction","target":{"@type":"EntryPoint","urlTemplate":"https:\/\/trakesh.com\/?s={search_term_string}"},"query-input":{"@type":"PropertyValueSpecification","valueRequired":true,"valueName":"search_term_string"}}],"inLanguage":"ar"},{"@type":"Organization","@id":"https:\/\/trakesh.com\/#organization","name":"TRAKECH PARTS","url":"https:\/\/trakesh.com\/","logo":{"@type":"ImageObject","inLanguage":"ar","@id":"https:\/\/trakesh.com\/#\/schema\/logo\/image\/","url":"https:\/\/trakesh.com\/wp-content\/uploads\/2025\/05\/cropped-cropped-cropped-cropped-cropped-cropped-cropped-trakesh-removebg-preview-1.png","contentUrl":"https:\/\/trakesh.com\/wp-content\/uploads\/2025\/05\/cropped-cropped-cropped-cropped-cropped-cropped-cropped-trakesh-removebg-preview-1.png","width":342,"height":96,"caption":"TRAKECH PARTS"},"image":{"@id":"https:\/\/trakesh.com\/#\/schema\/logo\/image\/"},"sameAs":["https:\/\/web.facebook.com\/trakechparts\/?locale=fr_FR","https:\/\/www.instagram.com\/trakech_parts\/"]}]}},"_links":{"self":[{"href":"https:\/\/trakesh.com\/ar\/wp-json\/wp\/v2\/product\/8919","targetHints":{"allow":["GET"]}}],"collection":[{"href":"https:\/\/trakesh.com\/ar\/wp-json\/wp\/v2\/product"}],"about":[{"href":"https:\/\/trakesh.com\/ar\/wp-json\/wp\/v2\/types\/product"}],"replies":[{"embeddable":true,"href":"https:\/\/trakesh.com\/ar\/wp-json\/wp\/v2\/comments?post=8919"}],"wp:featuredmedia":[{"embeddable":true,"href":"https:\/\/trakesh.com\/ar\/wp-json\/wp\/v2\/media\/9655"}],"wp:attachment":[{"href":"https:\/\/trakesh.com\/ar\/wp-json\/wp\/v2\/media?parent=8919"}],"wp:term":[{"taxonomy":"product_brand","embeddable":true,"href":"https:\/\/trakesh.com\/ar\/wp-json\/wp\/v2\/product_brand?post=8919"},{"taxonomy":"product_cat","embeddable":true,"href":"https:\/\/trakesh.com\/ar\/wp-json\/wp\/v2\/product_cat?post=8919"},{"taxonomy":"product_tag","embeddable":true,"href":"https:\/\/trakesh.com\/ar\/wp-json\/wp\/v2\/product_tag?post=8919"}],"curies":[{"name":"wp","href":"https:\/\/api.w.org\/{rel}","templated":true}]}}