{"id":9690,"date":"2025-12-17T21:39:41","date_gmt":"2025-12-17T20:39:41","guid":{"rendered":"https:\/\/trakesh.com\/?post_type=product&#038;p=9690"},"modified":"2025-12-17T21:39:41","modified_gmt":"2025-12-17T20:39:41","slug":"ref-991-00095","status":"publish","type":"product","link":"https:\/\/trakesh.com\/ar\/notre-boutique\/jcb\/ref-991-00095\/","title":{"rendered":"REF: 991\/00095"},"content":{"rendered":"<p><strong>Kit de joints pour cylindre hydraulique JCB \u2013 R\u00e9f\u00e9rence 991\/00095, assurant une \u00e9tanch\u00e9it\u00e9 optimale et la performance des syst\u00e8mes hydrauliques<\/strong><\/p>","protected":false},"excerpt":{"rendered":"<p><strong>Kit de joints pour cylindre hydraulique JCB, r\u00e9f\u00e9rence 991\/00095. Ce kit complet est con\u00e7u pour garantir une \u00e9tanch\u00e9it\u00e9 parfaite des cylindres hydrauliques, prot\u00e9geant votre \u00e9quipement contre les fuites et l&rsquo;usure pr\u00e9matur\u00e9e. Compatible avec les mod\u00e8les JCB sp\u00e9cifi\u00e9s, il permet un fonctionnement fiable et une performance optimale du syst\u00e8me hydraulique, assurant ainsi la durabilit\u00e9 et la s\u00e9curit\u00e9 de vos machines<\/strong><\/p>","protected":false},"featured_media":9691,"comment_status":"open","ping_status":"closed","template":"","meta":[],"product_brand":[285],"product_cat":[286],"product_tag":[],"class_list":{"0":"post-9690","1":"product","2":"type-product","3":"status-publish","4":"has-post-thumbnail","6":"product_brand-jcb","7":"product_cat-jcb","9":"first","10":"instock","11":"shipping-taxable","12":"product-type-simple"},"yoast_head":"<!-- This site is optimized with the Yoast SEO plugin v25.5 - https:\/\/yoast.com\/wordpress\/plugins\/seo\/ -->\n<title>REF: 991\/00095 - TRAKECH PARTS<\/title>\n<meta name=\"robots\" content=\"index, follow, max-snippet:-1, max-image-preview:large, max-video-preview:-1\" \/>\n<link rel=\"canonical\" href=\"https:\/\/trakesh.com\/ar\/notre-boutique\/jcb\/ref-991-00095\/\" \/>\n<meta property=\"og:locale\" content=\"ar_AR\" \/>\n<meta property=\"og:type\" content=\"article\" \/>\n<meta property=\"og:title\" content=\"REF: 991\/00095 - TRAKECH PARTS\" \/>\n<meta property=\"og:description\" content=\"Kit de joints pour cylindre hydraulique JCB, r\u00e9f\u00e9rence 991\/00095. Ce kit complet est con\u00e7u pour garantir une \u00e9tanch\u00e9it\u00e9 parfaite des cylindres hydrauliques, prot\u00e9geant votre \u00e9quipement contre les fuites et l&#039;usure pr\u00e9matur\u00e9e. Compatible avec les mod\u00e8les JCB sp\u00e9cifi\u00e9s, il permet un fonctionnement fiable et une performance optimale du syst\u00e8me hydraulique, assurant ainsi la durabilit\u00e9 et la s\u00e9curit\u00e9 de vos machines\" \/>\n<meta property=\"og:url\" content=\"https:\/\/trakesh.com\/ar\/notre-boutique\/jcb\/ref-991-00095\/\" \/>\n<meta property=\"og:site_name\" content=\"TRAKECH PARTS\" \/>\n<meta property=\"article:publisher\" content=\"https:\/\/web.facebook.com\/trakechparts\/?locale=fr_FR\" \/>\n<meta property=\"og:image\" content=\"https:\/\/trakesh.com\/wp-content\/uploads\/2025\/12\/MA-2025-12-17T213748.761.png\" \/>\n\t<meta property=\"og:image:width\" content=\"800\" \/>\n\t<meta property=\"og:image:height\" content=\"800\" \/>\n\t<meta property=\"og:image:type\" content=\"image\/png\" \/>\n<meta name=\"twitter:card\" content=\"summary_large_image\" \/>\n<meta name=\"twitter:label1\" content=\"\u0648\u0642\u062a \u0627\u0644\u0642\u0631\u0627\u0621\u0629 \u0627\u0644\u0645\u064f\u0642\u062f\u0651\u0631\" \/>\n\t<meta name=\"twitter:data1\" content=\"\u062f\u0642\u064a\u0642\u0629 \u0648\u0627\u062d\u062f\u0629\" \/>\n<script type=\"application\/ld+json\" class=\"yoast-schema-graph\">{\"@context\":\"https:\/\/schema.org\",\"@graph\":[{\"@type\":\"WebPage\",\"@id\":\"https:\/\/trakesh.com\/notre-boutique\/jcb\/ref-991-00095\/\",\"url\":\"https:\/\/trakesh.com\/notre-boutique\/jcb\/ref-991-00095\/\",\"name\":\"REF: 991\/00095 - TRAKECH PARTS\",\"isPartOf\":{\"@id\":\"https:\/\/trakesh.com\/#website\"},\"primaryImageOfPage\":{\"@id\":\"https:\/\/trakesh.com\/notre-boutique\/jcb\/ref-991-00095\/#primaryimage\"},\"image\":{\"@id\":\"https:\/\/trakesh.com\/notre-boutique\/jcb\/ref-991-00095\/#primaryimage\"},\"thumbnailUrl\":\"https:\/\/trakesh.com\/wp-content\/uploads\/2025\/12\/MA-2025-12-17T213748.761.png\",\"datePublished\":\"2025-12-17T20:39:41+00:00\",\"breadcrumb\":{\"@id\":\"https:\/\/trakesh.com\/notre-boutique\/jcb\/ref-991-00095\/#breadcrumb\"},\"inLanguage\":\"ar\",\"potentialAction\":[{\"@type\":\"ReadAction\",\"target\":[\"https:\/\/trakesh.com\/notre-boutique\/jcb\/ref-991-00095\/\"]}]},{\"@type\":\"ImageObject\",\"inLanguage\":\"ar\",\"@id\":\"https:\/\/trakesh.com\/notre-boutique\/jcb\/ref-991-00095\/#primaryimage\",\"url\":\"https:\/\/trakesh.com\/wp-content\/uploads\/2025\/12\/MA-2025-12-17T213748.761.png\",\"contentUrl\":\"https:\/\/trakesh.com\/wp-content\/uploads\/2025\/12\/MA-2025-12-17T213748.761.png\",\"width\":800,\"height\":800},{\"@type\":\"BreadcrumbList\",\"@id\":\"https:\/\/trakesh.com\/notre-boutique\/jcb\/ref-991-00095\/#breadcrumb\",\"itemListElement\":[{\"@type\":\"ListItem\",\"position\":1,\"name\":\"Home\",\"item\":\"https:\/\/trakesh.com\/\"},{\"@type\":\"ListItem\",\"position\":2,\"name\":\"Notre Boutique\",\"item\":\"https:\/\/trakesh.com\/notre-boutique\/\"},{\"@type\":\"ListItem\",\"position\":3,\"name\":\"REF: 991\/00095\"}]},{\"@type\":\"WebSite\",\"@id\":\"https:\/\/trakesh.com\/#website\",\"url\":\"https:\/\/trakesh.com\/\",\"name\":\"TRAKECH PARTS\",\"description\":\"Pi\u00e8ces de rechange pour camions MAN, moteurs CATERPILLAR et PERKINS \u2013 Maroc\",\"publisher\":{\"@id\":\"https:\/\/trakesh.com\/#organization\"},\"potentialAction\":[{\"@type\":\"SearchAction\",\"target\":{\"@type\":\"EntryPoint\",\"urlTemplate\":\"https:\/\/trakesh.com\/?s={search_term_string}\"},\"query-input\":{\"@type\":\"PropertyValueSpecification\",\"valueRequired\":true,\"valueName\":\"search_term_string\"}}],\"inLanguage\":\"ar\"},{\"@type\":\"Organization\",\"@id\":\"https:\/\/trakesh.com\/#organization\",\"name\":\"TRAKECH PARTS\",\"url\":\"https:\/\/trakesh.com\/\",\"logo\":{\"@type\":\"ImageObject\",\"inLanguage\":\"ar\",\"@id\":\"https:\/\/trakesh.com\/#\/schema\/logo\/image\/\",\"url\":\"https:\/\/trakesh.com\/wp-content\/uploads\/2025\/05\/cropped-cropped-cropped-cropped-cropped-cropped-cropped-trakesh-removebg-preview-1.png\",\"contentUrl\":\"https:\/\/trakesh.com\/wp-content\/uploads\/2025\/05\/cropped-cropped-cropped-cropped-cropped-cropped-cropped-trakesh-removebg-preview-1.png\",\"width\":342,\"height\":96,\"caption\":\"TRAKECH PARTS\"},\"image\":{\"@id\":\"https:\/\/trakesh.com\/#\/schema\/logo\/image\/\"},\"sameAs\":[\"https:\/\/web.facebook.com\/trakechparts\/?locale=fr_FR\",\"https:\/\/www.instagram.com\/trakech_parts\/\"]}]}<\/script>\n<!-- \/ Yoast SEO plugin. -->","yoast_head_json":{"title":"REF: 991\/00095 - TRAKECH PARTS","robots":{"index":"index","follow":"follow","max-snippet":"max-snippet:-1","max-image-preview":"max-image-preview:large","max-video-preview":"max-video-preview:-1"},"canonical":"https:\/\/trakesh.com\/ar\/notre-boutique\/jcb\/ref-991-00095\/","og_locale":"ar_AR","og_type":"article","og_title":"REF: 991\/00095 - TRAKECH PARTS","og_description":"Kit de joints pour cylindre hydraulique JCB, r\u00e9f\u00e9rence 991\/00095. Ce kit complet est con\u00e7u pour garantir une \u00e9tanch\u00e9it\u00e9 parfaite des cylindres hydrauliques, prot\u00e9geant votre \u00e9quipement contre les fuites et l'usure pr\u00e9matur\u00e9e. Compatible avec les mod\u00e8les JCB sp\u00e9cifi\u00e9s, il permet un fonctionnement fiable et une performance optimale du syst\u00e8me hydraulique, assurant ainsi la durabilit\u00e9 et la s\u00e9curit\u00e9 de vos machines","og_url":"https:\/\/trakesh.com\/ar\/notre-boutique\/jcb\/ref-991-00095\/","og_site_name":"TRAKECH PARTS","article_publisher":"https:\/\/web.facebook.com\/trakechparts\/?locale=fr_FR","og_image":[{"width":800,"height":800,"url":"https:\/\/trakesh.com\/wp-content\/uploads\/2025\/12\/MA-2025-12-17T213748.761.png","type":"image\/png"}],"twitter_card":"summary_large_image","twitter_misc":{"\u0648\u0642\u062a \u0627\u0644\u0642\u0631\u0627\u0621\u0629 \u0627\u0644\u0645\u064f\u0642\u062f\u0651\u0631":"\u062f\u0642\u064a\u0642\u0629 \u0648\u0627\u062d\u062f\u0629"},"schema":{"@context":"https:\/\/schema.org","@graph":[{"@type":"WebPage","@id":"https:\/\/trakesh.com\/notre-boutique\/jcb\/ref-991-00095\/","url":"https:\/\/trakesh.com\/notre-boutique\/jcb\/ref-991-00095\/","name":"REF: 991\/00095 - TRAKECH PARTS","isPartOf":{"@id":"https:\/\/trakesh.com\/#website"},"primaryImageOfPage":{"@id":"https:\/\/trakesh.com\/notre-boutique\/jcb\/ref-991-00095\/#primaryimage"},"image":{"@id":"https:\/\/trakesh.com\/notre-boutique\/jcb\/ref-991-00095\/#primaryimage"},"thumbnailUrl":"https:\/\/trakesh.com\/wp-content\/uploads\/2025\/12\/MA-2025-12-17T213748.761.png","datePublished":"2025-12-17T20:39:41+00:00","breadcrumb":{"@id":"https:\/\/trakesh.com\/notre-boutique\/jcb\/ref-991-00095\/#breadcrumb"},"inLanguage":"ar","potentialAction":[{"@type":"ReadAction","target":["https:\/\/trakesh.com\/notre-boutique\/jcb\/ref-991-00095\/"]}]},{"@type":"ImageObject","inLanguage":"ar","@id":"https:\/\/trakesh.com\/notre-boutique\/jcb\/ref-991-00095\/#primaryimage","url":"https:\/\/trakesh.com\/wp-content\/uploads\/2025\/12\/MA-2025-12-17T213748.761.png","contentUrl":"https:\/\/trakesh.com\/wp-content\/uploads\/2025\/12\/MA-2025-12-17T213748.761.png","width":800,"height":800},{"@type":"BreadcrumbList","@id":"https:\/\/trakesh.com\/notre-boutique\/jcb\/ref-991-00095\/#breadcrumb","itemListElement":[{"@type":"ListItem","position":1,"name":"Home","item":"https:\/\/trakesh.com\/"},{"@type":"ListItem","position":2,"name":"Notre Boutique","item":"https:\/\/trakesh.com\/notre-boutique\/"},{"@type":"ListItem","position":3,"name":"REF: 991\/00095"}]},{"@type":"WebSite","@id":"https:\/\/trakesh.com\/#website","url":"https:\/\/trakesh.com\/","name":"TRAKECH PARTS","description":"Pi\u00e8ces de rechange pour camions MAN, moteurs CATERPILLAR et PERKINS \u2013 Maroc","publisher":{"@id":"https:\/\/trakesh.com\/#organization"},"potentialAction":[{"@type":"SearchAction","target":{"@type":"EntryPoint","urlTemplate":"https:\/\/trakesh.com\/?s={search_term_string}"},"query-input":{"@type":"PropertyValueSpecification","valueRequired":true,"valueName":"search_term_string"}}],"inLanguage":"ar"},{"@type":"Organization","@id":"https:\/\/trakesh.com\/#organization","name":"TRAKECH PARTS","url":"https:\/\/trakesh.com\/","logo":{"@type":"ImageObject","inLanguage":"ar","@id":"https:\/\/trakesh.com\/#\/schema\/logo\/image\/","url":"https:\/\/trakesh.com\/wp-content\/uploads\/2025\/05\/cropped-cropped-cropped-cropped-cropped-cropped-cropped-trakesh-removebg-preview-1.png","contentUrl":"https:\/\/trakesh.com\/wp-content\/uploads\/2025\/05\/cropped-cropped-cropped-cropped-cropped-cropped-cropped-trakesh-removebg-preview-1.png","width":342,"height":96,"caption":"TRAKECH PARTS"},"image":{"@id":"https:\/\/trakesh.com\/#\/schema\/logo\/image\/"},"sameAs":["https:\/\/web.facebook.com\/trakechparts\/?locale=fr_FR","https:\/\/www.instagram.com\/trakech_parts\/"]}]}},"_links":{"self":[{"href":"https:\/\/trakesh.com\/ar\/wp-json\/wp\/v2\/product\/9690","targetHints":{"allow":["GET"]}}],"collection":[{"href":"https:\/\/trakesh.com\/ar\/wp-json\/wp\/v2\/product"}],"about":[{"href":"https:\/\/trakesh.com\/ar\/wp-json\/wp\/v2\/types\/product"}],"replies":[{"embeddable":true,"href":"https:\/\/trakesh.com\/ar\/wp-json\/wp\/v2\/comments?post=9690"}],"wp:featuredmedia":[{"embeddable":true,"href":"https:\/\/trakesh.com\/ar\/wp-json\/wp\/v2\/media\/9691"}],"wp:attachment":[{"href":"https:\/\/trakesh.com\/ar\/wp-json\/wp\/v2\/media?parent=9690"}],"wp:term":[{"taxonomy":"product_brand","embeddable":true,"href":"https:\/\/trakesh.com\/ar\/wp-json\/wp\/v2\/product_brand?post=9690"},{"taxonomy":"product_cat","embeddable":true,"href":"https:\/\/trakesh.com\/ar\/wp-json\/wp\/v2\/product_cat?post=9690"},{"taxonomy":"product_tag","embeddable":true,"href":"https:\/\/trakesh.com\/ar\/wp-json\/wp\/v2\/product_tag?post=9690"}],"curies":[{"name":"wp","href":"https:\/\/api.w.org\/{rel}","templated":true}]}}